{"id":203793,"date":"2022-10-20T09:55:28","date_gmt":"2022-10-20T07:55:28","guid":{"rendered":"http:\/\/dev.claret.cat\/producte\/arroces\/"},"modified":"2023-01-28T08:31:16","modified_gmt":"2023-01-28T07:31:16","slug":"arroces-9788416918003","status":"publish","type":"product","link":"https:\/\/www.claret.cat\/es\/libro\/arroces-9788416918003\/","title":{"rendered":"ARROCES"},"content":{"rendered":"<p>\u00bfSabes d\u00f3nde naci\u00f3 el arroz? \u00bfQu\u00e9 vinculaci\u00f3n tiene con Alejandro Magno? \u00bfCu\u00e1ndo lleg\u00f3 al Mediterr\u00e1neo y qu\u00e9 evoluci\u00f3n ha tenido en estas tierras? \u00bfCu\u00e1ndo aterriz\u00f3 en el continente americano? \u00bfC\u00f3mo lo han utilizado diferentes civilizaciones? \u00bfQu\u00e9 variedades hay? \u00bfQu\u00e9 bagaje social, cultural y culinario posee?  En este libro, toda una biblia de los arroces, encontrar\u00e1s las respuestas, as\u00ed como una cuarentena de recetas que se elaboran en nuestro pa\u00eds, algunas cedidas por chefs de renombre, con un peque\u00f1o homenaje a la paella valenciana.<\/p>\n","protected":false},"excerpt":{"rendered":"<p>MARQU\u00c8S ADELANTADO, QUIM<\/p>\n","protected":false},"featured_media":317389,"template":"","meta":{"_acf_changed":false,"om_disable_all_campaigns":false,"rs_blank_template":"","rs_page_bg_color":"","slide_template_v7":"","inline_featured_image":false,"_monsterinsights_skip_tracking":false,"_monsterinsights_sitenote_active":false,"_monsterinsights_sitenote_note":"","_monsterinsights_sitenote_category":0},"product_brand":[],"product_cat":[553,103],"product_tag":[],"class_list":{"0":"post-203793","1":"product","2":"type-product","3":"status-publish","4":"has-post-thumbnail","6":"product_cat-cocina","7":"product_cat-cuina","9":"first","10":"instock","11":"taxable","12":"shipping-taxable","13":"purchasable","14":"product-type-simple"},"acf":{"autor":"MARQU\u00c8S ADELANTADO, QUIM","codart":"841691800","libros-coleccion":"FORA DE COL.LECCI\u00d3","ediciones":"1","encuadernacion":"R\u00fastica","fecha_de_publicacion":"01\/09\/2017","novedad":"1","paginas":"144","subtitulo":"OR\u00cdGENES, CURIOSIDADES Y RECETAS","orden":"0","portada":"0","idioma":"spa","editorial":[{"ID":148408,"post_author":"3","post_date":"2022-10-14 11:58:01","post_date_gmt":"2022-10-14 09:58:01","post_content":"","post_title":"Lectio Ediciones","post_excerpt":"","post_status":"publish","comment_status":"closed","ping_status":"closed","post_password":"","post_name":"lectio-ediciones","to_ping":"","pinged":"","post_modified":"2022-10-14 11:58:01","post_modified_gmt":"2022-10-14 09:58:01","post_content_filtered":"","post_parent":0,"guid":"http:\/\/dev.claret.cat\/editorial\/lectio-ediciones\/","menu_order":0,"post_type":"editorial","post_mime_type":"","comment_count":"0","filter":"raw"}],"autores-libros":[{"ID":317388,"post_author":"3","post_date":"2023-01-02 20:08:24","post_date_gmt":"2023-01-02 19:08:24","post_content":"","post_title":"QUIM MARQU\u00c8S ADELANTADO","post_excerpt":"","post_status":"publish","comment_status":"closed","ping_status":"closed","post_password":"","post_name":"quim-marques-adelantado","to_ping":"","pinged":"","post_modified":"2023-01-02 20:08:24","post_modified_gmt":"2023-01-02 19:08:24","post_content_filtered":"","post_parent":0,"guid":"https:\/\/www.claret.cat\/autor\/quim-marques-adelantado\/","menu_order":0,"post_type":"autor","post_mime_type":"","comment_count":"0","filter":"raw"}]},"aioseo_notices":[],"_links":{"self":[{"href":"https:\/\/www.claret.cat\/es\/wp-json\/wp\/v2\/product\/203793","targetHints":{"allow":["GET"]}}],"collection":[{"href":"https:\/\/www.claret.cat\/es\/wp-json\/wp\/v2\/product"}],"about":[{"href":"https:\/\/www.claret.cat\/es\/wp-json\/wp\/v2\/types\/product"}],"wp:featuredmedia":[{"embeddable":true,"href":"https:\/\/www.claret.cat\/es\/wp-json\/wp\/v2\/media\/317389"}],"wp:attachment":[{"href":"https:\/\/www.claret.cat\/es\/wp-json\/wp\/v2\/media?parent=203793"}],"wp:term":[{"taxonomy":"product_brand","embeddable":true,"href":"https:\/\/www.claret.cat\/es\/wp-json\/wp\/v2\/product_brand?post=203793"},{"taxonomy":"product_cat","embeddable":true,"href":"https:\/\/www.claret.cat\/es\/wp-json\/wp\/v2\/product_cat?post=203793"},{"taxonomy":"product_tag","embeddable":true,"href":"https:\/\/www.claret.cat\/es\/wp-json\/wp\/v2\/product_tag?post=203793"}],"curies":[{"name":"wp","href":"https:\/\/api.w.org\/{rel}","templated":true}]}}