{"id":203916,"date":"2022-10-20T09:57:33","date_gmt":"2022-10-20T07:57:33","guid":{"rendered":"http:\/\/dev.claret.cat\/producte\/cuentos-de-colores-de-animales\/"},"modified":"2023-01-28T15:44:01","modified_gmt":"2023-01-28T14:44:01","slug":"cuentos-de-colores-de-animales-9788469622889","status":"publish","type":"product","link":"https:\/\/www.claret.cat\/es\/libro\/cuentos-de-colores-de-animales-9788469622889\/","title":{"rendered":"CUENTOS DE COLORES DE ANIMALES"},"content":{"rendered":"<p>Este original libro re\u00fane, adem\u00e1s de tus cuentos de animales favoritos (Los tres cerditos, La ratita presumida y El patito feo), las historias de los personajes malos que aparecen en estos cuentos. Adem\u00e1s, incluye un mont\u00f3n de divertidos y variados pictogramas que te har\u00e1n disfrutar m\u00e1s de la lectura.<\/p>\n","protected":false},"excerpt":{"rendered":"<p>L\u00d3PEZ NARV\u00c1EZ, CONCHA \/ LALANA, FERNANDO<\/p>\n","protected":false},"featured_media":203917,"template":"","meta":{"_acf_changed":false,"om_disable_all_campaigns":false,"rs_blank_template":"","rs_page_bg_color":"","slide_template_v7":"","inline_featured_image":false,"_monsterinsights_skip_tracking":false,"_monsterinsights_sitenote_active":false,"_monsterinsights_sitenote_note":"","_monsterinsights_sitenote_category":0},"product_brand":[],"product_cat":[16],"product_tag":[],"class_list":{"0":"post-203916","1":"product","2":"type-product","3":"status-publish","4":"has-post-thumbnail","6":"product_cat-sense-categoria","8":"first","9":"instock","10":"taxable","11":"shipping-taxable","12":"purchasable","13":"product-type-simple"},"acf":{"autor":"L\u00d3PEZ NARV\u00c1EZ, CONCHA \/ LALANA, FERNANDO","codart":"846962288","libros-coleccion":"SUSHI BOOKS","ediciones":"1","encuadernacion":"Carton\u00e9","fecha_de_publicacion":"01\/09\/2017","novedad":"1","paginas":"175","subtitulo":"","orden":"0","portada":"0","idioma":"spa","editorial":[{"ID":147936,"post_author":"3","post_date":"2022-10-14 11:54:22","post_date_gmt":"2022-10-14 09:54:22","post_content":"","post_title":"Editorial Bru\u00f1o","post_excerpt":"","post_status":"publish","comment_status":"closed","ping_status":"closed","post_password":"","post_name":"editorial-bruno","to_ping":"","pinged":"","post_modified":"2022-10-14 11:54:22","post_modified_gmt":"2022-10-14 09:54:22","post_content_filtered":"","post_parent":0,"guid":"http:\/\/dev.claret.cat\/editorial\/editorial-bruno\/","menu_order":0,"post_type":"editorial","post_mime_type":"","comment_count":"0","filter":"raw"}],"autores-libros":[{"ID":153195,"post_author":"3","post_date":"2022-10-14 14:54:49","post_date_gmt":"2022-10-14 12:54:49","post_content":"","post_title":"CONCHA LOPEZ NARVAEZ","post_excerpt":"","post_status":"publish","comment_status":"closed","ping_status":"closed","post_password":"","post_name":"concha-lopez-narvaez","to_ping":"","pinged":"","post_modified":"2022-10-14 14:54:49","post_modified_gmt":"2022-10-14 12:54:49","post_content_filtered":"","post_parent":0,"guid":"http:\/\/dev.claret.cat\/autor\/concha-lopez-narvaez\/","menu_order":0,"post_type":"autor","post_mime_type":"","comment_count":"0","filter":"raw"}]},"aioseo_notices":[],"_links":{"self":[{"href":"https:\/\/www.claret.cat\/es\/wp-json\/wp\/v2\/product\/203916","targetHints":{"allow":["GET"]}}],"collection":[{"href":"https:\/\/www.claret.cat\/es\/wp-json\/wp\/v2\/product"}],"about":[{"href":"https:\/\/www.claret.cat\/es\/wp-json\/wp\/v2\/types\/product"}],"wp:featuredmedia":[{"embeddable":true,"href":"https:\/\/www.claret.cat\/es\/wp-json\/wp\/v2\/media\/203917"}],"wp:attachment":[{"href":"https:\/\/www.claret.cat\/es\/wp-json\/wp\/v2\/media?parent=203916"}],"wp:term":[{"taxonomy":"product_brand","embeddable":true,"href":"https:\/\/www.claret.cat\/es\/wp-json\/wp\/v2\/product_brand?post=203916"},{"taxonomy":"product_cat","embeddable":true,"href":"https:\/\/www.claret.cat\/es\/wp-json\/wp\/v2\/product_cat?post=203916"},{"taxonomy":"product_tag","embeddable":true,"href":"https:\/\/www.claret.cat\/es\/wp-json\/wp\/v2\/product_tag?post=203916"}],"curies":[{"name":"wp","href":"https:\/\/api.w.org\/{rel}","templated":true}]}}