{"id":203985,"date":"2022-10-20T09:58:45","date_gmt":"2022-10-20T07:58:45","guid":{"rendered":"http:\/\/dev.claret.cat\/producte\/historia-del-arte-para-ninos\/"},"modified":"2023-01-28T06:45:25","modified_gmt":"2023-01-28T05:45:25","slug":"historia-del-arte-para-ninos-9788497868365","status":"publish","type":"product","link":"https:\/\/www.claret.cat\/es\/libro\/historia-del-arte-para-ninos-9788497868365\/","title":{"rendered":"HISTORIA DEL ARTE PARA NI\u00d1OS"},"content":{"rendered":"<p>Aprender\u00e1n las t\u00e9cnicas art\u00edsticas y podr\u00e1n crear sus primeras obras maestras. Desde la prehistoria hasta el pop art, pasando por Leonardo da Vinci y los impresionistas.<\/p>\n","protected":false},"excerpt":{"rendered":"<p>BARSOTTI, ELEONORA<\/p>\n","protected":false},"featured_media":203986,"template":"","meta":{"_acf_changed":false,"om_disable_all_campaigns":false,"rs_blank_template":"","rs_page_bg_color":"","slide_template_v7":"","inline_featured_image":false,"_monsterinsights_skip_tracking":false,"_monsterinsights_sitenote_active":false,"_monsterinsights_sitenote_note":"","_monsterinsights_sitenote_category":0},"product_brand":[],"product_cat":[86,101],"product_tag":[],"class_list":{"0":"post-203985","1":"product","2":"type-product","3":"status-publish","4":"has-post-thumbnail","6":"product_cat-infantil","7":"product_cat-manualitats","9":"first","10":"instock","11":"taxable","12":"shipping-taxable","13":"purchasable","14":"product-type-simple"},"acf":{"autor":"BARSOTTI, ELEONORA","codart":"849786836","libros-coleccion":"","ediciones":"1","encuadernacion":"Carton\u00e9","fecha_de_publicacion":"01\/09\/2017","novedad":"1","paginas":"47","subtitulo":"","orden":"0","portada":"0","idioma":"spa","editorial":[{"ID":148122,"post_author":"3","post_date":"2022-10-14 11:55:48","post_date_gmt":"2022-10-14 09:55:48","post_content":"","post_title":"ESTUDIO DID\u00c1CTICO","post_excerpt":"","post_status":"publish","comment_status":"closed","ping_status":"closed","post_password":"","post_name":"estudio-didactico","to_ping":"","pinged":"","post_modified":"2022-10-14 11:55:48","post_modified_gmt":"2022-10-14 09:55:48","post_content_filtered":"","post_parent":0,"guid":"http:\/\/dev.claret.cat\/editorial\/estudio-didactico\/","menu_order":0,"post_type":"editorial","post_mime_type":"","comment_count":"0","filter":"raw"}],"autores-libros":[{"ID":154758,"post_author":"3","post_date":"2022-10-14 15:07:24","post_date_gmt":"2022-10-14 13:07:24","post_content":"","post_title":"ELEONORA BARSOTTI","post_excerpt":"","post_status":"publish","comment_status":"closed","ping_status":"closed","post_password":"","post_name":"eleonora-barsotti","to_ping":"","pinged":"","post_modified":"2022-10-14 15:07:24","post_modified_gmt":"2022-10-14 13:07:24","post_content_filtered":"","post_parent":0,"guid":"http:\/\/dev.claret.cat\/autor\/eleonora-barsotti\/","menu_order":0,"post_type":"autor","post_mime_type":"","comment_count":"0","filter":"raw"}]},"aioseo_notices":[],"_links":{"self":[{"href":"https:\/\/www.claret.cat\/es\/wp-json\/wp\/v2\/product\/203985","targetHints":{"allow":["GET"]}}],"collection":[{"href":"https:\/\/www.claret.cat\/es\/wp-json\/wp\/v2\/product"}],"about":[{"href":"https:\/\/www.claret.cat\/es\/wp-json\/wp\/v2\/types\/product"}],"wp:featuredmedia":[{"embeddable":true,"href":"https:\/\/www.claret.cat\/es\/wp-json\/wp\/v2\/media\/203986"}],"wp:attachment":[{"href":"https:\/\/www.claret.cat\/es\/wp-json\/wp\/v2\/media?parent=203985"}],"wp:term":[{"taxonomy":"product_brand","embeddable":true,"href":"https:\/\/www.claret.cat\/es\/wp-json\/wp\/v2\/product_brand?post=203985"},{"taxonomy":"product_cat","embeddable":true,"href":"https:\/\/www.claret.cat\/es\/wp-json\/wp\/v2\/product_cat?post=203985"},{"taxonomy":"product_tag","embeddable":true,"href":"https:\/\/www.claret.cat\/es\/wp-json\/wp\/v2\/product_tag?post=203985"}],"curies":[{"name":"wp","href":"https:\/\/api.w.org\/{rel}","templated":true}]}}