{"id":204054,"date":"2022-10-20T09:59:52","date_gmt":"2022-10-20T07:59:52","guid":{"rendered":"http:\/\/dev.claret.cat\/producte\/archivos-estelares\/"},"modified":"2023-01-28T16:40:08","modified_gmt":"2023-01-28T15:40:08","slug":"archivos-estelares-9788416880355","status":"publish","type":"product","link":"https:\/\/www.claret.cat\/es\/libro\/archivos-estelares-9788416880355\/","title":{"rendered":"ARCHIVOS ESTELARES"},"content":{"rendered":"<p>Poseedora de un trazo rotundo e inconfundible y una gran habilidad para retratar las alegr\u00edas y miserias del g\u00e9nero humano, Flavita Banana lleva varios a\u00f1os haci\u00e9ndonos llegar sus vi\u00f1etas a trav\u00e9s de las redes sociales y colaborando con medios como Smoda, Orgullo y Satisfacci\u00f3n o Mongolia. En Archivos estelares recopilamos por primera vez sus vi\u00f1etas m\u00e1s populares, a lo largo de un volumen de m\u00e1s de 200 p\u00e1ginas. \u201cPoca gente sabe mezclar amor y humor de una forma tan enrevesada y directa\u201d, comenta Miguel Gallardo en el texto que sirve como pr\u00f3logo al libro. \u201cA pesar de todo el cinismo que destila, deja ver un coraz\u00f3n as\u00ed de grande, que se encari\u00f1a con esas mujeres de pelo alborotado y esos hombres at\u00f3nitos\u201d.<\/p>\n","protected":false},"excerpt":{"rendered":"<p>FLAVITA BANANA<\/p>\n","protected":false},"featured_media":204055,"template":"","meta":{"_acf_changed":false,"om_disable_all_campaigns":false,"rs_blank_template":"","rs_page_bg_color":"","slide_template_v7":"","inline_featured_image":false,"_monsterinsights_skip_tracking":false,"_monsterinsights_sitenote_active":false,"_monsterinsights_sitenote_note":"","_monsterinsights_sitenote_category":0},"product_brand":[],"product_cat":[108],"product_tag":[],"class_list":{"0":"post-204054","1":"product","2":"type-product","3":"status-publish","4":"has-post-thumbnail","6":"product_cat-comic","8":"first","9":"instock","10":"taxable","11":"shipping-taxable","12":"purchasable","13":"product-type-simple"},"acf":{"autor":"FLAVITA BANANA","codart":"841688035","libros-coleccion":"SUSHI BOOKS","ediciones":"1","encuadernacion":"Carton\u00e9","fecha_de_publicacion":"01\/09\/2017","novedad":"1","paginas":"208","subtitulo":"","orden":"0","portada":"0","idioma":"spa","editorial":[{"ID":147493,"post_author":"3","post_date":"2022-10-14 11:51:00","post_date_gmt":"2022-10-14 09:51:00","post_content":"","post_title":"ASTIBERRI","post_excerpt":"","post_status":"publish","comment_status":"closed","ping_status":"closed","post_password":"","post_name":"astiberri","to_ping":"","pinged":"","post_modified":"2022-10-14 11:51:00","post_modified_gmt":"2022-10-14 09:51:00","post_content_filtered":"","post_parent":0,"guid":"http:\/\/dev.claret.cat\/editorial\/astiberri\/","menu_order":0,"post_type":"editorial","post_mime_type":"","comment_count":"0","filter":"raw"}],"autores-libros":[{"ID":155982,"post_author":"3","post_date":"2022-10-14 15:17:10","post_date_gmt":"2022-10-14 13:17:10","post_content":"","post_title":"FLAVITA BANANA","post_excerpt":"","post_status":"publish","comment_status":"closed","ping_status":"closed","post_password":"","post_name":"flavita-banana-2","to_ping":"","pinged":"","post_modified":"2022-10-14 15:17:10","post_modified_gmt":"2022-10-14 13:17:10","post_content_filtered":"","post_parent":0,"guid":"http:\/\/dev.claret.cat\/autor\/flavita-banana-2\/","menu_order":0,"post_type":"autor","post_mime_type":"","comment_count":"0","filter":"raw"}]},"aioseo_notices":[],"_links":{"self":[{"href":"https:\/\/www.claret.cat\/es\/wp-json\/wp\/v2\/product\/204054","targetHints":{"allow":["GET"]}}],"collection":[{"href":"https:\/\/www.claret.cat\/es\/wp-json\/wp\/v2\/product"}],"about":[{"href":"https:\/\/www.claret.cat\/es\/wp-json\/wp\/v2\/types\/product"}],"wp:featuredmedia":[{"embeddable":true,"href":"https:\/\/www.claret.cat\/es\/wp-json\/wp\/v2\/media\/204055"}],"wp:attachment":[{"href":"https:\/\/www.claret.cat\/es\/wp-json\/wp\/v2\/media?parent=204054"}],"wp:term":[{"taxonomy":"product_brand","embeddable":true,"href":"https:\/\/www.claret.cat\/es\/wp-json\/wp\/v2\/product_brand?post=204054"},{"taxonomy":"product_cat","embeddable":true,"href":"https:\/\/www.claret.cat\/es\/wp-json\/wp\/v2\/product_cat?post=204054"},{"taxonomy":"product_tag","embeddable":true,"href":"https:\/\/www.claret.cat\/es\/wp-json\/wp\/v2\/product_tag?post=204054"}],"curies":[{"name":"wp","href":"https:\/\/api.w.org\/{rel}","templated":true}]}}