{"id":204111,"date":"2022-10-20T10:00:52","date_gmt":"2022-10-20T08:00:52","guid":{"rendered":"http:\/\/dev.claret.cat\/producte\/mientras-embalo-mi-biblioteca\/"},"modified":"2023-01-28T14:47:31","modified_gmt":"2023-01-28T13:47:31","slug":"mientras-embalo-mi-biblioteca-9788491048695","status":"publish","type":"product","link":"https:\/\/www.claret.cat\/es\/libro\/mientras-embalo-mi-biblioteca-9788491048695\/","title":{"rendered":"MIENTRAS EMBALO MI BIBLIOTECA"},"content":{"rendered":"<p>Cuando a comienzos de este siglo Alberto Manguel instal\u00f3 su biblioteca en un viejo presbiterio del Valle del Loira, sinti\u00f3 finalmente que, al igual que sus libros, hab\u00eda hallado su lugar en el mundo. Pero la vida le desdijo y su biblioteca est\u00e1 ahora guardada en cajas en un dep\u00f3sito en Canad\u00e1.<br \/> Eco inverso del breve ensayo de Walter Benjamin,  &quot; Mientras embalo mi biblioteca &quot;  es casi un manifiesto, un gesto de rebeld\u00eda frente a la amenaza de olvido que supone vaciar los estantes. En esta eleg\u00eda (acompa\u00f1ada de diez digresiones), Manguel reivindica con lucidez y sabidur\u00eda la biblioteca que sigue existiendo en la mente del lector, el poder de la palabra y los juegos de asociaciones y recuerdos que los libros, aun encerrados, producen. Una biblioteca, dice Manguel, es una autobiograf\u00eda de muchas capas: esa es la noci\u00f3n que explora este nuevo texto del autor, Premio Formentor 2017, quien tanto ha contribuido, a lo largo de todos sus escritos, al placer de la lectura.<\/p>\n","protected":false},"excerpt":{"rendered":"<p>MANGUEL, ALBERTO<\/p>\n","protected":false},"featured_media":204112,"template":"","meta":{"_acf_changed":false,"om_disable_all_campaigns":false,"rs_blank_template":"","rs_page_bg_color":"","slide_template_v7":"","inline_featured_image":false,"_monsterinsights_skip_tracking":false,"_monsterinsights_sitenote_active":false,"_monsterinsights_sitenote_note":"","_monsterinsights_sitenote_category":0},"product_brand":[],"product_cat":[87],"product_tag":[],"class_list":{"0":"post-204111","1":"product","2":"type-product","3":"status-publish","4":"has-post-thumbnail","6":"product_cat-literatura","8":"first","9":"instock","10":"taxable","11":"shipping-taxable","12":"purchasable","13":"product-type-simple"},"acf":{"autor":"MANGUEL, ALBERTO","codart":"849104869","libros-coleccion":"SUSHI BOOKS","ediciones":"1","encuadernacion":"Carton\u00e9","fecha_de_publicacion":"01\/09\/2017","novedad":"1","paginas":"208","subtitulo":"UNA ELEG\u00cdA Y DIEZ DIGRESIONES","orden":"0","portada":"0","idioma":"spa","editorial":[{"ID":6119,"post_author":"3","post_date":"2022-07-28 17:45:18","post_date_gmt":"2022-07-28 15:45:18","post_content":"","post_title":"Alianza Editorial","post_excerpt":"","post_status":"publish","comment_status":"closed","ping_status":"closed","post_password":"","post_name":"alianza-editorial","to_ping":"","pinged":"","post_modified":"2022-07-28 17:45:18","post_modified_gmt":"2022-07-28 15:45:18","post_content_filtered":"","post_parent":0,"guid":"http:\/\/dev.claret.cat\/editorial\/alianza-editorial\/","menu_order":0,"post_type":"editorial","post_mime_type":"","comment_count":"0","filter":"raw"}],"autores-libros":[{"ID":149503,"post_author":"3","post_date":"2022-10-14 14:25:23","post_date_gmt":"2022-10-14 12:25:23","post_content":"","post_title":"ALBERTO MANGUEL","post_excerpt":"","post_status":"publish","comment_status":"closed","ping_status":"closed","post_password":"","post_name":"alberto-manguel","to_ping":"","pinged":"","post_modified":"2022-10-14 14:25:23","post_modified_gmt":"2022-10-14 12:25:23","post_content_filtered":"","post_parent":0,"guid":"http:\/\/dev.claret.cat\/autor\/alberto-manguel\/","menu_order":0,"post_type":"autor","post_mime_type":"","comment_count":"0","filter":"raw"}]},"aioseo_notices":[],"_links":{"self":[{"href":"https:\/\/www.claret.cat\/es\/wp-json\/wp\/v2\/product\/204111","targetHints":{"allow":["GET"]}}],"collection":[{"href":"https:\/\/www.claret.cat\/es\/wp-json\/wp\/v2\/product"}],"about":[{"href":"https:\/\/www.claret.cat\/es\/wp-json\/wp\/v2\/types\/product"}],"wp:featuredmedia":[{"embeddable":true,"href":"https:\/\/www.claret.cat\/es\/wp-json\/wp\/v2\/media\/204112"}],"wp:attachment":[{"href":"https:\/\/www.claret.cat\/es\/wp-json\/wp\/v2\/media?parent=204111"}],"wp:term":[{"taxonomy":"product_brand","embeddable":true,"href":"https:\/\/www.claret.cat\/es\/wp-json\/wp\/v2\/product_brand?post=204111"},{"taxonomy":"product_cat","embeddable":true,"href":"https:\/\/www.claret.cat\/es\/wp-json\/wp\/v2\/product_cat?post=204111"},{"taxonomy":"product_tag","embeddable":true,"href":"https:\/\/www.claret.cat\/es\/wp-json\/wp\/v2\/product_tag?post=204111"}],"curies":[{"name":"wp","href":"https:\/\/api.w.org\/{rel}","templated":true}]}}