{"id":2042,"date":"2022-07-27T21:09:42","date_gmt":"2022-07-27T19:09:42","guid":{"rendered":"http:\/\/dev.claret.cat\/producto\/caminar-9789873874420\/"},"modified":"2023-01-28T03:16:05","modified_gmt":"2023-01-28T02:16:05","slug":"caminar-9789873874420","status":"publish","type":"product","link":"https:\/\/www.claret.cat\/es\/libro\/caminar-9789873874420\/","title":{"rendered":"CAMINAR"},"content":{"rendered":"<p>La mitad del camino que recorremos no es otra cosa que desandar lo andado. Tal vez deber\u00edamos salir, tomar con esp\u00edritu de aventura por el camino m\u00e1s corto, y nunca regresar, preparados para enviar de regreso a nuestros desolados reinos, solo nuestro coraz\u00f3n embalsamado, como una reliquia. Si est\u00e1s listo para dejar a tu padre y a tu madre, a tu hermano y a tu hermana, a tu esposa e hijo y amigos, y nunca volverlos a ver \u2013si has pagado tus deudas, has cumplido tu voluntad, has resuelto tus compromisos y eres un hombre libre\u2013 entonces est\u00e1s listo para una caminata.<\/p>\n","protected":false},"excerpt":{"rendered":"<p>THOREAU,HENRY<\/p>\n","protected":false},"featured_media":70828,"template":"","meta":{"_acf_changed":false,"om_disable_all_campaigns":false,"rs_blank_template":"","rs_page_bg_color":"","slide_template_v7":"","inline_featured_image":false,"_monsterinsights_skip_tracking":false,"_monsterinsights_sitenote_active":false,"_monsterinsights_sitenote_note":"","_monsterinsights_sitenote_category":0},"product_brand":[],"product_cat":[562,113],"product_tag":[],"class_list":{"0":"post-2042","1":"product","2":"type-product","3":"status-publish","4":"has-post-thumbnail","6":"product_cat-literatura-de-viajes","7":"product_cat-literatura-de-viatges","9":"first","10":"instock","11":"taxable","12":"shipping-taxable","13":"purchasable","14":"product-type-simple"},"acf":{"autor":"THOREAU,HENRY","codart":"987387442","ediciones":"1","encuadernacion":"Carpeta","fecha_de_publicacion":"01\/03\/2016","novedad":"1","paginas":"0","subtitulo":"","orden":"0","portada":"0","idioma":"spa","libros-coleccion":"Zona de tesoros","autores-libros":[{"ID":5537,"post_author":"3","post_date":"2022-07-28 17:26:07","post_date_gmt":"2022-07-28 15:26:07","post_content":"","post_title":"HENRY THOREAU","post_excerpt":"","post_status":"publish","comment_status":"closed","ping_status":"closed","post_password":"","post_name":"henry-thoreau","to_ping":"","pinged":"","post_modified":"2022-07-28 17:26:07","post_modified_gmt":"2022-07-28 15:26:07","post_content_filtered":"","post_parent":0,"guid":"http:\/\/dev.claret.cat\/autor\/henry-thoreau\/","menu_order":0,"post_type":"autor","post_mime_type":"","comment_count":"0","filter":"raw"}],"editorial":[{"ID":6272,"post_author":"3","post_date":"2022-07-28 17:48:38","post_date_gmt":"2022-07-28 15:48:38","post_content":"","post_title":"Interzona editora","post_excerpt":"","post_status":"publish","comment_status":"closed","ping_status":"closed","post_password":"","post_name":"interzona-editora","to_ping":"","pinged":"","post_modified":"2022-07-28 17:48:38","post_modified_gmt":"2022-07-28 15:48:38","post_content_filtered":"","post_parent":0,"guid":"http:\/\/dev.claret.cat\/editorial\/interzona-editora\/","menu_order":0,"post_type":"editorial","post_mime_type":"","comment_count":"0","filter":"raw"}]},"aioseo_notices":[],"_links":{"self":[{"href":"https:\/\/www.claret.cat\/es\/wp-json\/wp\/v2\/product\/2042","targetHints":{"allow":["GET"]}}],"collection":[{"href":"https:\/\/www.claret.cat\/es\/wp-json\/wp\/v2\/product"}],"about":[{"href":"https:\/\/www.claret.cat\/es\/wp-json\/wp\/v2\/types\/product"}],"wp:featuredmedia":[{"embeddable":true,"href":"https:\/\/www.claret.cat\/es\/wp-json\/wp\/v2\/media\/70828"}],"wp:attachment":[{"href":"https:\/\/www.claret.cat\/es\/wp-json\/wp\/v2\/media?parent=2042"}],"wp:term":[{"taxonomy":"product_brand","embeddable":true,"href":"https:\/\/www.claret.cat\/es\/wp-json\/wp\/v2\/product_brand?post=2042"},{"taxonomy":"product_cat","embeddable":true,"href":"https:\/\/www.claret.cat\/es\/wp-json\/wp\/v2\/product_cat?post=2042"},{"taxonomy":"product_tag","embeddable":true,"href":"https:\/\/www.claret.cat\/es\/wp-json\/wp\/v2\/product_tag?post=2042"}],"curies":[{"name":"wp","href":"https:\/\/api.w.org\/{rel}","templated":true}]}}