{"id":204267,"date":"2022-10-20T10:03:33","date_gmt":"2022-10-20T08:03:33","guid":{"rendered":"http:\/\/dev.claret.cat\/producte\/el-secreto-del-orden-para-perezosas\/"},"modified":"2023-01-28T09:05:59","modified_gmt":"2023-01-28T08:05:59","slug":"el-secreto-del-orden-para-perezosas-9788416890354","status":"publish","type":"product","link":"https:\/\/www.claret.cat\/es\/libro\/el-secreto-del-orden-para-perezosas-9788416890354\/","title":{"rendered":"EL SECRETO DEL ORDEN PARA PEREZOSAS"},"content":{"rendered":"<p>El feng shui, considerado el yoga del hogar, es una t\u00e9cnica ancestral destinada a hacer limpieza f\u00edsica y energ\u00e9tica de los espacios para que estos contribuyan al bienestar de las personas que los ocupan. Con este libro, incluso aquellas que a menudo se dejan llevar por la pereza ser\u00e1n capaces de organizar y decorar su casa de la mejor manera para convertirla en un verdadero hogar propicio al \u00e9xito, el amor y la felicidad.<\/p>\n","protected":false},"excerpt":{"rendered":"<p>DUJARDIN, LAURENCE \/ BRAVI, SOLEDAD<\/p>\n","protected":false},"featured_media":204268,"template":"","meta":{"_acf_changed":false,"om_disable_all_campaigns":false,"rs_blank_template":"","rs_page_bg_color":"","slide_template_v7":"","inline_featured_image":false,"_monsterinsights_skip_tracking":false,"_monsterinsights_sitenote_active":false,"_monsterinsights_sitenote_note":"","_monsterinsights_sitenote_category":0},"product_brand":[],"product_cat":[87],"product_tag":[],"class_list":{"0":"post-204267","1":"product","2":"type-product","3":"status-publish","4":"has-post-thumbnail","6":"product_cat-literatura","8":"first","9":"instock","10":"taxable","11":"shipping-taxable","12":"purchasable","13":"product-type-simple"},"acf":{"autor":"DUJARDIN, LAURENCE \/ BRAVI, SOLEDAD","codart":"841689035","libros-coleccion":"SUSHI BOOKS","ediciones":"1","encuadernacion":"R\u00fastica","fecha_de_publicacion":"01\/09\/2017","novedad":"1","paginas":"141","subtitulo":"30 LECCIONES DE FENG SHUI PARA HACER LIMPIEZA A FONDO","orden":"0","portada":"0","idioma":"spa","editorial":[{"ID":148476,"post_author":"3","post_date":"2022-10-14 11:58:32","post_date_gmt":"2022-10-14 09:58:32","post_content":"","post_title":"Lunwerg Editores","post_excerpt":"","post_status":"publish","comment_status":"closed","ping_status":"closed","post_password":"","post_name":"lunwerg-editores","to_ping":"","pinged":"","post_modified":"2022-10-14 11:58:32","post_modified_gmt":"2022-10-14 09:58:32","post_content_filtered":"","post_parent":0,"guid":"http:\/\/dev.claret.cat\/editorial\/lunwerg-editores\/","menu_order":0,"post_type":"editorial","post_mime_type":"","comment_count":"0","filter":"raw"}],"autores-libros":[{"ID":6041,"post_author":"3","post_date":"2022-07-28 17:36:54","post_date_gmt":"2022-07-28 15:36:54","post_content":"","post_title":"SOLEDAD BRAVI","post_excerpt":"","post_status":"publish","comment_status":"closed","ping_status":"closed","post_password":"","post_name":"soledad-bravi","to_ping":"","pinged":"","post_modified":"2022-07-28 17:36:54","post_modified_gmt":"2022-07-28 15:36:54","post_content_filtered":"","post_parent":0,"guid":"http:\/\/dev.claret.cat\/autor\/soledad-bravi\/","menu_order":0,"post_type":"autor","post_mime_type":"","comment_count":"0","filter":"raw"}]},"aioseo_notices":[],"_links":{"self":[{"href":"https:\/\/www.claret.cat\/es\/wp-json\/wp\/v2\/product\/204267","targetHints":{"allow":["GET"]}}],"collection":[{"href":"https:\/\/www.claret.cat\/es\/wp-json\/wp\/v2\/product"}],"about":[{"href":"https:\/\/www.claret.cat\/es\/wp-json\/wp\/v2\/types\/product"}],"wp:featuredmedia":[{"embeddable":true,"href":"https:\/\/www.claret.cat\/es\/wp-json\/wp\/v2\/media\/204268"}],"wp:attachment":[{"href":"https:\/\/www.claret.cat\/es\/wp-json\/wp\/v2\/media?parent=204267"}],"wp:term":[{"taxonomy":"product_brand","embeddable":true,"href":"https:\/\/www.claret.cat\/es\/wp-json\/wp\/v2\/product_brand?post=204267"},{"taxonomy":"product_cat","embeddable":true,"href":"https:\/\/www.claret.cat\/es\/wp-json\/wp\/v2\/product_cat?post=204267"},{"taxonomy":"product_tag","embeddable":true,"href":"https:\/\/www.claret.cat\/es\/wp-json\/wp\/v2\/product_tag?post=204267"}],"curies":[{"name":"wp","href":"https:\/\/api.w.org\/{rel}","templated":true}]}}