{"id":204303,"date":"2022-10-20T10:04:08","date_gmt":"2022-10-20T08:04:08","guid":{"rendered":"http:\/\/dev.claret.cat\/producte\/la-ultima-milla\/"},"modified":"2023-01-28T18:31:13","modified_gmt":"2023-01-28T17:31:13","slug":"la-ultima-milla-9788466661096","status":"publish","type":"product","link":"https:\/\/www.claret.cat\/es\/libro\/la-ultima-milla-9788466661096\/","title":{"rendered":"LA \u00daLTIMA MILLA"},"content":{"rendered":"<p>El nuevo caso de Amos Decker, el singular personaje de Memoria total.<br \/> El asesino convicto Melvin Mars cuenta las horas previas a su ejecuci\u00f3n, impuesta por el violento asesinato de sus padres veinte a\u00f1os atr\u00e1s, cuando le conceden un inesperado indulto: otro hombre ha confesado ser el autor de los cr\u00edmenes.<br \/> Amos Decker, recientemente contratado para integrar un grupo operativo del FBI, siente inter\u00e9s por el caso de Mars tras descubrir las llamativas similitudes que comparten: ambos eran talentosos jugadores de f\u00fatbol americano con prometedoras carreras interrumpidas por la tragedia. Las familias de ambos fueron brutalmente asesinadas y, coincidentemente, otro sospechoso se presenta a\u00f1os despu\u00e9s de las muertes para confesar el crimen. Un sospechoso que quiz\u00e1s est\u00e9 diciendo la verdad&hellip; o no.La confesi\u00f3n puede convertir a Melvin Mars en un hombre libre, sea culpable o no. \u00bfQui\u00e9n quiere que Mars salga de la prisi\u00f3n? Y \u00bfpor qu\u00e9 ahora?<br \/> Cuando un miembro del equipo de Decker desaparece, resulta evidente que lo que est\u00e1 en juego es algo mucho m\u00e1s importante y siniestro que la vida de un convicto. Decker deber\u00e1 recurrir a toda su extraordinaria capacidad mental para evitar que un hombre inocente sea ejecutado.<br \/> \u00abAlgunos autores urden tramas brillantes. Otros se destacan por el desarrollo de sus personajes y los di\u00e1logos. David Baldacci logra ambas cosas. La \u00faltima milla es una estupenda novela de suspense que aborda el espinoso tema del racismo y retrata de la amistad entre dos hombres heridos pero ind\u00f3mitos.\u00bbiBooks Editors<br \/> \u00abCon Decker, Baldacci ha creado uno de los antih\u00e9roes m\u00e1s fascinantes y complejos.\u00bbThe Daily Mail<br \/> \u00ab En la mejor tradici\u00f3n de Baldacci, la acci\u00f3n es trepidante. La \u00faltima milla es una novela intensa con mucho que ofrecer.\u00bb Associated Press<br \/> \u00abLa \u00faltima milla brinda un buen motivo para esperar con enorme impaciencia el pr\u00f3ximo thriller protagonizado por Amos Decker.\u00bbNew York Journal of Books<\/p>\n","protected":false},"excerpt":{"rendered":"<p>BALDACCI, DAVID<\/p>\n","protected":false},"featured_media":204304,"template":"","meta":{"_acf_changed":false,"om_disable_all_campaigns":false,"rs_blank_template":"","rs_page_bg_color":"","slide_template_v7":"","inline_featured_image":false,"_monsterinsights_skip_tracking":false,"_monsterinsights_sitenote_active":false,"_monsterinsights_sitenote_note":"","_monsterinsights_sitenote_category":0},"product_brand":[],"product_cat":[87],"product_tag":[],"class_list":{"0":"post-204303","1":"product","2":"type-product","3":"status-publish","4":"has-post-thumbnail","6":"product_cat-literatura","8":"first","9":"instock","10":"taxable","11":"shipping-taxable","12":"purchasable","13":"product-type-simple"},"acf":{"autor":"BALDACCI, DAVID","codart":"846666109","libros-coleccion":"SUSHI BOOKS","ediciones":"1","encuadernacion":"R\u00fastica","fecha_de_publicacion":"01\/09\/2017","novedad":"1","paginas":"446","subtitulo":"","orden":"0","portada":"0","idioma":"spa","autores-libros":[{"ID":153747,"post_author":"3","post_date":"2022-10-14 14:59:12","post_date_gmt":"2022-10-14 12:59:12","post_content":"","post_title":"DAVID BALDACCI","post_excerpt":"","post_status":"publish","comment_status":"closed","ping_status":"closed","post_password":"","post_name":"david-baldacci","to_ping":"","pinged":"","post_modified":"2022-10-14 14:59:12","post_modified_gmt":"2022-10-14 12:59:12","post_content_filtered":"","post_parent":0,"guid":"http:\/\/dev.claret.cat\/autor\/david-baldacci\/","menu_order":0,"post_type":"autor","post_mime_type":"","comment_count":"0","filter":"raw"}]},"aioseo_notices":[],"_links":{"self":[{"href":"https:\/\/www.claret.cat\/es\/wp-json\/wp\/v2\/product\/204303","targetHints":{"allow":["GET"]}}],"collection":[{"href":"https:\/\/www.claret.cat\/es\/wp-json\/wp\/v2\/product"}],"about":[{"href":"https:\/\/www.claret.cat\/es\/wp-json\/wp\/v2\/types\/product"}],"wp:featuredmedia":[{"embeddable":true,"href":"https:\/\/www.claret.cat\/es\/wp-json\/wp\/v2\/media\/204304"}],"wp:attachment":[{"href":"https:\/\/www.claret.cat\/es\/wp-json\/wp\/v2\/media?parent=204303"}],"wp:term":[{"taxonomy":"product_brand","embeddable":true,"href":"https:\/\/www.claret.cat\/es\/wp-json\/wp\/v2\/product_brand?post=204303"},{"taxonomy":"product_cat","embeddable":true,"href":"https:\/\/www.claret.cat\/es\/wp-json\/wp\/v2\/product_cat?post=204303"},{"taxonomy":"product_tag","embeddable":true,"href":"https:\/\/www.claret.cat\/es\/wp-json\/wp\/v2\/product_tag?post=204303"}],"curies":[{"name":"wp","href":"https:\/\/api.w.org\/{rel}","templated":true}]}}