{"id":204471,"date":"2022-10-20T10:06:51","date_gmt":"2022-10-20T08:06:51","guid":{"rendered":"http:\/\/dev.claret.cat\/producte\/el-misteri-de-lobelisc-magic\/"},"modified":"2025-09-15T13:00:48","modified_gmt":"2025-09-15T11:00:48","slug":"els-fotbolissims-12-el-misteri-de-lobelisc-magic-9788466143288","status":"publish","type":"product","link":"https:\/\/www.claret.cat\/es\/libro\/els-fotbolissims-12-el-misteri-de-lobelisc-magic-9788466143288\/","title":{"rendered":"ELS FOTBOL\u00cdSSIMS 12. EL MISTERI DE L&#8217;OBELISC M\u00c0GIC"},"content":{"rendered":"<p>Una altra aventura trepidant dels Futbol\u00edssims.Es Futbol\u00edssims viatgen a Buenos Aires per jugar-hi un torneig que t\u00e9 com a premi un obelisc m\u00e0gic: el guanyador podr\u00e0 demanar-li un desig. Es Futbol\u00edssims viatgen a Buenos Aires per jugar-hi un torneig que t\u00e9 com a premi un obelisc m\u00e0gic: el guanyador podr\u00e0 demanar-li un desig. La situaci\u00f3 d\u00f3na un tomb imprevist quan accepten de robar el trofeu per fer un favor a l&#8221;avi de la Rosita, un mag fam\u00f3s desaparegut des de fa temps. Per\u00f2 les coses es compliquen quan apareix un lladre que desbarata tots els seus plans. Per si no fos prou, aviat descobriran que els seus rivals argentins s\u00f3n els millors futbolistes amb qui s&#8221;han enfrontat mai.<\/p>\n","protected":false},"excerpt":{"rendered":"<p>SANTIAGO, ROBERTO<\/p>\n","protected":false},"featured_media":1051959,"template":"","meta":{"_acf_changed":false,"om_disable_all_campaigns":false,"rs_blank_template":"","rs_page_bg_color":"","slide_template_v7":"","inline_featured_image":false,"_monsterinsights_skip_tracking":false,"_monsterinsights_sitenote_active":false,"_monsterinsights_sitenote_note":"","_monsterinsights_sitenote_category":0},"product_brand":[],"product_cat":[132,86,352,362],"product_tag":[],"class_list":{"0":"post-204471","1":"product","2":"type-product","3":"status-publish","4":"has-post-thumbnail","6":"product_cat-lectures-per-preadolescents-6-12-anys","7":"product_cat-infantil","8":"product_cat-infantil-3_infantil-juvenil-spa","9":"product_cat-libros-preadolescentes-6-12-anos","11":"first","12":"instock","13":"taxable","14":"shipping-taxable","15":"purchasable","16":"product-type-simple"},"acf":{"autor":"SANTIAGO, ROBERTO","codart":"846614328","libros-coleccion":"","ediciones":"1","encuadernacion":"R\u00fastica","fecha_de_publicacion":"01\/08\/2017","novedad":"1","paginas":"366","subtitulo":"","orden":"0","portada":"0","idioma":"spa","autores-libros":[{"ID":5984,"post_author":"3","post_date":"2022-07-28 17:35:41","post_date_gmt":"2022-07-28 15:35:41","post_content":"","post_title":"ROBERTO SANTIAGO","post_excerpt":"","post_status":"publish","comment_status":"closed","ping_status":"closed","post_password":"","post_name":"roberto-santiago","to_ping":"","pinged":"","post_modified":"2022-07-28 17:35:41","post_modified_gmt":"2022-07-28 15:35:41","post_content_filtered":"","post_parent":0,"guid":"http:\/\/dev.claret.cat\/autor\/roberto-santiago\/","menu_order":0,"post_type":"autor","post_mime_type":"","comment_count":"0","filter":"raw"}],"booktrailer":"","resenas":"","editorial":[{"ID":261923,"post_author":"3","post_date":"2022-10-24 11:17:38","post_date_gmt":"2022-10-24 09:17:38","post_content":"","post_title":"CRU\u00cfLLA","post_excerpt":"","post_status":"publish","comment_status":"closed","ping_status":"closed","post_password":"","post_name":"cruilla","to_ping":"","pinged":"","post_modified":"2022-10-24 11:17:38","post_modified_gmt":"2022-10-24 09:17:38","post_content_filtered":"","post_parent":0,"guid":"http:\/\/dev.claret.cat\/editorial\/cruilla\/","menu_order":0,"post_type":"editorial","post_mime_type":"","comment_count":"0","filter":"raw"}]},"aioseo_notices":[],"_links":{"self":[{"href":"https:\/\/www.claret.cat\/es\/wp-json\/wp\/v2\/product\/204471","targetHints":{"allow":["GET"]}}],"collection":[{"href":"https:\/\/www.claret.cat\/es\/wp-json\/wp\/v2\/product"}],"about":[{"href":"https:\/\/www.claret.cat\/es\/wp-json\/wp\/v2\/types\/product"}],"wp:featuredmedia":[{"embeddable":true,"href":"https:\/\/www.claret.cat\/es\/wp-json\/wp\/v2\/media\/1051959"}],"wp:attachment":[{"href":"https:\/\/www.claret.cat\/es\/wp-json\/wp\/v2\/media?parent=204471"}],"wp:term":[{"taxonomy":"product_brand","embeddable":true,"href":"https:\/\/www.claret.cat\/es\/wp-json\/wp\/v2\/product_brand?post=204471"},{"taxonomy":"product_cat","embeddable":true,"href":"https:\/\/www.claret.cat\/es\/wp-json\/wp\/v2\/product_cat?post=204471"},{"taxonomy":"product_tag","embeddable":true,"href":"https:\/\/www.claret.cat\/es\/wp-json\/wp\/v2\/product_tag?post=204471"}],"curies":[{"name":"wp","href":"https:\/\/api.w.org\/{rel}","templated":true}]}}