{"id":204612,"date":"2022-10-20T10:09:24","date_gmt":"2022-10-20T08:09:24","guid":{"rendered":"http:\/\/dev.claret.cat\/producte\/retorno-a-rennes-le-chateau\/"},"modified":"2023-01-28T23:13:56","modified_gmt":"2023-01-28T22:13:56","slug":"retorno-a-renneslechateau-9788417044725","status":"publish","type":"product","link":"https:\/\/www.claret.cat\/es\/libro\/retorno-a-renneslechateau-9788417044725\/","title":{"rendered":"RETORNO A RENNES-LE-CHATEAU"},"content":{"rendered":"<p>\u00bfQu\u00e9 hay de verdad en todo lo que se nos han contado sobre el origen de la fortuna de l\u00b4abb\u00e9 Sauni\u00e8re?  \u00bfRealmente el sacerdote encontr\u00f3 un tesoro? \u00bfQu\u00e9 relaci\u00f3n tiene la dinast\u00eda de los merovingios y la estirpe  de Jes\u00fas de Nazaret y Mar\u00eda Magdalena.<\/p>\n","protected":false},"excerpt":{"rendered":"<p>SABARICH, ENRIC<\/p>\n","protected":false},"featured_media":204613,"template":"","meta":{"_acf_changed":false,"om_disable_all_campaigns":false,"rs_blank_template":"","rs_page_bg_color":"","slide_template_v7":"","inline_featured_image":false,"_monsterinsights_skip_tracking":false,"_monsterinsights_sitenote_active":false,"_monsterinsights_sitenote_note":"","_monsterinsights_sitenote_category":0},"product_brand":[],"product_cat":[107,85],"product_tag":[],"class_list":{"0":"post-204612","1":"product","2":"type-product","3":"status-publish","4":"has-post-thumbnail","6":"product_cat-guies-de-viatge","7":"product_cat-historia","9":"first","10":"instock","11":"taxable","12":"shipping-taxable","13":"purchasable","14":"product-type-simple"},"acf":{"autor":"SABARICH, ENRIC","codart":"841704472","libros-coleccion":"SUSHI BOOKS","ediciones":"1","encuadernacion":"R\u00fastica","fecha_de_publicacion":"01\/08\/2017","novedad":"1","paginas":"286","subtitulo":"","orden":"0","portada":"0","idioma":"spa","editorial":[{"ID":147919,"post_author":"3","post_date":"2022-10-14 11:54:15","post_date_gmt":"2022-10-14 09:54:15","post_content":"","post_title":"EDITORIAL ALMUZARA","post_excerpt":"","post_status":"publish","comment_status":"closed","ping_status":"closed","post_password":"","post_name":"editorial-almuzara","to_ping":"","pinged":"","post_modified":"2022-10-14 11:54:15","post_modified_gmt":"2022-10-14 09:54:15","post_content_filtered":"","post_parent":0,"guid":"http:\/\/dev.claret.cat\/editorial\/editorial-almuzara\/","menu_order":0,"post_type":"editorial","post_mime_type":"","comment_count":"0","filter":"raw"}]},"aioseo_notices":[],"_links":{"self":[{"href":"https:\/\/www.claret.cat\/es\/wp-json\/wp\/v2\/product\/204612","targetHints":{"allow":["GET"]}}],"collection":[{"href":"https:\/\/www.claret.cat\/es\/wp-json\/wp\/v2\/product"}],"about":[{"href":"https:\/\/www.claret.cat\/es\/wp-json\/wp\/v2\/types\/product"}],"wp:featuredmedia":[{"embeddable":true,"href":"https:\/\/www.claret.cat\/es\/wp-json\/wp\/v2\/media\/204613"}],"wp:attachment":[{"href":"https:\/\/www.claret.cat\/es\/wp-json\/wp\/v2\/media?parent=204612"}],"wp:term":[{"taxonomy":"product_brand","embeddable":true,"href":"https:\/\/www.claret.cat\/es\/wp-json\/wp\/v2\/product_brand?post=204612"},{"taxonomy":"product_cat","embeddable":true,"href":"https:\/\/www.claret.cat\/es\/wp-json\/wp\/v2\/product_cat?post=204612"},{"taxonomy":"product_tag","embeddable":true,"href":"https:\/\/www.claret.cat\/es\/wp-json\/wp\/v2\/product_tag?post=204612"}],"curies":[{"name":"wp","href":"https:\/\/api.w.org\/{rel}","templated":true}]}}