{"id":204636,"date":"2022-10-20T10:09:50","date_gmt":"2022-10-20T08:09:50","guid":{"rendered":"http:\/\/dev.claret.cat\/producte\/pintem-frida-kahlo\/"},"modified":"2023-11-08T18:35:52","modified_gmt":"2023-11-08T17:35:52","slug":"pintem-frida-kahlo-9788499795652","status":"publish","type":"product","link":"https:\/\/www.claret.cat\/es\/libro\/pintem-frida-kahlo-9788499795652\/","title":{"rendered":"PINTEM! FRIDA KAHLO"},"content":{"rendered":"<p>Pintem! Frida Kahlo \u00e9s un llibre il\u00b7lustrat perqu\u00e8 els m\u00e9s petits de la casa puguin divertir-se acolorint al mateix temps que aprenen de manera molt b\u00e0sica qui va ser la pintora mexicana m\u00e9s c\u00e8lebre arreu del m\u00f3n.<br \/> La coneguda il\u00b7lustradora Pilar\u00edn Bay\u00e9s ha dibuixat per a aquesta ocasi\u00f3 diverses escenes de la vida i l&#8221;obra de Frida Kahlo: la Casa Azul, la vida a M\u00e8xic DF, la relaci\u00f3 amb Diego Rivera, l&#8221;estada a Nova York&#8230;<br \/> Totes les p\u00e0gines dobles estan plantejades amb una part en blanc i negre, per tal d&#8221;acolorir, i una en color.<\/p>\n","protected":false},"excerpt":{"rendered":"<p>BAY\u00c9S, PILAR\u00cdN<\/p>\n","protected":false},"featured_media":204637,"template":"","meta":{"_acf_changed":false,"om_disable_all_campaigns":false,"rs_blank_template":"","rs_page_bg_color":"","slide_template_v7":"","inline_featured_image":false,"_monsterinsights_skip_tracking":false,"_monsterinsights_sitenote_active":false,"_monsterinsights_sitenote_note":"","_monsterinsights_sitenote_category":0},"product_brand":[],"product_cat":[86,352],"product_tag":[],"class_list":{"0":"post-204636","1":"product","2":"type-product","3":"status-publish","4":"has-post-thumbnail","6":"product_cat-infantil","7":"product_cat-infantil-3_infantil-juvenil-spa","9":"first","10":"instock","11":"taxable","12":"shipping-taxable","13":"purchasable","14":"product-type-simple"},"acf":{"autor":"BAY\u00c9S, PILAR\u00cdN","codart":"849979565","libros-coleccion":"","ediciones":"1","encuadernacion":"R\u00fastica","fecha_de_publicacion":"01\/08\/2017","novedad":"1","paginas":"16","subtitulo":"","orden":"0","portada":"0","idioma":"cat","editorial":[{"ID":148004,"post_author":"3","post_date":"2022-10-14 11:54:53","post_date_gmt":"2022-10-14 09:54:53","post_content":"","post_title":"Editorial Mediterr\u00e0nia, SL","post_excerpt":"","post_status":"publish","comment_status":"closed","ping_status":"closed","post_password":"","post_name":"editorial-mediterrania-sl","to_ping":"","pinged":"","post_modified":"2022-10-14 11:54:53","post_modified_gmt":"2022-10-14 09:54:53","post_content_filtered":"","post_parent":0,"guid":"http:\/\/dev.claret.cat\/editorial\/editorial-mediterrania-sl\/","menu_order":0,"post_type":"editorial","post_mime_type":"","comment_count":"0","filter":"raw"}],"autores-libros":[{"ID":167343,"post_author":"3","post_date":"2022-10-14 18:10:27","post_date_gmt":"2022-10-14 16:10:27","post_content":"","post_title":"PILAR\u00cdN BAY\u00c9S","post_excerpt":"","post_status":"publish","comment_status":"closed","ping_status":"closed","post_password":"","post_name":"pilarin-bayes-2","to_ping":"","pinged":"","post_modified":"2022-10-14 18:10:27","post_modified_gmt":"2022-10-14 16:10:27","post_content_filtered":"","post_parent":0,"guid":"http:\/\/dev.claret.cat\/autor\/pilarin-bayes-2\/","menu_order":0,"post_type":"autor","post_mime_type":"","comment_count":"0","filter":"raw"}]},"aioseo_notices":[],"_links":{"self":[{"href":"https:\/\/www.claret.cat\/es\/wp-json\/wp\/v2\/product\/204636","targetHints":{"allow":["GET"]}}],"collection":[{"href":"https:\/\/www.claret.cat\/es\/wp-json\/wp\/v2\/product"}],"about":[{"href":"https:\/\/www.claret.cat\/es\/wp-json\/wp\/v2\/types\/product"}],"wp:featuredmedia":[{"embeddable":true,"href":"https:\/\/www.claret.cat\/es\/wp-json\/wp\/v2\/media\/204637"}],"wp:attachment":[{"href":"https:\/\/www.claret.cat\/es\/wp-json\/wp\/v2\/media?parent=204636"}],"wp:term":[{"taxonomy":"product_brand","embeddable":true,"href":"https:\/\/www.claret.cat\/es\/wp-json\/wp\/v2\/product_brand?post=204636"},{"taxonomy":"product_cat","embeddable":true,"href":"https:\/\/www.claret.cat\/es\/wp-json\/wp\/v2\/product_cat?post=204636"},{"taxonomy":"product_tag","embeddable":true,"href":"https:\/\/www.claret.cat\/es\/wp-json\/wp\/v2\/product_tag?post=204636"}],"curies":[{"name":"wp","href":"https:\/\/api.w.org\/{rel}","templated":true}]}}