{"id":204660,"date":"2022-10-20T10:10:15","date_gmt":"2022-10-20T08:10:15","guid":{"rendered":"http:\/\/dev.claret.cat\/producte\/el-gegant-el-secret-de-lavi\/"},"modified":"2023-01-28T09:46:02","modified_gmt":"2023-01-28T08:46:02","slug":"el-gegant-el-secret-de-lavi-9788416965472","status":"publish","type":"product","link":"https:\/\/www.claret.cat\/es\/libro\/el-gegant-el-secret-de-lavi-9788416965472\/","title":{"rendered":"EL GEGANT. EL SECRET DE L&#8217;AVI"},"content":{"rendered":"<p>En Guillem no li creu al seu avi quan li explica que a la ciutat viu un gegant, on realitza obres bones per ajudar a tots. Sap que un gegant \u00e9s massa gran per a romandre ocult. A m\u00e9s, per quin motiu voldria quedar-se amagat? No obstant aix\u00f2, a mesura que passa el temps, en Guillem se n&#8217;adona que alguns secrets s\u00f3n massa grans per romandre ocults durant massa temps&#8230;<\/p>\n","protected":false},"excerpt":{"rendered":"<p>LITCHFIELD, DAVID<\/p>\n","protected":false},"featured_media":204661,"template":"","meta":{"_acf_changed":false,"om_disable_all_campaigns":false,"rs_blank_template":"","rs_page_bg_color":"","slide_template_v7":"","inline_featured_image":false,"_monsterinsights_skip_tracking":false,"_monsterinsights_sitenote_active":false,"_monsterinsights_sitenote_note":"","_monsterinsights_sitenote_category":0},"product_brand":[],"product_cat":[86],"product_tag":[],"class_list":{"0":"post-204660","1":"product","2":"type-product","3":"status-publish","4":"has-post-thumbnail","6":"product_cat-infantil","8":"first","9":"instock","10":"taxable","11":"shipping-taxable","12":"purchasable","13":"product-type-simple"},"acf":{"autor":"LITCHFIELD, DAVID","codart":"841696547","libros-coleccion":"","ediciones":"1","encuadernacion":"Carton\u00e9","fecha_de_publicacion":"01\/08\/2017","novedad":"1","paginas":"35","subtitulo":"","orden":"0","portada":"0","idioma":"cat","editorial":[{"ID":147554,"post_author":"3","post_date":"2022-10-14 11:51:27","post_date_gmt":"2022-10-14 09:51:27","post_content":"","post_title":"BLUME (Naturart)","post_excerpt":"","post_status":"publish","comment_status":"closed","ping_status":"closed","post_password":"","post_name":"blume-naturart","to_ping":"","pinged":"","post_modified":"2022-10-14 11:51:27","post_modified_gmt":"2022-10-14 09:51:27","post_content_filtered":"","post_parent":0,"guid":"http:\/\/dev.claret.cat\/editorial\/blume-naturart\/","menu_order":0,"post_type":"editorial","post_mime_type":"","comment_count":"0","filter":"raw"}],"autores-libros":[{"ID":153867,"post_author":"3","post_date":"2022-10-14 15:00:10","post_date_gmt":"2022-10-14 13:00:10","post_content":"","post_title":"DAVID LITCHFIELD","post_excerpt":"","post_status":"publish","comment_status":"closed","ping_status":"closed","post_password":"","post_name":"david-litchfield","to_ping":"","pinged":"","post_modified":"2022-10-14 15:00:10","post_modified_gmt":"2022-10-14 13:00:10","post_content_filtered":"","post_parent":0,"guid":"http:\/\/dev.claret.cat\/autor\/david-litchfield\/","menu_order":0,"post_type":"autor","post_mime_type":"","comment_count":"0","filter":"raw"}]},"aioseo_notices":[],"_links":{"self":[{"href":"https:\/\/www.claret.cat\/es\/wp-json\/wp\/v2\/product\/204660","targetHints":{"allow":["GET"]}}],"collection":[{"href":"https:\/\/www.claret.cat\/es\/wp-json\/wp\/v2\/product"}],"about":[{"href":"https:\/\/www.claret.cat\/es\/wp-json\/wp\/v2\/types\/product"}],"wp:featuredmedia":[{"embeddable":true,"href":"https:\/\/www.claret.cat\/es\/wp-json\/wp\/v2\/media\/204661"}],"wp:attachment":[{"href":"https:\/\/www.claret.cat\/es\/wp-json\/wp\/v2\/media?parent=204660"}],"wp:term":[{"taxonomy":"product_brand","embeddable":true,"href":"https:\/\/www.claret.cat\/es\/wp-json\/wp\/v2\/product_brand?post=204660"},{"taxonomy":"product_cat","embeddable":true,"href":"https:\/\/www.claret.cat\/es\/wp-json\/wp\/v2\/product_cat?post=204660"},{"taxonomy":"product_tag","embeddable":true,"href":"https:\/\/www.claret.cat\/es\/wp-json\/wp\/v2\/product_tag?post=204660"}],"curies":[{"name":"wp","href":"https:\/\/api.w.org\/{rel}","templated":true}]}}