{"id":204819,"date":"2022-10-20T10:13:00","date_gmt":"2022-10-20T08:13:00","guid":{"rendered":"http:\/\/dev.claret.cat\/producte\/cuestiones-de-ciencia-y-religion\/"},"modified":"2026-04-01T09:51:17","modified_gmt":"2026-04-01T07:51:17","slug":"cuestiones-de-ciencia-y-religion-9788429326727","status":"publish","type":"product","link":"https:\/\/www.claret.cat\/es\/libro\/cuestiones-de-ciencia-y-religion-9788429326727\/","title":{"rendered":"CUESTIONES DE CIENCIA Y RELIGION"},"content":{"rendered":"<p>La relaci\u00f3n entre ciencia y religi\u00f3n precisa comprenderse a la luz de los avances en las \u00e1reas del saber y la reflexi\u00f3n humana. Estos ensayos recogidos por Peter Harrison aportan una visi\u00f3n fresca las relaciones de hoy en d\u00eda y las aportaciones de ciencia y religi\u00f3n a las grandes preguntas como la existencia de Dios, el problema del mal, la libertad o el determinismo.<\/p>\n","protected":false},"excerpt":{"rendered":"<p>La relaci\u00f3n entre ciencia y religi\u00f3n precisa comprenderse a la luz de los avances en las \u00e1reas del saber y la reflexi\u00f3n humana. Estos ensayos recogidos por Peter Harrison aportan una visi\u00f3n fresca las relaciones de hoy en d\u00eda y las aportaciones de ciencia y religi\u00f3n a las grandes preguntas como la existencia de Dios, [&hellip;]<\/p>\n","protected":false},"featured_media":340546,"template":"","meta":{"_acf_changed":false,"om_disable_all_campaigns":false,"rs_blank_template":"","rs_page_bg_color":"","slide_template_v7":"","inline_featured_image":false,"_monsterinsights_skip_tracking":false,"_monsterinsights_sitenote_active":false,"_monsterinsights_sitenote_note":"","_monsterinsights_sitenote_category":0},"product_brand":[],"product_cat":[554,104,76,342],"product_tag":[],"class_list":{"0":"post-204819","1":"product","2":"type-product","3":"status-publish","4":"has-post-thumbnail","6":"product_cat-ciencia-5_otras-spa","7":"product_cat-ciencia","8":"product_cat-teologia","9":"product_cat-teologia-1_espiritualidad","11":"first","12":"instock","13":"taxable","14":"shipping-taxable","15":"purchasable","16":"product-type-simple"},"acf":{"autor":"HARRISON, PETER","codart":"842932672","libros-coleccion":"Ciencia y religi\u00f3n","ediciones":"1","encuadernacion":"Carpeta","fecha_de_publicacion":"01\/08\/2017","novedad":"1","paginas":"413","subtitulo":"","orden":"0","portada":"0","idioma":"spa","editorial":[{"ID":6355,"post_author":"3","post_date":"2022-07-28 17:50:25","post_date_gmt":"2022-07-28 15:50:25","post_content":"","post_title":"Salterrae","post_excerpt":"","post_status":"publish","comment_status":"closed","ping_status":"closed","post_password":"","post_name":"salterrae","to_ping":"","pinged":"","post_modified":"2022-07-28 17:50:25","post_modified_gmt":"2022-07-28 15:50:25","post_content_filtered":"","post_parent":0,"guid":"http:\/\/dev.claret.cat\/editorial\/salterrae\/","menu_order":0,"post_type":"editorial","post_mime_type":"","comment_count":"0","filter":"raw"}],"autores-libros":[{"ID":167104,"post_author":"3","post_date":"2022-10-14 18:08:34","post_date_gmt":"2022-10-14 16:08:34","post_content":"","post_title":"PETER HARRISON","post_excerpt":"","post_status":"publish","comment_status":"closed","ping_status":"closed","post_password":"","post_name":"peter-harrison","to_ping":"","pinged":"","post_modified":"2022-10-14 18:08:34","post_modified_gmt":"2022-10-14 16:08:34","post_content_filtered":"","post_parent":0,"guid":"http:\/\/dev.claret.cat\/autor\/peter-harrison\/","menu_order":0,"post_type":"autor","post_mime_type":"","comment_count":"0","filter":"raw"}]},"aioseo_notices":[],"_links":{"self":[{"href":"https:\/\/www.claret.cat\/es\/wp-json\/wp\/v2\/product\/204819","targetHints":{"allow":["GET"]}}],"collection":[{"href":"https:\/\/www.claret.cat\/es\/wp-json\/wp\/v2\/product"}],"about":[{"href":"https:\/\/www.claret.cat\/es\/wp-json\/wp\/v2\/types\/product"}],"wp:featuredmedia":[{"embeddable":true,"href":"https:\/\/www.claret.cat\/es\/wp-json\/wp\/v2\/media\/340546"}],"wp:attachment":[{"href":"https:\/\/www.claret.cat\/es\/wp-json\/wp\/v2\/media?parent=204819"}],"wp:term":[{"taxonomy":"product_brand","embeddable":true,"href":"https:\/\/www.claret.cat\/es\/wp-json\/wp\/v2\/product_brand?post=204819"},{"taxonomy":"product_cat","embeddable":true,"href":"https:\/\/www.claret.cat\/es\/wp-json\/wp\/v2\/product_cat?post=204819"},{"taxonomy":"product_tag","embeddable":true,"href":"https:\/\/www.claret.cat\/es\/wp-json\/wp\/v2\/product_tag?post=204819"}],"curies":[{"name":"wp","href":"https:\/\/api.w.org\/{rel}","templated":true}]}}