{"id":204846,"date":"2022-10-20T10:13:28","date_gmt":"2022-10-20T08:13:28","guid":{"rendered":"http:\/\/dev.claret.cat\/producte\/mi-pequena-montana\/"},"modified":"2023-01-28T13:48:46","modified_gmt":"2023-01-28T12:48:46","slug":"mi-pequena-montana-9788494705205","status":"publish","type":"product","link":"https:\/\/www.claret.cat\/es\/libro\/mi-pequena-montana-9788494705205\/","title":{"rendered":"MI PEQUE\u00d1A MONTA\u00d1A"},"content":{"rendered":"<p>\u00a1En compa\u00f1\u00eda del rebeco, la marmota y el \u00e1guila real, escala la monta\u00f1a! Entre verdes valles y cimas cubiertas de nieve se mueven grandes y peque\u00f1os animales y hay muchas plantas que descubrir.<br \/> 100% libro natural, hecho con el 100% de papel reciclado e impreso con tintas ecol\u00f3gicas.<\/p>\n","protected":false},"excerpt":{"rendered":"<p>WIEHLE, KATRIN<\/p>\n","protected":false},"featured_media":204847,"template":"","meta":{"_acf_changed":false,"om_disable_all_campaigns":false,"rs_blank_template":"","rs_page_bg_color":"","slide_template_v7":"","inline_featured_image":false,"_monsterinsights_skip_tracking":false,"_monsterinsights_sitenote_active":false,"_monsterinsights_sitenote_note":"","_monsterinsights_sitenote_category":0},"product_brand":[],"product_cat":[86],"product_tag":[],"class_list":{"0":"post-204846","1":"product","2":"type-product","3":"status-publish","4":"has-post-thumbnail","6":"product_cat-infantil","8":"first","9":"instock","10":"taxable","11":"shipping-taxable","12":"purchasable","13":"product-type-simple"},"acf":{"autor":"WIEHLE, KATRIN","codart":"849470520","libros-coleccion":"FORA DE COL.LECCI\u00d3","ediciones":"1","encuadernacion":"Carpeta","fecha_de_publicacion":"01\/08\/2017","novedad":"1","paginas":"20","subtitulo":"","orden":"0","portada":"0","idioma":"spa","editorial":[{"ID":148459,"post_author":"3","post_date":"2022-10-14 11:58:24","post_date_gmt":"2022-10-14 09:58:24","post_content":"","post_title":"LOGUEZ EDICIONES","post_excerpt":"","post_status":"publish","comment_status":"closed","ping_status":"closed","post_password":"","post_name":"loguez-ediciones","to_ping":"","pinged":"","post_modified":"2022-10-14 11:58:24","post_modified_gmt":"2022-10-14 09:58:24","post_content_filtered":"","post_parent":0,"guid":"http:\/\/dev.claret.cat\/editorial\/loguez-ediciones\/","menu_order":0,"post_type":"editorial","post_mime_type":"","comment_count":"0","filter":"raw"}],"autores-libros":[{"ID":161562,"post_author":"3","post_date":"2022-10-14 17:19:12","post_date_gmt":"2022-10-14 15:19:12","post_content":"","post_title":"KATRIN WIEHLE","post_excerpt":"","post_status":"publish","comment_status":"closed","ping_status":"closed","post_password":"","post_name":"katrin-wiehle","to_ping":"","pinged":"","post_modified":"2022-10-14 17:19:12","post_modified_gmt":"2022-10-14 15:19:12","post_content_filtered":"","post_parent":0,"guid":"http:\/\/dev.claret.cat\/autor\/katrin-wiehle\/","menu_order":0,"post_type":"autor","post_mime_type":"","comment_count":"0","filter":"raw"}]},"aioseo_notices":[],"_links":{"self":[{"href":"https:\/\/www.claret.cat\/es\/wp-json\/wp\/v2\/product\/204846","targetHints":{"allow":["GET"]}}],"collection":[{"href":"https:\/\/www.claret.cat\/es\/wp-json\/wp\/v2\/product"}],"about":[{"href":"https:\/\/www.claret.cat\/es\/wp-json\/wp\/v2\/types\/product"}],"wp:featuredmedia":[{"embeddable":true,"href":"https:\/\/www.claret.cat\/es\/wp-json\/wp\/v2\/media\/204847"}],"wp:attachment":[{"href":"https:\/\/www.claret.cat\/es\/wp-json\/wp\/v2\/media?parent=204846"}],"wp:term":[{"taxonomy":"product_brand","embeddable":true,"href":"https:\/\/www.claret.cat\/es\/wp-json\/wp\/v2\/product_brand?post=204846"},{"taxonomy":"product_cat","embeddable":true,"href":"https:\/\/www.claret.cat\/es\/wp-json\/wp\/v2\/product_cat?post=204846"},{"taxonomy":"product_tag","embeddable":true,"href":"https:\/\/www.claret.cat\/es\/wp-json\/wp\/v2\/product_tag?post=204846"}],"curies":[{"name":"wp","href":"https:\/\/api.w.org\/{rel}","templated":true}]}}