{"id":204915,"date":"2022-10-20T10:14:39","date_gmt":"2022-10-20T08:14:39","guid":{"rendered":"http:\/\/dev.claret.cat\/producte\/cree-en-ti-2\/"},"modified":"2025-01-23T17:25:32","modified_gmt":"2025-01-23T16:25:32","slug":"cree-en-ti-9788408176275","status":"publish","type":"product","link":"https:\/\/www.claret.cat\/es\/libro\/cree-en-ti-9788408176275\/","title":{"rendered":"CREE EN TI"},"content":{"rendered":"<p>\u00bfPor qu\u00e9 hay personas que consiguen f\u00e1cilmente lo que quieren y otras no? <br \/>\u00bfEst\u00e1s harto de que tu vida no cambie?<br \/>Mientras no tomes conciencia de qui\u00e9n eres y no te ocupes de conocerte, ser\u00e1s una marioneta de tu subconsciente.<br \/>Cree en ti no es un libro de autoayuda. Cree en ti es un libro de autoempoderamiento.<br \/>\u00ab\u00bfC\u00f3mo ser\u00e1 mi vida dentro de diez a\u00f1os si sigo haciendo lo mismo? La respuesta fue tan clara que con 35 a\u00f1os lo dej\u00e9 todo por ir en busca dem\u00ed misma, de eso que tanto me faltaba. Dej\u00e9 mi trabajo como arquitecta, mi piso, mi ciudad, mi pa\u00eds y las personas que m\u00e1s quer\u00eda. Y me fui a vivira los bosques de la Selva Negra en busca de respuestas. All\u00ed empec\u00e9 a conectar con mi esencia y con lo que yo realmente amaba. Y a partir de ah\u00ed, todas las respuestas llegaron juntas. Un a\u00f1o antes de empezar a escribir este libro entend\u00ed por qu\u00e9 mi vida hab\u00eda llegado hasta ese punto. Por qu\u00e9 no hab\u00eda conseguido vivir mis grandes sue\u00f1os. Entend\u00ed c\u00f3mo las creencias que absorbi\u00f3 mi mente durante los siete primeros a\u00f1os de vida hab\u00edan dirigido y condicionado el resto de mi vida.\u00bb<\/p>\n","protected":false},"excerpt":{"rendered":"<p>NIEVES, RUT<\/p>\n","protected":false},"featured_media":1001516,"template":"","meta":{"_acf_changed":false,"om_disable_all_campaigns":false,"rs_blank_template":"","rs_page_bg_color":"","slide_template_v7":"","inline_featured_image":false,"_monsterinsights_skip_tracking":false,"_monsterinsights_sitenote_active":false,"_monsterinsights_sitenote_note":"","_monsterinsights_sitenote_category":0},"product_brand":[],"product_cat":[81,347],"product_tag":[],"class_list":{"0":"post-204915","1":"product","2":"type-product","3":"status-publish","4":"has-post-thumbnail","6":"product_cat-psicologia","7":"product_cat-psicologia-2_humanidades","9":"first","10":"instock","11":"taxable","12":"shipping-taxable","13":"purchasable","14":"product-type-simple"},"acf":{"autor":"NIEVES, RUT","codart":"840817627","libros-coleccion":"NO FICCION","ediciones":"1","encuadernacion":"Carton\u00e9","fecha_de_publicacion":"01\/08\/2017","novedad":"1","paginas":"2556","subtitulo":"","orden":"0","portada":"0","idioma":"spa","editorial":[{"ID":6377,"post_author":"3","post_date":"2022-07-28 17:50:53","post_date_gmt":"2022-07-28 15:50:53","post_content":"","post_title":"Timun Mas CAT","post_excerpt":"","post_status":"publish","comment_status":"closed","ping_status":"closed","post_password":"","post_name":"timun-mas-cat","to_ping":"","pinged":"","post_modified":"2022-07-28 17:50:53","post_modified_gmt":"2022-07-28 15:50:53","post_content_filtered":"","post_parent":0,"guid":"http:\/\/dev.claret.cat\/editorial\/timun-mas-cat\/","menu_order":0,"post_type":"editorial","post_mime_type":"","comment_count":"0","filter":"raw"}],"autores-libros":[{"ID":168697,"post_author":"3","post_date":"2022-10-14 22:21:12","post_date_gmt":"2022-10-14 20:21:12","post_content":"","post_title":"RUT NIEVES","post_excerpt":"","post_status":"publish","comment_status":"closed","ping_status":"closed","post_password":"","post_name":"rut-nieves","to_ping":"","pinged":"","post_modified":"2022-10-14 22:21:12","post_modified_gmt":"2022-10-14 20:21:12","post_content_filtered":"","post_parent":0,"guid":"http:\/\/dev.claret.cat\/autor\/rut-nieves\/","menu_order":0,"post_type":"autor","post_mime_type":"","comment_count":"0","filter":"raw"}]},"aioseo_notices":[],"_links":{"self":[{"href":"https:\/\/www.claret.cat\/es\/wp-json\/wp\/v2\/product\/204915","targetHints":{"allow":["GET"]}}],"collection":[{"href":"https:\/\/www.claret.cat\/es\/wp-json\/wp\/v2\/product"}],"about":[{"href":"https:\/\/www.claret.cat\/es\/wp-json\/wp\/v2\/types\/product"}],"wp:featuredmedia":[{"embeddable":true,"href":"https:\/\/www.claret.cat\/es\/wp-json\/wp\/v2\/media\/1001516"}],"wp:attachment":[{"href":"https:\/\/www.claret.cat\/es\/wp-json\/wp\/v2\/media?parent=204915"}],"wp:term":[{"taxonomy":"product_brand","embeddable":true,"href":"https:\/\/www.claret.cat\/es\/wp-json\/wp\/v2\/product_brand?post=204915"},{"taxonomy":"product_cat","embeddable":true,"href":"https:\/\/www.claret.cat\/es\/wp-json\/wp\/v2\/product_cat?post=204915"},{"taxonomy":"product_tag","embeddable":true,"href":"https:\/\/www.claret.cat\/es\/wp-json\/wp\/v2\/product_tag?post=204915"}],"curies":[{"name":"wp","href":"https:\/\/api.w.org\/{rel}","templated":true}]}}