{"id":204957,"date":"2022-10-20T10:15:21","date_gmt":"2022-10-20T08:15:21","guid":{"rendered":"http:\/\/dev.claret.cat\/producte\/recursos-catequeticos-testigos-del-senor\/"},"modified":"2025-11-03T17:20:47","modified_gmt":"2025-11-03T16:20:47","slug":"recursos-catequeticos-testigos-del-senor-9788471418890","status":"publish","type":"product","link":"https:\/\/www.claret.cat\/es\/libro\/recursos-catequeticos-testigos-del-senor-9788471418890\/","title":{"rendered":"RECURSOS CATEQU\u00c9TICOS. TESTIGOS DEL SE\u00d1OR"},"content":{"rendered":"<p>El catecismo Testigos del Se\u00f1or est\u00e1 dirigido a la \u00faltima fase del itinerario catequ\u00e9tico de infancia y adolescencia que propone la Conferencia Episcopal Espa\u00f1ola y se otorga para ayudar a los catequizados de esa edad a crecer en la fe, a gustar de la gracia recibida en los sacramentos, a incorporarse a la misi\u00f3n de la Iglesia y a llevar una vida en el Esp\u00edritu.<br \/>Busca ahondar en la fe recibida, propiciar un mayor crecimiento en la vida cristiana por el encuentro con Jes\u00fas y proponer su vinculaci\u00f3n a la vida de la Iglesia. Sus p\u00e1ginas constituyen una invitaci\u00f3n a seguir a Jesucristo y acoger el estilo de vida que hace de cada bautizado un testigo del Se\u00f1or en medio del mundo.<\/p>\n","protected":false},"excerpt":{"rendered":"<p>EDICE<\/p>\n","protected":false},"featured_media":350286,"template":"","meta":{"_acf_changed":false,"om_disable_all_campaigns":false,"rs_blank_template":"","rs_page_bg_color":"","slide_template_v7":"","inline_featured_image":false,"_monsterinsights_skip_tracking":false,"_monsterinsights_sitenote_active":false,"_monsterinsights_sitenote_note":"","_monsterinsights_sitenote_category":0},"product_brand":[],"product_cat":[77,343,352,86],"product_tag":[],"class_list":{"0":"post-204957","1":"product","2":"type-product","3":"status-publish","4":"has-post-thumbnail","6":"product_cat-catequesi","7":"product_cat-catequesis","8":"product_cat-infantil-3_infantil-juvenil-spa","9":"product_cat-infantil","11":"first","12":"instock","13":"taxable","14":"shipping-taxable","15":"purchasable","16":"product-type-simple"},"acf":{"autor":"EDICE","codart":"847141889","libros-coleccion":"","ediciones":"1","encuadernacion":"Carpeta","fecha_de_publicacion":"24\/07\/2017","novedad":"1","paginas":"1","subtitulo":"","orden":"0","portada":"0","idioma":"spa","editorial":[{"ID":6194,"post_author":"3","post_date":"2022-07-28 17:46:55","post_date_gmt":"2022-07-28 15:46:55","post_content":"","post_title":"EDICE - Conf. Episc.","post_excerpt":"","post_status":"publish","comment_status":"closed","ping_status":"closed","post_password":"","post_name":"edice-conf-episc","to_ping":"","pinged":"","post_modified":"2022-07-28 17:46:55","post_modified_gmt":"2022-07-28 15:46:55","post_content_filtered":"","post_parent":0,"guid":"http:\/\/dev.claret.cat\/editorial\/edice-conf-episc\/","menu_order":0,"post_type":"editorial","post_mime_type":"","comment_count":"0","filter":"raw"}],"autores-libros":[{"ID":5416,"post_author":"3","post_date":"2022-07-28 17:23:29","post_date_gmt":"2022-07-28 15:23:29","post_content":"","post_title":"EDICE","post_excerpt":"","post_status":"publish","comment_status":"closed","ping_status":"closed","post_password":"","post_name":"edice","to_ping":"","pinged":"","post_modified":"2022-07-28 17:23:29","post_modified_gmt":"2022-07-28 15:23:29","post_content_filtered":"","post_parent":0,"guid":"http:\/\/dev.claret.cat\/autor\/edice\/","menu_order":0,"post_type":"autor","post_mime_type":"","comment_count":"0","filter":"raw"}],"booktrailer":"","resenas":""},"aioseo_notices":[],"_links":{"self":[{"href":"https:\/\/www.claret.cat\/es\/wp-json\/wp\/v2\/product\/204957","targetHints":{"allow":["GET"]}}],"collection":[{"href":"https:\/\/www.claret.cat\/es\/wp-json\/wp\/v2\/product"}],"about":[{"href":"https:\/\/www.claret.cat\/es\/wp-json\/wp\/v2\/types\/product"}],"wp:featuredmedia":[{"embeddable":true,"href":"https:\/\/www.claret.cat\/es\/wp-json\/wp\/v2\/media\/350286"}],"wp:attachment":[{"href":"https:\/\/www.claret.cat\/es\/wp-json\/wp\/v2\/media?parent=204957"}],"wp:term":[{"taxonomy":"product_brand","embeddable":true,"href":"https:\/\/www.claret.cat\/es\/wp-json\/wp\/v2\/product_brand?post=204957"},{"taxonomy":"product_cat","embeddable":true,"href":"https:\/\/www.claret.cat\/es\/wp-json\/wp\/v2\/product_cat?post=204957"},{"taxonomy":"product_tag","embeddable":true,"href":"https:\/\/www.claret.cat\/es\/wp-json\/wp\/v2\/product_tag?post=204957"}],"curies":[{"name":"wp","href":"https:\/\/api.w.org\/{rel}","templated":true}]}}