{"id":205060,"date":"2022-10-20T10:17:06","date_gmt":"2022-10-20T08:17:06","guid":{"rendered":"http:\/\/dev.claret.cat\/producte\/bibliograma-la-biblia-en-el-tiempo-historia\/"},"modified":"2025-11-14T12:30:13","modified_gmt":"2025-11-14T11:30:13","slug":"bibliograma-la-biblia-en-el-tiempo-historia-9788490733349","status":"publish","type":"product","link":"https:\/\/www.claret.cat\/es\/libro\/bibliograma-la-biblia-en-el-tiempo-historia-9788490733349\/","title":{"rendered":"BIBLIOGRAMA. LA BIBLIA EN EL TIEMPO: HISTORIA"},"content":{"rendered":"<p>Una herramienta necesaria para poder continuar el itinerario de la historia y de la metahistoria seg\u00fan la Biblia, presentadas de manera ordenada por medio de l\u00e1minas muy bien ilustradas. En todas ellas figura la \u00e9poca cronol\u00f3gica e hist\u00f3rica en la que se inscribe cada momento; los grandes hitos b\u00edblicos, con sus personajes, reyes y profetas; la historia literaria de la Biblia, donde se detallan las etapas de la redacci\u00f3n de las obras b\u00edblicas; y unos trazos signficativos acerca de la historia universal de la civilizaci\u00f3n.<\/p>\n","protected":false},"excerpt":{"rendered":"<p>VERBO DIVINO<\/p>\n","protected":false},"featured_media":372771,"template":"","meta":{"_acf_changed":false,"om_disable_all_campaigns":false,"rs_blank_template":"","rs_page_bg_color":"","slide_template_v7":"","inline_featured_image":false,"_monsterinsights_skip_tracking":false,"_monsterinsights_sitenote_active":false,"_monsterinsights_sitenote_note":"","_monsterinsights_sitenote_category":0},"product_brand":[],"product_cat":[75,341],"product_tag":[],"class_list":{"0":"post-205060","1":"product","2":"type-product","3":"status-publish","4":"has-post-thumbnail","6":"product_cat-biblia","7":"product_cat-biblia-es","9":"first","10":"instock","11":"taxable","12":"shipping-taxable","13":"purchasable","14":"product-type-simple"},"acf":{"autor":"VERBO DIVINO","codart":"849073334","libros-coleccion":"","ediciones":"1","encuadernacion":"Grapado","fecha_de_publicacion":"04\/07\/2017","novedad":"1","paginas":"36","subtitulo":"","orden":"0","portada":"0","idioma":"spa","editorial":[{"ID":6390,"post_author":"3","post_date":"2022-07-28 17:51:08","post_date_gmt":"2022-07-28 15:51:08","post_content":"","post_title":"VERBO DIVINO","post_excerpt":"","post_status":"publish","comment_status":"closed","ping_status":"closed","post_password":"","post_name":"verbo-divino","to_ping":"","pinged":"","post_modified":"2022-07-28 17:51:08","post_modified_gmt":"2022-07-28 15:51:08","post_content_filtered":"","post_parent":0,"guid":"http:\/\/dev.claret.cat\/editorial\/verbo-divino\/","menu_order":0,"post_type":"editorial","post_mime_type":"","comment_count":"0","filter":"raw"}],"autores-libros":[{"ID":6074,"post_author":"3","post_date":"2022-07-28 17:37:35","post_date_gmt":"2022-07-28 15:37:35","post_content":"","post_title":"VERBO DIVINO","post_excerpt":"","post_status":"publish","comment_status":"closed","ping_status":"closed","post_password":"","post_name":"verbo-divino","to_ping":"","pinged":"","post_modified":"2022-07-28 17:37:35","post_modified_gmt":"2022-07-28 15:37:35","post_content_filtered":"","post_parent":0,"guid":"http:\/\/dev.claret.cat\/autor\/verbo-divino\/","menu_order":0,"post_type":"autor","post_mime_type":"","comment_count":"0","filter":"raw"}],"booktrailer":"","resenas":""},"aioseo_notices":[],"_links":{"self":[{"href":"https:\/\/www.claret.cat\/es\/wp-json\/wp\/v2\/product\/205060","targetHints":{"allow":["GET"]}}],"collection":[{"href":"https:\/\/www.claret.cat\/es\/wp-json\/wp\/v2\/product"}],"about":[{"href":"https:\/\/www.claret.cat\/es\/wp-json\/wp\/v2\/types\/product"}],"wp:featuredmedia":[{"embeddable":true,"href":"https:\/\/www.claret.cat\/es\/wp-json\/wp\/v2\/media\/372771"}],"wp:attachment":[{"href":"https:\/\/www.claret.cat\/es\/wp-json\/wp\/v2\/media?parent=205060"}],"wp:term":[{"taxonomy":"product_brand","embeddable":true,"href":"https:\/\/www.claret.cat\/es\/wp-json\/wp\/v2\/product_brand?post=205060"},{"taxonomy":"product_cat","embeddable":true,"href":"https:\/\/www.claret.cat\/es\/wp-json\/wp\/v2\/product_cat?post=205060"},{"taxonomy":"product_tag","embeddable":true,"href":"https:\/\/www.claret.cat\/es\/wp-json\/wp\/v2\/product_tag?post=205060"}],"curies":[{"name":"wp","href":"https:\/\/api.w.org\/{rel}","templated":true}]}}