{"id":205072,"date":"2022-10-20T10:17:19","date_gmt":"2022-10-20T08:17:19","guid":{"rendered":"http:\/\/dev.claret.cat\/producte\/compendio-de-antiguo-testamento\/"},"modified":"2024-05-23T05:34:06","modified_gmt":"2024-05-23T03:34:06","slug":"compendio-de-antiguo-testamento-9788490733134","status":"publish","type":"product","link":"https:\/\/www.claret.cat\/es\/libro\/compendio-de-antiguo-testamento-9788490733134\/","title":{"rendered":"COMPENDIO DE ANTIGUO TESTAMENTO"},"content":{"rendered":"<p>Con un lenguaje f\u00e1cil, un estilo detallado y di\u00e1fano y una intenci\u00f3n con una finalidad did\u00e1ctica, el profesor Jean-Louis Ska nos presenta lo que podr\u00edamos denominar un \u00abCompendio de Antiguo Testamento\u00bb, en el que expone los aspectos fundamentales te\u00f3ricos y una serie de aplicaciones pr\u00e1cticas para acceder, sin dificultad, deshaciendo malentendidos y recurriendo a la investigaci\u00f3n m\u00e1s actual, a los n\u00facleos y textos esenciales del Primer Testamento.<br \/>Para Jean-Louis Ska, los relatos del Antiguo Testamento -y por extensi\u00f3n todo el Antiguo Testamento-, &#8216;no responden nunca todo a nuestras cuestiones, sino que nos muestran, m\u00e1s bien, algunos puntos de inicio para ir en b\u00fasqueda de respuestas; no ofrecen productos finalizados, pero nos ponen en la mano los instrumentos imprescindibles para forjar en el laboratorio de la lectura una experiencia de fe siempre nueva&#8217;.<\/p>\n","protected":false},"excerpt":{"rendered":"<p>SKA, JEAN-LOUIS<\/p>\n","protected":false},"featured_media":372759,"template":"","meta":{"_acf_changed":false,"om_disable_all_campaigns":false,"rs_blank_template":"","rs_page_bg_color":"","slide_template_v7":"","inline_featured_image":false,"_monsterinsights_skip_tracking":false,"_monsterinsights_sitenote_active":false,"_monsterinsights_sitenote_note":"","_monsterinsights_sitenote_category":0},"product_brand":[],"product_cat":[75,341],"product_tag":[],"class_list":{"0":"post-205072","1":"product","2":"type-product","3":"status-publish","4":"has-post-thumbnail","6":"product_cat-biblia","7":"product_cat-biblia-es","9":"first","10":"instock","11":"taxable","12":"shipping-taxable","13":"purchasable","14":"product-type-simple"},"acf":{"autor":"SKA, JEAN-LOUIS","codart":"849073313","libros-coleccion":"Estudios B\u00edblicos","ediciones":"1","encuadernacion":"R\u00fastica","fecha_de_publicacion":"04\/07\/2017","novedad":"1","paginas":"464","subtitulo":"INTRODUCCI\u00d3N, TEMAS Y LECTURAS","orden":"0","portada":"0","idioma":"spa","editorial":[{"ID":6390,"post_author":"3","post_date":"2022-07-28 17:51:08","post_date_gmt":"2022-07-28 15:51:08","post_content":"","post_title":"VERBO DIVINO","post_excerpt":"","post_status":"publish","comment_status":"closed","ping_status":"closed","post_password":"","post_name":"verbo-divino","to_ping":"","pinged":"","post_modified":"2022-07-28 17:51:08","post_modified_gmt":"2022-07-28 15:51:08","post_content_filtered":"","post_parent":0,"guid":"http:\/\/dev.claret.cat\/editorial\/verbo-divino\/","menu_order":0,"post_type":"editorial","post_mime_type":"","comment_count":"0","filter":"raw"}],"autores-libros":[{"ID":158893,"post_author":"3","post_date":"2022-10-14 15:40:26","post_date_gmt":"2022-10-14 13:40:26","post_content":"","post_title":"JEAN-LOUIS SKA","post_excerpt":"","post_status":"publish","comment_status":"closed","ping_status":"closed","post_password":"","post_name":"jean-louis-ska-3","to_ping":"","pinged":"","post_modified":"2022-10-14 15:40:26","post_modified_gmt":"2022-10-14 13:40:26","post_content_filtered":"","post_parent":0,"guid":"http:\/\/dev.claret.cat\/autor\/jean-louis-ska-3\/","menu_order":0,"post_type":"autor","post_mime_type":"","comment_count":"0","filter":"raw"}]},"aioseo_notices":[],"_links":{"self":[{"href":"https:\/\/www.claret.cat\/es\/wp-json\/wp\/v2\/product\/205072","targetHints":{"allow":["GET"]}}],"collection":[{"href":"https:\/\/www.claret.cat\/es\/wp-json\/wp\/v2\/product"}],"about":[{"href":"https:\/\/www.claret.cat\/es\/wp-json\/wp\/v2\/types\/product"}],"wp:featuredmedia":[{"embeddable":true,"href":"https:\/\/www.claret.cat\/es\/wp-json\/wp\/v2\/media\/372759"}],"wp:attachment":[{"href":"https:\/\/www.claret.cat\/es\/wp-json\/wp\/v2\/media?parent=205072"}],"wp:term":[{"taxonomy":"product_brand","embeddable":true,"href":"https:\/\/www.claret.cat\/es\/wp-json\/wp\/v2\/product_brand?post=205072"},{"taxonomy":"product_cat","embeddable":true,"href":"https:\/\/www.claret.cat\/es\/wp-json\/wp\/v2\/product_cat?post=205072"},{"taxonomy":"product_tag","embeddable":true,"href":"https:\/\/www.claret.cat\/es\/wp-json\/wp\/v2\/product_tag?post=205072"}],"curies":[{"name":"wp","href":"https:\/\/api.w.org\/{rel}","templated":true}]}}