{"id":205129,"date":"2022-10-20T10:18:17","date_gmt":"2022-10-20T08:18:17","guid":{"rendered":"http:\/\/dev.claret.cat\/producte\/wigetta-y-la-feria-fantasma\/"},"modified":"2023-01-28T04:17:59","modified_gmt":"2023-01-28T03:17:59","slug":"wigetta-y-la-feria-fantasma-9788499986050","status":"publish","type":"product","link":"https:\/\/www.claret.cat\/es\/libro\/wigetta-y-la-feria-fantasma-9788499986050\/","title":{"rendered":"WIGETTA Y LA FERIA FANTASMA"},"content":{"rendered":"<p>En medio de una gran expectaci\u00f3n, la Feria de los Horrores por fin ha llegado. Como todos los habitantes de Pueblo, Willy y Vegetta acuden a ella acompa\u00f1ados de sus mascotas, dispuestos a disfrutar de un d\u00eda extraordinario. Extra\u00f1as criaturas se exponen en sus barracas y atracciones terror\u00edficas atraen a los visitantes. En uno de los puestos, nuestros amigos ganar\u00e1n un premio muy original, un antiguo espejo de mano que contiene una inscripci\u00f3n misteriosa. Tan ex\u00f3tica pieza desencadenar\u00e1 una nueva aventura, en la que encontraremos una bruja, algunos monstruos y un fantasma de buen coraz\u00f3n.<\/p>\n","protected":false},"excerpt":{"rendered":"<p>VEGETTA777 \/ WILLYREX<\/p>\n","protected":false},"featured_media":205130,"template":"","meta":{"_acf_changed":false,"om_disable_all_campaigns":false,"rs_blank_template":"","rs_page_bg_color":"","slide_template_v7":"","inline_featured_image":false,"_monsterinsights_skip_tracking":false,"_monsterinsights_sitenote_active":false,"_monsterinsights_sitenote_note":"","_monsterinsights_sitenote_category":0},"product_brand":[],"product_cat":[86,105],"product_tag":[],"class_list":{"0":"post-205129","1":"product","2":"type-product","3":"status-publish","4":"has-post-thumbnail","6":"product_cat-infantil","7":"product_cat-regal","9":"first","10":"instock","11":"taxable","12":"shipping-taxable","13":"purchasable","14":"product-type-simple"},"acf":{"autor":"VEGETTA777 \/ WILLYREX","codart":"849998605","libros-coleccion":"SUSHI BOOKS","ediciones":"1","encuadernacion":"R\u00fastica","fecha_de_publicacion":"01\/07\/2017","novedad":"1","paginas":"192","subtitulo":"","orden":"0","portada":"0","idioma":"spa","editorial":[{"ID":6209,"post_author":"3","post_date":"2022-07-28 17:47:12","post_date_gmt":"2022-07-28 15:47:12","post_content":"","post_title":"Ediciones Temas de Hoy","post_excerpt":"","post_status":"publish","comment_status":"closed","ping_status":"closed","post_password":"","post_name":"ediciones-temas-de-hoy","to_ping":"","pinged":"","post_modified":"2022-07-28 17:47:12","post_modified_gmt":"2022-07-28 15:47:12","post_content_filtered":"","post_parent":0,"guid":"http:\/\/dev.claret.cat\/editorial\/ediciones-temas-de-hoy\/","menu_order":0,"post_type":"editorial","post_mime_type":"","comment_count":"0","filter":"raw"}],"autores-libros":[{"ID":171349,"post_author":"3","post_date":"2022-10-14 22:42:41","post_date_gmt":"2022-10-14 20:42:41","post_content":"","post_title":"WILLYREX","post_excerpt":"","post_status":"publish","comment_status":"closed","ping_status":"closed","post_password":"","post_name":"willyrex","to_ping":"","pinged":"","post_modified":"2022-10-14 22:42:41","post_modified_gmt":"2022-10-14 20:42:41","post_content_filtered":"","post_parent":0,"guid":"http:\/\/dev.claret.cat\/autor\/willyrex\/","menu_order":0,"post_type":"autor","post_mime_type":"","comment_count":"0","filter":"raw"},{"ID":170859,"post_author":"3","post_date":"2022-10-14 22:38:44","post_date_gmt":"2022-10-14 20:38:44","post_content":"","post_title":"VEGETTA777","post_excerpt":"","post_status":"publish","comment_status":"closed","ping_status":"closed","post_password":"","post_name":"vegetta777","to_ping":"","pinged":"","post_modified":"2022-10-14 22:38:44","post_modified_gmt":"2022-10-14 20:38:44","post_content_filtered":"","post_parent":0,"guid":"http:\/\/dev.claret.cat\/autor\/vegetta777\/","menu_order":0,"post_type":"autor","post_mime_type":"","comment_count":"0","filter":"raw"}]},"aioseo_notices":[],"_links":{"self":[{"href":"https:\/\/www.claret.cat\/es\/wp-json\/wp\/v2\/product\/205129","targetHints":{"allow":["GET"]}}],"collection":[{"href":"https:\/\/www.claret.cat\/es\/wp-json\/wp\/v2\/product"}],"about":[{"href":"https:\/\/www.claret.cat\/es\/wp-json\/wp\/v2\/types\/product"}],"wp:featuredmedia":[{"embeddable":true,"href":"https:\/\/www.claret.cat\/es\/wp-json\/wp\/v2\/media\/205130"}],"wp:attachment":[{"href":"https:\/\/www.claret.cat\/es\/wp-json\/wp\/v2\/media?parent=205129"}],"wp:term":[{"taxonomy":"product_brand","embeddable":true,"href":"https:\/\/www.claret.cat\/es\/wp-json\/wp\/v2\/product_brand?post=205129"},{"taxonomy":"product_cat","embeddable":true,"href":"https:\/\/www.claret.cat\/es\/wp-json\/wp\/v2\/product_cat?post=205129"},{"taxonomy":"product_tag","embeddable":true,"href":"https:\/\/www.claret.cat\/es\/wp-json\/wp\/v2\/product_tag?post=205129"}],"curies":[{"name":"wp","href":"https:\/\/api.w.org\/{rel}","templated":true}]}}