{"id":205135,"date":"2022-10-20T10:18:23","date_gmt":"2022-10-20T08:18:23","guid":{"rendered":"http:\/\/dev.claret.cat\/producte\/fermentacion-lenta-la\/"},"modified":"2023-01-28T21:36:22","modified_gmt":"2023-01-28T20:36:22","slug":"fermentacion-lenta-la-9788417127060","status":"publish","type":"product","link":"https:\/\/www.claret.cat\/es\/libro\/fermentacion-lenta-la-9788417127060\/","title":{"rendered":"FERMENTACI\u00d3N LENTA, LA"},"content":{"rendered":"<p>Piergiorgio Giorilli profundiza en la fermentaci\u00f3n lenta, com\u00fan a muchos dulces de la tradici\u00f3n italiana. Al lado de las recetas m\u00e1s cl\u00e1sicas el libro presenta m\u00e1s de 50 elaboraciones caracterizadas por tiempos de fermentaci\u00f3n prolongados, todas con fotograf\u00edas, y muchas de ellas enriquecidas con fotograf\u00edas que ilustran paso a paso las fases m\u00e1s complejas.<\/p>\n","protected":false},"excerpt":{"rendered":"<p>VV. AA.<\/p>\n","protected":false},"featured_media":205136,"template":"","meta":{"_acf_changed":false,"om_disable_all_campaigns":false,"rs_blank_template":"","rs_page_bg_color":"","slide_template_v7":"","inline_featured_image":false,"_monsterinsights_skip_tracking":false,"_monsterinsights_sitenote_active":false,"_monsterinsights_sitenote_note":"","_monsterinsights_sitenote_category":0},"product_brand":[],"product_cat":[103],"product_tag":[],"class_list":{"0":"post-205135","1":"product","2":"type-product","3":"status-publish","4":"has-post-thumbnail","6":"product_cat-cuina","8":"first","9":"instock","10":"taxable","11":"shipping-taxable","12":"purchasable","13":"product-type-simple"},"acf":{"autor":"VV. AA.","codart":"841712706","libros-coleccion":"","ediciones":"1","encuadernacion":"Carton\u00e9","fecha_de_publicacion":"01\/07\/2017","novedad":"1","paginas":"180","subtitulo":"","orden":"0","portada":"0","idioma":"spa","editorial":[{"ID":6262,"post_author":"3","post_date":"2022-07-28 17:48:26","post_date_gmt":"2022-07-28 15:48:26","post_content":"","post_title":"Gribaudo","post_excerpt":"","post_status":"publish","comment_status":"closed","ping_status":"closed","post_password":"","post_name":"gribaudo","to_ping":"","pinged":"","post_modified":"2022-07-28 17:48:26","post_modified_gmt":"2022-07-28 15:48:26","post_content_filtered":"","post_parent":0,"guid":"http:\/\/dev.claret.cat\/editorial\/gribaudo\/","menu_order":0,"post_type":"editorial","post_mime_type":"","comment_count":"0","filter":"raw"}],"autores-libros":[{"ID":6085,"post_author":"3","post_date":"2022-07-28 17:37:49","post_date_gmt":"2022-07-28 15:37:49","post_content":"","post_title":"VV. AA.","post_excerpt":"","post_status":"publish","comment_status":"closed","ping_status":"closed","post_password":"","post_name":"vv-aa","to_ping":"","pinged":"","post_modified":"2022-07-28 17:37:49","post_modified_gmt":"2022-07-28 15:37:49","post_content_filtered":"","post_parent":0,"guid":"http:\/\/dev.claret.cat\/autor\/vv-aa\/","menu_order":0,"post_type":"autor","post_mime_type":"","comment_count":"0","filter":"raw"}]},"aioseo_notices":[],"_links":{"self":[{"href":"https:\/\/www.claret.cat\/es\/wp-json\/wp\/v2\/product\/205135","targetHints":{"allow":["GET"]}}],"collection":[{"href":"https:\/\/www.claret.cat\/es\/wp-json\/wp\/v2\/product"}],"about":[{"href":"https:\/\/www.claret.cat\/es\/wp-json\/wp\/v2\/types\/product"}],"wp:featuredmedia":[{"embeddable":true,"href":"https:\/\/www.claret.cat\/es\/wp-json\/wp\/v2\/media\/205136"}],"wp:attachment":[{"href":"https:\/\/www.claret.cat\/es\/wp-json\/wp\/v2\/media?parent=205135"}],"wp:term":[{"taxonomy":"product_brand","embeddable":true,"href":"https:\/\/www.claret.cat\/es\/wp-json\/wp\/v2\/product_brand?post=205135"},{"taxonomy":"product_cat","embeddable":true,"href":"https:\/\/www.claret.cat\/es\/wp-json\/wp\/v2\/product_cat?post=205135"},{"taxonomy":"product_tag","embeddable":true,"href":"https:\/\/www.claret.cat\/es\/wp-json\/wp\/v2\/product_tag?post=205135"}],"curies":[{"name":"wp","href":"https:\/\/api.w.org\/{rel}","templated":true}]}}