{"id":205144,"date":"2022-10-20T10:18:33","date_gmt":"2022-10-20T08:18:33","guid":{"rendered":"http:\/\/dev.claret.cat\/producte\/la-interioridad-como-paradigma-educativo\/"},"modified":"2024-05-02T06:15:57","modified_gmt":"2024-05-02T04:15:57","slug":"la-interioridad-como-paradigma-educativo-9788428831239","status":"publish","type":"product","link":"https:\/\/www.claret.cat\/es\/libro\/la-interioridad-como-paradigma-educativo-9788428831239\/","title":{"rendered":"LA INTERIORIDAD COMO PARADIGMA EDUCATIVO"},"content":{"rendered":"<p>Hace solo algunos a\u00f1os, la educaci\u00f3n de la interioridad se presentaba como un paradigma emergente. Desde entonces se ha ido constatando como una creciente necesidad, y hoy se percibe n\u00edtidamente como una oportunidad educativa completamente necesaria en los \u00e1mbitos escolares, y quiz\u00e1 tambi\u00e9n en otros. Precisamente por esa presencia normalizada en muchos centros escolares, los fundamentos de la educaci\u00f3n de la interioridad deben ser clarificados y profundizados para que su aplicaci\u00f3n no obedezca a una mera moda y no sea fruto de un momento, que acabar\u00e1 difumin\u00e1ndose o despareciendo en pro de otros proyectos o urgencias. Estamos convencidos de que este nuevo siglo y los retos que el mundo globalizado plantea hacen imprescindible el regreso al cultivo de la dimensi\u00f3n interior de las personas tanto en la familia como en la escuela.<\/p>\n","protected":false},"excerpt":{"rendered":"<p>ELENA ANDRES SUAREZ \/ CARLOS ESTEBAN GARCES<\/p>\n","protected":false},"featured_media":337651,"template":"","meta":{"_acf_changed":false,"om_disable_all_campaigns":false,"rs_blank_template":"","rs_page_bg_color":"","slide_template_v7":"","inline_featured_image":false,"_monsterinsights_skip_tracking":false,"_monsterinsights_sitenote_active":false,"_monsterinsights_sitenote_note":"","_monsterinsights_sitenote_category":0},"product_brand":[],"product_cat":[82,348],"product_tag":[],"class_list":{"0":"post-205144","1":"product","2":"type-product","3":"status-publish","4":"has-post-thumbnail","6":"product_cat-pedagogia","7":"product_cat-pedagogia-2_humanidades","9":"first","10":"instock","11":"taxable","12":"shipping-taxable","13":"purchasable","14":"product-type-simple"},"acf":{"autor":"ELENA ANDRES SUAREZ \/ CARLOS ESTEBAN GARCES","codart":"842883123","libros-coleccion":"Educar","ediciones":"1","encuadernacion":"R\u00fastica","fecha_de_publicacion":"01\/07\/2017","novedad":"1","paginas":"237","subtitulo":"","orden":"0","portada":"0","idioma":"spa","editorial":[{"ID":148692,"post_author":"3","post_date":"2022-10-14 12:00:14","post_date_gmt":"2022-10-14 10:00:14","post_content":"","post_title":"PPC EDITORIAL","post_excerpt":"","post_status":"publish","comment_status":"closed","ping_status":"closed","post_password":"","post_name":"ppc-editorial","to_ping":"","pinged":"","post_modified":"2022-10-14 12:00:14","post_modified_gmt":"2022-10-14 10:00:14","post_content_filtered":"","post_parent":0,"guid":"http:\/\/dev.claret.cat\/editorial\/ppc-editorial\/","menu_order":0,"post_type":"editorial","post_mime_type":"","comment_count":"0","filter":"raw"}],"autores-libros":[{"ID":154717,"post_author":"3","post_date":"2022-10-14 15:07:03","post_date_gmt":"2022-10-14 13:07:03","post_content":"","post_title":"ELENA ANDR\u00c9S SU\u00c1REZ","post_excerpt":"","post_status":"publish","comment_status":"closed","ping_status":"closed","post_password":"","post_name":"elena-andres-suarez","to_ping":"","pinged":"","post_modified":"2022-10-14 15:07:03","post_modified_gmt":"2022-10-14 13:07:03","post_content_filtered":"","post_parent":0,"guid":"http:\/\/dev.claret.cat\/autor\/elena-andres-suarez\/","menu_order":0,"post_type":"autor","post_mime_type":"","comment_count":"0","filter":"raw"},{"ID":152247,"post_author":"3","post_date":"2022-10-14 14:47:15","post_date_gmt":"2022-10-14 12:47:15","post_content":"","post_title":"CARLOS ESTEBAN GARCES","post_excerpt":"","post_status":"publish","comment_status":"closed","ping_status":"closed","post_password":"","post_name":"carlos-esteban-garces","to_ping":"","pinged":"","post_modified":"2022-10-14 14:47:15","post_modified_gmt":"2022-10-14 12:47:15","post_content_filtered":"","post_parent":0,"guid":"http:\/\/dev.claret.cat\/autor\/carlos-esteban-garces\/","menu_order":0,"post_type":"autor","post_mime_type":"","comment_count":"0","filter":"raw"}]},"aioseo_notices":[],"_links":{"self":[{"href":"https:\/\/www.claret.cat\/es\/wp-json\/wp\/v2\/product\/205144","targetHints":{"allow":["GET"]}}],"collection":[{"href":"https:\/\/www.claret.cat\/es\/wp-json\/wp\/v2\/product"}],"about":[{"href":"https:\/\/www.claret.cat\/es\/wp-json\/wp\/v2\/types\/product"}],"wp:featuredmedia":[{"embeddable":true,"href":"https:\/\/www.claret.cat\/es\/wp-json\/wp\/v2\/media\/337651"}],"wp:attachment":[{"href":"https:\/\/www.claret.cat\/es\/wp-json\/wp\/v2\/media?parent=205144"}],"wp:term":[{"taxonomy":"product_brand","embeddable":true,"href":"https:\/\/www.claret.cat\/es\/wp-json\/wp\/v2\/product_brand?post=205144"},{"taxonomy":"product_cat","embeddable":true,"href":"https:\/\/www.claret.cat\/es\/wp-json\/wp\/v2\/product_cat?post=205144"},{"taxonomy":"product_tag","embeddable":true,"href":"https:\/\/www.claret.cat\/es\/wp-json\/wp\/v2\/product_tag?post=205144"}],"curies":[{"name":"wp","href":"https:\/\/api.w.org\/{rel}","templated":true}]}}