{"id":205249,"date":"2022-10-20T10:20:24","date_gmt":"2022-10-20T08:20:24","guid":{"rendered":"http:\/\/dev.claret.cat\/producte\/llengua-dibuixadala\/"},"modified":"2023-01-28T19:47:32","modified_gmt":"2023-01-28T18:47:32","slug":"llengua-dibuixadala-9788494634772","status":"publish","type":"product","link":"https:\/\/www.claret.cat\/es\/libro\/llengua-dibuixadala-9788494634772\/","title":{"rendered":"LLENGUA DIBUIXADA,LA"},"content":{"rendered":"<p>Enric Larreula ens parla de la seva lluita per salvar l\u2019\u00fas de la llengua catalana tot aprofitant els dibuixos que entre els anys 1977 i 1984 va fer per a la revista Butllet\u00ed dels Seminaris de la DEC d\u2019\u00d2mnium Cultural, en els quals intentava ridiculitzar les actituds i el discurs dels contraris a la Normalitzaci\u00f3 Ling\u00fc\u00edstica.<br \/>Com que la situaci\u00f3 actual de la llengua catalana continua essent cr\u00edtica, ha afegit nous acudits dibuixats per continuar denunciant-ho.<br \/>\u00abL\u2019Enric ens dibuixa la llengua i ens en dibuixa els parlants, amb complexos, febleses i pors. Els ingredients imprescindibles per a la baixa autoestima. Per\u00f2 tamb\u00e9 ens fa una picada d\u2019ullet. Aix\u00f2 dep\u00e8n de nosaltres, ens diu amb aquella mirada m\u00farria plena de saviesa\u2026 I necessitem desfer-nos d\u2019aquella estaca que ens mant\u00e9 fermats a la submissi\u00f3 ling\u00fc\u00edstica, aprenent a fer servir el catal\u00e0 en qualsevol situaci\u00f3 i amb plena comoditat. La llengua dibuixada \u00e9s una invitaci\u00f3 a la normalitat. Acceptem-la.\u00bb David Vila i Ros<\/p>\n","protected":false},"excerpt":{"rendered":"<p>LARREULA,ENRIC<\/p>\n","protected":false},"featured_media":321398,"template":"","meta":{"_acf_changed":false,"om_disable_all_campaigns":false,"rs_blank_template":"","rs_page_bg_color":"","slide_template_v7":"","inline_featured_image":false,"_monsterinsights_skip_tracking":false,"_monsterinsights_sitenote_active":false,"_monsterinsights_sitenote_note":"","_monsterinsights_sitenote_category":0},"product_brand":[],"product_cat":[87,353],"product_tag":[],"class_list":{"0":"post-205249","1":"product","2":"type-product","3":"status-publish","4":"has-post-thumbnail","6":"product_cat-literatura","7":"product_cat-literatura-2_humanidades","9":"first","10":"instock","11":"taxable","12":"shipping-taxable","13":"purchasable","14":"product-type-simple"},"acf":{"autor":"LARREULA,ENRIC","codart":"849463477","libros-coleccion":"","ediciones":"1","encuadernacion":"Carpeta","fecha_de_publicacion":"01\/07\/2017","novedad":"1","paginas":"92","subtitulo":"","orden":"0","portada":"0","idioma":"cat","editorial":[{"ID":148970,"post_author":"3","post_date":"2022-10-14 12:02:26","post_date_gmt":"2022-10-14 10:02:26","post_content":"","post_title":"VOLIANA EDICIONS","post_excerpt":"","post_status":"publish","comment_status":"closed","ping_status":"closed","post_password":"","post_name":"voliana-edicions","to_ping":"","pinged":"","post_modified":"2022-10-14 12:02:26","post_modified_gmt":"2022-10-14 10:02:26","post_content_filtered":"","post_parent":0,"guid":"http:\/\/dev.claret.cat\/editorial\/voliana-edicions\/","menu_order":0,"post_type":"editorial","post_mime_type":"","comment_count":"0","filter":"raw"}],"autores-libros":[{"ID":155116,"post_author":"3","post_date":"2022-10-14 15:10:17","post_date_gmt":"2022-10-14 13:10:17","post_content":"","post_title":"ENRIC LARREULA","post_excerpt":"","post_status":"publish","comment_status":"closed","ping_status":"closed","post_password":"","post_name":"enric-larreula","to_ping":"","pinged":"","post_modified":"2022-10-14 15:10:17","post_modified_gmt":"2022-10-14 13:10:17","post_content_filtered":"","post_parent":0,"guid":"http:\/\/dev.claret.cat\/autor\/enric-larreula\/","menu_order":0,"post_type":"autor","post_mime_type":"","comment_count":"0","filter":"raw"}]},"aioseo_notices":[],"_links":{"self":[{"href":"https:\/\/www.claret.cat\/es\/wp-json\/wp\/v2\/product\/205249","targetHints":{"allow":["GET"]}}],"collection":[{"href":"https:\/\/www.claret.cat\/es\/wp-json\/wp\/v2\/product"}],"about":[{"href":"https:\/\/www.claret.cat\/es\/wp-json\/wp\/v2\/types\/product"}],"wp:featuredmedia":[{"embeddable":true,"href":"https:\/\/www.claret.cat\/es\/wp-json\/wp\/v2\/media\/321398"}],"wp:attachment":[{"href":"https:\/\/www.claret.cat\/es\/wp-json\/wp\/v2\/media?parent=205249"}],"wp:term":[{"taxonomy":"product_brand","embeddable":true,"href":"https:\/\/www.claret.cat\/es\/wp-json\/wp\/v2\/product_brand?post=205249"},{"taxonomy":"product_cat","embeddable":true,"href":"https:\/\/www.claret.cat\/es\/wp-json\/wp\/v2\/product_cat?post=205249"},{"taxonomy":"product_tag","embeddable":true,"href":"https:\/\/www.claret.cat\/es\/wp-json\/wp\/v2\/product_tag?post=205249"}],"curies":[{"name":"wp","href":"https:\/\/api.w.org\/{rel}","templated":true}]}}