{"id":205276,"date":"2022-10-20T10:20:53","date_gmt":"2022-10-20T08:20:53","guid":{"rendered":"http:\/\/dev.claret.cat\/producte\/abuela-va-a-la-escuela-tucan-verdela\/"},"modified":"2024-02-08T13:29:22","modified_gmt":"2024-02-08T12:29:22","slug":"abuela-va-a-la-escuela-tucan-verdela-9788468331201","status":"publish","type":"product","link":"https:\/\/www.claret.cat\/es\/libro\/abuela-va-a-la-escuela-tucan-verdela-9788468331201\/","title":{"rendered":"ABUELA VA A LA ESCUELA TUCAN VERDE,LA"},"content":{"rendered":"<p>\u00bfTe imaginas que fueras a clase con tu abuela? \u00bfSe portar\u00eda bien? \u00bfLa castigar\u00edan mucho los profes? Estas preguntas tambi\u00e9n se las har\u00e1 Maite, la nueva alumna del colegio de Calasfera que tiene 75 a\u00f1os y una gran prueba por delante: evitar que cierren el colegio. Bienvenidos a una aventura donde todos van a tener que aprender\u2026 y ense\u00f1ar todo lo que saben. Psssssss, silencio. \u00a1La clase est\u00e1 a punto de empezar!<\/p>\n","protected":false},"excerpt":{"rendered":"<p>GARCIA DE ORO,GABRIEL<\/p>\n","protected":false},"featured_media":205277,"template":"","meta":{"_acf_changed":false,"om_disable_all_campaigns":false,"rs_blank_template":"","rs_page_bg_color":"","slide_template_v7":"","inline_featured_image":false,"_monsterinsights_skip_tracking":false,"_monsterinsights_sitenote_active":false,"_monsterinsights_sitenote_note":"","_monsterinsights_sitenote_category":0},"product_brand":[],"product_cat":[90,540],"product_tag":[],"class_list":{"0":"post-205276","1":"product","2":"type-product","3":"status-publish","4":"has-post-thumbnail","6":"product_cat-altres","7":"product_cat-otros","9":"first","10":"instock","11":"taxable","12":"shipping-taxable","13":"purchasable","14":"product-type-simple"},"acf":{"autor":"GARCIA DE ORO,GABRIEL","codart":"846833120","libros-coleccion":"SUSHI BOOKS","ediciones":"1","encuadernacion":"Carpeta","fecha_de_publicacion":"01\/07\/2017","novedad":"1","paginas":"0","subtitulo":"","orden":"0","portada":"0","idioma":"spa","editorial":[{"ID":6193,"post_author":"3","post_date":"2022-07-28 17:46:53","post_date_gmt":"2022-07-28 15:46:53","post_content":"","post_title":"EDEBE GUADIEL","post_excerpt":"","post_status":"publish","comment_status":"closed","ping_status":"closed","post_password":"","post_name":"edebe-guadiel","to_ping":"","pinged":"","post_modified":"2022-07-28 17:46:53","post_modified_gmt":"2022-07-28 15:46:53","post_content_filtered":"","post_parent":0,"guid":"http:\/\/dev.claret.cat\/editorial\/edebe-guadiel\/","menu_order":0,"post_type":"editorial","post_mime_type":"","comment_count":"0","filter":"raw"}],"autores-libros":[{"ID":156519,"post_author":"3","post_date":"2022-10-14 15:21:27","post_date_gmt":"2022-10-14 13:21:27","post_content":"","post_title":"GABRIEL GARC\u00cdA DE ORO","post_excerpt":"","post_status":"publish","comment_status":"closed","ping_status":"closed","post_password":"","post_name":"gabriel-garcia-de-oro","to_ping":"","pinged":"","post_modified":"2022-10-14 15:21:27","post_modified_gmt":"2022-10-14 13:21:27","post_content_filtered":"","post_parent":0,"guid":"http:\/\/dev.claret.cat\/autor\/gabriel-garcia-de-oro\/","menu_order":0,"post_type":"autor","post_mime_type":"","comment_count":"0","filter":"raw"}]},"aioseo_notices":[],"_links":{"self":[{"href":"https:\/\/www.claret.cat\/es\/wp-json\/wp\/v2\/product\/205276","targetHints":{"allow":["GET"]}}],"collection":[{"href":"https:\/\/www.claret.cat\/es\/wp-json\/wp\/v2\/product"}],"about":[{"href":"https:\/\/www.claret.cat\/es\/wp-json\/wp\/v2\/types\/product"}],"wp:featuredmedia":[{"embeddable":true,"href":"https:\/\/www.claret.cat\/es\/wp-json\/wp\/v2\/media\/205277"}],"wp:attachment":[{"href":"https:\/\/www.claret.cat\/es\/wp-json\/wp\/v2\/media?parent=205276"}],"wp:term":[{"taxonomy":"product_brand","embeddable":true,"href":"https:\/\/www.claret.cat\/es\/wp-json\/wp\/v2\/product_brand?post=205276"},{"taxonomy":"product_cat","embeddable":true,"href":"https:\/\/www.claret.cat\/es\/wp-json\/wp\/v2\/product_cat?post=205276"},{"taxonomy":"product_tag","embeddable":true,"href":"https:\/\/www.claret.cat\/es\/wp-json\/wp\/v2\/product_tag?post=205276"}],"curies":[{"name":"wp","href":"https:\/\/api.w.org\/{rel}","templated":true}]}}