{"id":205303,"date":"2022-10-20T10:21:22","date_gmt":"2022-10-20T08:21:22","guid":{"rendered":"http:\/\/dev.claret.cat\/producte\/tot-aixo-ho-faig-perque-tinc-molta-por\/"},"modified":"2024-01-31T19:03:06","modified_gmt":"2024-01-31T18:03:06","slug":"tot-aixo-ho-faig-perque-tinc-molta-por-9788417031145","status":"publish","type":"product","link":"https:\/\/www.claret.cat\/es\/libro\/tot-aixo-ho-faig-perque-tinc-molta-por-9788417031145\/","title":{"rendered":"TOT AIX\u00d2 HO FAIG PERQU\u00c8 TINC MOLTA POR"},"content":{"rendered":"<p>Nom\u00e9s alg\u00fa amb l&#8217;instint narratiu, l&#8217;agilitat i l&#8217;humor d&#8217;Empar Moliner podia haver escrit un llibre com Tot aix\u00f2 ho faig perqu\u00e8 tinc molta por, una joia liter\u00e0ria que commou i diverteix el lector del principi al final. Les dificultats d&#8217;afrontar l&#8217;absurd, de viure sense por i d&#8217;estimar sense fer mal s\u00f3n tractades amb tanta lucidesa com sarcasme. Les dues mares de l&#8217;escola que fan running pel bosc, el presentador que vol lligar-se l&#8217;entrevistat, la por que un fill prengui mal, la parella que ja no riu, l&#8217;esnobisme gastron\u00f2mic i tantes neurosis quotidianes apareixen en aquest llibre brillant. Pocs escriptors retraten tan b\u00e9 la nostra \u00e8poca com Empar Moliner.<\/p>\n","protected":false},"excerpt":{"rendered":"<p>MOLINER., EMPAR<\/p>\n","protected":false},"featured_media":205304,"template":"","meta":{"_acf_changed":false,"om_disable_all_campaigns":false,"rs_blank_template":"","rs_page_bg_color":"","slide_template_v7":"","inline_featured_image":false,"_monsterinsights_skip_tracking":false,"_monsterinsights_sitenote_active":false,"_monsterinsights_sitenote_note":"","_monsterinsights_sitenote_category":0},"product_brand":[],"product_cat":[87,353],"product_tag":[],"class_list":{"0":"post-205303","1":"product","2":"type-product","3":"status-publish","4":"has-post-thumbnail","6":"product_cat-literatura","7":"product_cat-literatura-2_humanidades","9":"first","10":"instock","11":"taxable","12":"shipping-taxable","13":"purchasable","14":"product-type-simple"},"acf":{"autor":"MOLINER., EMPAR","codart":"841703114","libros-coleccion":"LABUTXACA","ediciones":"1","encuadernacion":"R\u00fastica","fecha_de_publicacion":"01\/07\/2017","novedad":"1","paginas":"203","subtitulo":"PREMI MERC\u00c8 RODOREDA 2015","orden":"0","portada":"0","idioma":"cat","editorial":[{"ID":6281,"post_author":"3","post_date":"2022-07-28 17:48:50","post_date_gmt":"2022-07-28 15:48:50","post_content":"","post_title":"LABUTXACA","post_excerpt":"","post_status":"publish","comment_status":"closed","ping_status":"closed","post_password":"","post_name":"labutxaca","to_ping":"","pinged":"","post_modified":"2022-07-28 17:48:50","post_modified_gmt":"2022-07-28 15:48:50","post_content_filtered":"","post_parent":0,"guid":"http:\/\/dev.claret.cat\/editorial\/labutxaca\/","menu_order":0,"post_type":"editorial","post_mime_type":"","comment_count":"0","filter":"raw"}],"autores-libros":[{"ID":422264,"post_author":"3","post_date":"2023-05-16 07:15:22","post_date_gmt":"2023-05-16 05:15:22","post_content":"","post_title":"EMPAR MOLINER.","post_excerpt":"","post_status":"publish","comment_status":"closed","ping_status":"closed","post_password":"","post_name":"empar-moliner-2","to_ping":"","pinged":"","post_modified":"2023-05-16 07:15:22","post_modified_gmt":"2023-05-16 05:15:22","post_content_filtered":"","post_parent":0,"guid":"https:\/\/www.claret.cat\/autor\/empar-moliner-2\/","menu_order":0,"post_type":"autor","post_mime_type":"","comment_count":"0","filter":"raw"}]},"aioseo_notices":[],"_links":{"self":[{"href":"https:\/\/www.claret.cat\/es\/wp-json\/wp\/v2\/product\/205303","targetHints":{"allow":["GET"]}}],"collection":[{"href":"https:\/\/www.claret.cat\/es\/wp-json\/wp\/v2\/product"}],"about":[{"href":"https:\/\/www.claret.cat\/es\/wp-json\/wp\/v2\/types\/product"}],"wp:featuredmedia":[{"embeddable":true,"href":"https:\/\/www.claret.cat\/es\/wp-json\/wp\/v2\/media\/205304"}],"wp:attachment":[{"href":"https:\/\/www.claret.cat\/es\/wp-json\/wp\/v2\/media?parent=205303"}],"wp:term":[{"taxonomy":"product_brand","embeddable":true,"href":"https:\/\/www.claret.cat\/es\/wp-json\/wp\/v2\/product_brand?post=205303"},{"taxonomy":"product_cat","embeddable":true,"href":"https:\/\/www.claret.cat\/es\/wp-json\/wp\/v2\/product_cat?post=205303"},{"taxonomy":"product_tag","embeddable":true,"href":"https:\/\/www.claret.cat\/es\/wp-json\/wp\/v2\/product_tag?post=205303"}],"curies":[{"name":"wp","href":"https:\/\/api.w.org\/{rel}","templated":true}]}}