{"id":205405,"date":"2022-10-20T10:23:08","date_gmt":"2022-10-20T08:23:08","guid":{"rendered":"http:\/\/dev.claret.cat\/producte\/cuaderno-practico-para-educar-a-tu-hijo-sin-gritarle\/"},"modified":"2023-01-28T21:30:09","modified_gmt":"2023-01-28T20:30:09","slug":"cuaderno-practico-para-educar-a-tu-hijo-sin-gritarle-9788416972166","status":"publish","type":"product","link":"https:\/\/www.claret.cat\/es\/libro\/cuaderno-practico-para-educar-a-tu-hijo-sin-gritarle-9788416972166\/","title":{"rendered":"CUADERNO PR\u00c1CTICO PARA EDUCAR A TU HIJO SIN GRITARLE"},"content":{"rendered":"<p>Los libros atractivos y asequibles de esta serie proveen actividades detalladas que acent\u00faan los aspectos m\u00e1s positivos y enriquecedores de la vida y fomentan el tomar un rol m\u00e1s activo en lograr la felicidad. Escritos con un formato de cuaderno de ejercicios, estos libros le permiten al lector tomar control de su vida al completar ejercicios, tomar notas y hacer los libros suyos. Clara, concisa y pr\u00e1ctica, esta gu\u00eda \u00fatil les ense\u00f1a a los padres como disciplinar a sus hijos sin molestarse y gritarles.<\/p>\n","protected":false},"excerpt":{"rendered":"<p>GUIBERT, ANNE<\/p>\n","protected":false},"featured_media":205406,"template":"","meta":{"_acf_changed":false,"om_disable_all_campaigns":false,"rs_blank_template":"","rs_page_bg_color":"","slide_template_v7":"","inline_featured_image":false,"_monsterinsights_skip_tracking":false,"_monsterinsights_sitenote_active":false,"_monsterinsights_sitenote_note":"","_monsterinsights_sitenote_category":0},"product_brand":[],"product_cat":[16],"product_tag":[],"class_list":{"0":"post-205405","1":"product","2":"type-product","3":"status-publish","4":"has-post-thumbnail","6":"product_cat-sense-categoria","8":"first","9":"instock","10":"taxable","11":"shipping-taxable","12":"purchasable","13":"product-type-simple"},"acf":{"autor":"GUIBERT, ANNE","codart":"841697216","libros-coleccion":"FORA DE COL.LECCI\u00d3","ediciones":"1","encuadernacion":"R\u00fastica","fecha_de_publicacion":"01\/07\/2017","novedad":"1","paginas":"61","subtitulo":"","orden":"0","portada":"0","idioma":"spa","editorial":[{"ID":148867,"post_author":"3","post_date":"2022-10-14 12:01:36","post_date_gmt":"2022-10-14 10:01:36","post_content":"","post_title":"Terapias Verdes","post_excerpt":"","post_status":"publish","comment_status":"closed","ping_status":"closed","post_password":"","post_name":"terapias-verdes","to_ping":"","pinged":"","post_modified":"2022-10-14 12:01:36","post_modified_gmt":"2022-10-14 10:01:36","post_content_filtered":"","post_parent":0,"guid":"http:\/\/dev.claret.cat\/editorial\/terapias-verdes\/","menu_order":0,"post_type":"editorial","post_mime_type":"","comment_count":"0","filter":"raw"}]},"aioseo_notices":[],"_links":{"self":[{"href":"https:\/\/www.claret.cat\/es\/wp-json\/wp\/v2\/product\/205405","targetHints":{"allow":["GET"]}}],"collection":[{"href":"https:\/\/www.claret.cat\/es\/wp-json\/wp\/v2\/product"}],"about":[{"href":"https:\/\/www.claret.cat\/es\/wp-json\/wp\/v2\/types\/product"}],"wp:featuredmedia":[{"embeddable":true,"href":"https:\/\/www.claret.cat\/es\/wp-json\/wp\/v2\/media\/205406"}],"wp:attachment":[{"href":"https:\/\/www.claret.cat\/es\/wp-json\/wp\/v2\/media?parent=205405"}],"wp:term":[{"taxonomy":"product_brand","embeddable":true,"href":"https:\/\/www.claret.cat\/es\/wp-json\/wp\/v2\/product_brand?post=205405"},{"taxonomy":"product_cat","embeddable":true,"href":"https:\/\/www.claret.cat\/es\/wp-json\/wp\/v2\/product_cat?post=205405"},{"taxonomy":"product_tag","embeddable":true,"href":"https:\/\/www.claret.cat\/es\/wp-json\/wp\/v2\/product_tag?post=205405"}],"curies":[{"name":"wp","href":"https:\/\/api.w.org\/{rel}","templated":true}]}}