{"id":205429,"date":"2022-10-20T10:23:33","date_gmt":"2022-10-20T08:23:33","guid":{"rendered":"http:\/\/dev.claret.cat\/producte\/portugal-7\/"},"modified":"2023-01-28T19:56:06","modified_gmt":"2023-01-28T18:56:06","slug":"portugal-7-9788408165262","status":"publish","type":"product","link":"https:\/\/www.claret.cat\/es\/libro\/portugal-7-9788408165262\/","title":{"rendered":"PORTUGAL 7"},"content":{"rendered":"<p>En Portugal, no es dif\u00edcil caer rendido ante el paisaje, el ritmo de la vida rural, la comida y el vino. Hay que entregarse al placer de explorar las playas escondidas a lo largo de la Costa Vicentina, dar pintorescos paseos por la Serra da Estrela y vagar por los rincones menos concurridos del Alentejo, un lugar m\u00e1gico para descubrir el alma tradicional de Portugal. Pero son los propios portugueses los que hacen que este pa\u00eds sea tan especial. Pese a su apariencia arisca, pura fachada, se cuentan entre las personas m\u00e1s amables y c\u00e1lidas del mundo.<\/p>\n","protected":false},"excerpt":{"rendered":"<p>ST.LOUIS, REGIS \/ RAUB, KEVIN \/ DI DUCA, MARC \/ CHRISTIANI, KERRY \/ ARMSTRONG, <\/p>\n","protected":false},"featured_media":205430,"template":"","meta":{"_acf_changed":false,"om_disable_all_campaigns":false,"rs_blank_template":"","rs_page_bg_color":"","slide_template_v7":"","inline_featured_image":false,"_monsterinsights_skip_tracking":false,"_monsterinsights_sitenote_active":false,"_monsterinsights_sitenote_note":"","_monsterinsights_sitenote_category":0},"product_brand":[],"product_cat":[107],"product_tag":[],"class_list":{"0":"post-205429","1":"product","2":"type-product","3":"status-publish","4":"has-post-thumbnail","6":"product_cat-guies-de-viatge","8":"first","9":"instock","10":"taxable","11":"shipping-taxable","12":"purchasable","13":"product-type-simple"},"acf":{"autor":"ST.LOUIS, REGIS \/ RAUB, KEVIN \/ DI DUCA, MARC \/ CHRISTIANI, KERRY \/ ARMSTRONG, ","codart":"840816526","libros-coleccion":"FORA DE COL.LECCI\u00d3","ediciones":"1","encuadernacion":"R\u00fastica","fecha_de_publicacion":"01\/07\/2017","novedad":"1","paginas":"544","subtitulo":"","orden":"0","portada":"0","idioma":"spa","editorial":[{"ID":6377,"post_author":"3","post_date":"2022-07-28 17:50:53","post_date_gmt":"2022-07-28 15:50:53","post_content":"","post_title":"Timun Mas CAT","post_excerpt":"","post_status":"publish","comment_status":"closed","ping_status":"closed","post_password":"","post_name":"timun-mas-cat","to_ping":"","pinged":"","post_modified":"2022-07-28 17:50:53","post_modified_gmt":"2022-07-28 15:50:53","post_content_filtered":"","post_parent":0,"guid":"http:\/\/dev.claret.cat\/editorial\/timun-mas-cat\/","menu_order":0,"post_type":"editorial","post_mime_type":"","comment_count":"0","filter":"raw"}],"autores-libros":[{"ID":163306,"post_author":"3","post_date":"2022-10-14 17:37:58","post_date_gmt":"2022-10-14 15:37:58","post_content":"","post_title":"MARC DI DUCA","post_excerpt":"","post_status":"publish","comment_status":"closed","ping_status":"closed","post_password":"","post_name":"marc-di-duca","to_ping":"","pinged":"","post_modified":"2022-10-14 17:37:58","post_modified_gmt":"2022-10-14 15:37:58","post_content_filtered":"","post_parent":0,"guid":"http:\/\/dev.claret.cat\/autor\/marc-di-duca\/","menu_order":0,"post_type":"autor","post_mime_type":"","comment_count":"0","filter":"raw"},{"ID":167939,"post_author":"3","post_date":"2022-10-14 18:15:13","post_date_gmt":"2022-10-14 16:15:13","post_content":"","post_title":"REGIS ST.LOUIS","post_excerpt":"","post_status":"publish","comment_status":"closed","ping_status":"closed","post_password":"","post_name":"regis-st-louis","to_ping":"","pinged":"","post_modified":"2022-10-14 18:15:13","post_modified_gmt":"2022-10-14 16:15:13","post_content_filtered":"","post_parent":0,"guid":"http:\/\/dev.claret.cat\/autor\/regis-st-louis\/","menu_order":0,"post_type":"autor","post_mime_type":"","comment_count":"0","filter":"raw"},{"ID":161644,"post_author":"3","post_date":"2022-10-14 17:19:53","post_date_gmt":"2022-10-14 15:19:53","post_content":"","post_title":"KERRY CHRISTIANI","post_excerpt":"","post_status":"publish","comment_status":"closed","ping_status":"closed","post_password":"","post_name":"kerry-christiani","to_ping":"","pinged":"","post_modified":"2022-10-14 17:19:53","post_modified_gmt":"2022-10-14 15:19:53","post_content_filtered":"","post_parent":0,"guid":"http:\/\/dev.claret.cat\/autor\/kerry-christiani\/","menu_order":0,"post_type":"autor","post_mime_type":"","comment_count":"0","filter":"raw"},{"ID":161657,"post_author":"3","post_date":"2022-10-14 17:19:59","post_date_gmt":"2022-10-14 15:19:59","post_content":"","post_title":"KEVIN RAUB","post_excerpt":"","post_status":"publish","comment_status":"closed","ping_status":"closed","post_password":"","post_name":"kevin-raub","to_ping":"","pinged":"","post_modified":"2022-10-14 17:19:59","post_modified_gmt":"2022-10-14 15:19:59","post_content_filtered":"","post_parent":0,"guid":"http:\/\/dev.claret.cat\/autor\/kevin-raub\/","menu_order":0,"post_type":"autor","post_mime_type":"","comment_count":"0","filter":"raw"}]},"aioseo_notices":[],"_links":{"self":[{"href":"https:\/\/www.claret.cat\/es\/wp-json\/wp\/v2\/product\/205429","targetHints":{"allow":["GET"]}}],"collection":[{"href":"https:\/\/www.claret.cat\/es\/wp-json\/wp\/v2\/product"}],"about":[{"href":"https:\/\/www.claret.cat\/es\/wp-json\/wp\/v2\/types\/product"}],"wp:featuredmedia":[{"embeddable":true,"href":"https:\/\/www.claret.cat\/es\/wp-json\/wp\/v2\/media\/205430"}],"wp:attachment":[{"href":"https:\/\/www.claret.cat\/es\/wp-json\/wp\/v2\/media?parent=205429"}],"wp:term":[{"taxonomy":"product_brand","embeddable":true,"href":"https:\/\/www.claret.cat\/es\/wp-json\/wp\/v2\/product_brand?post=205429"},{"taxonomy":"product_cat","embeddable":true,"href":"https:\/\/www.claret.cat\/es\/wp-json\/wp\/v2\/product_cat?post=205429"},{"taxonomy":"product_tag","embeddable":true,"href":"https:\/\/www.claret.cat\/es\/wp-json\/wp\/v2\/product_tag?post=205429"}],"curies":[{"name":"wp","href":"https:\/\/api.w.org\/{rel}","templated":true}]}}