{"id":205432,"date":"2022-10-20T10:23:36","date_gmt":"2022-10-20T08:23:36","guid":{"rendered":"http:\/\/dev.claret.cat\/producte\/escocia-7\/"},"modified":"2023-01-28T23:12:00","modified_gmt":"2023-01-28T22:12:00","slug":"escocia-7-9788408165309","status":"publish","type":"product","link":"https:\/\/www.claret.cat\/es\/libro\/escocia-7-9788408165309\/","title":{"rendered":"ESCOCIA 7"},"content":{"rendered":"<p>En Escocia las cuatro estaciones de verdad se suceden en un mismo d\u00eda, y uno siempre puede disfrutar de los mismos paisajes pero con aspectos diferentes: en agosto, el morado de los brezos ti\u00f1e las colinas; el oto\u00f1o regala el color dorado de los bosques aut\u00f3ctonos; en invierno, las monta\u00f1as se cubren de nieve; y en primavera, un manto de flores tapiza las f\u00e9rtiles tierras de las H\u00e9bridas. Como el tiempo es tan imprevisible, hay veces en que las nubes de los d\u00edas m\u00e1s lluviosos dejan paso, de repente, a los rayos de luz dorada. Pura magia.<\/p>\n","protected":false},"excerpt":{"rendered":"<p>WILSON, NEIL \/ SYMINGTON, ANDY<\/p>\n","protected":false},"featured_media":205433,"template":"","meta":{"_acf_changed":false,"om_disable_all_campaigns":false,"rs_blank_template":"","rs_page_bg_color":"","slide_template_v7":"","inline_featured_image":false,"_monsterinsights_skip_tracking":false,"_monsterinsights_sitenote_active":false,"_monsterinsights_sitenote_note":"","_monsterinsights_sitenote_category":0},"product_brand":[],"product_cat":[107],"product_tag":[],"class_list":{"0":"post-205432","1":"product","2":"type-product","3":"status-publish","4":"has-post-thumbnail","6":"product_cat-guies-de-viatge","8":"first","9":"instock","10":"taxable","11":"shipping-taxable","12":"purchasable","13":"product-type-simple"},"acf":{"autor":"WILSON, NEIL \/ SYMINGTON, ANDY","codart":"840816530","libros-coleccion":"FORA DE COL.LECCI\u00d3","ediciones":"1","encuadernacion":"R\u00fastica","fecha_de_publicacion":"01\/07\/2017","novedad":"1","paginas":"496","subtitulo":"","orden":"0","portada":"0","idioma":"spa","editorial":[{"ID":6377,"post_author":"3","post_date":"2022-07-28 17:50:53","post_date_gmt":"2022-07-28 15:50:53","post_content":"","post_title":"Timun Mas CAT","post_excerpt":"","post_status":"publish","comment_status":"closed","ping_status":"closed","post_password":"","post_name":"timun-mas-cat","to_ping":"","pinged":"","post_modified":"2022-07-28 17:50:53","post_modified_gmt":"2022-07-28 15:50:53","post_content_filtered":"","post_parent":0,"guid":"http:\/\/dev.claret.cat\/editorial\/timun-mas-cat\/","menu_order":0,"post_type":"editorial","post_mime_type":"","comment_count":"0","filter":"raw"}],"autores-libros":[{"ID":165738,"post_author":"3","post_date":"2022-10-14 17:57:33","post_date_gmt":"2022-10-14 15:57:33","post_content":"","post_title":"NEIL WILSON","post_excerpt":"","post_status":"publish","comment_status":"closed","ping_status":"closed","post_password":"","post_name":"neil-wilson","to_ping":"","pinged":"","post_modified":"2022-10-14 17:57:33","post_modified_gmt":"2022-10-14 15:57:33","post_content_filtered":"","post_parent":0,"guid":"http:\/\/dev.claret.cat\/autor\/neil-wilson\/","menu_order":0,"post_type":"autor","post_mime_type":"","comment_count":"0","filter":"raw"},{"ID":150352,"post_author":"3","post_date":"2022-10-14 14:32:15","post_date_gmt":"2022-10-14 12:32:15","post_content":"","post_title":"ANDY SYMINGTON","post_excerpt":"","post_status":"publish","comment_status":"closed","ping_status":"closed","post_password":"","post_name":"andy-symington","to_ping":"","pinged":"","post_modified":"2022-10-14 14:32:15","post_modified_gmt":"2022-10-14 12:32:15","post_content_filtered":"","post_parent":0,"guid":"http:\/\/dev.claret.cat\/autor\/andy-symington\/","menu_order":0,"post_type":"autor","post_mime_type":"","comment_count":"0","filter":"raw"}]},"aioseo_notices":[],"_links":{"self":[{"href":"https:\/\/www.claret.cat\/es\/wp-json\/wp\/v2\/product\/205432","targetHints":{"allow":["GET"]}}],"collection":[{"href":"https:\/\/www.claret.cat\/es\/wp-json\/wp\/v2\/product"}],"about":[{"href":"https:\/\/www.claret.cat\/es\/wp-json\/wp\/v2\/types\/product"}],"wp:featuredmedia":[{"embeddable":true,"href":"https:\/\/www.claret.cat\/es\/wp-json\/wp\/v2\/media\/205433"}],"wp:attachment":[{"href":"https:\/\/www.claret.cat\/es\/wp-json\/wp\/v2\/media?parent=205432"}],"wp:term":[{"taxonomy":"product_brand","embeddable":true,"href":"https:\/\/www.claret.cat\/es\/wp-json\/wp\/v2\/product_brand?post=205432"},{"taxonomy":"product_cat","embeddable":true,"href":"https:\/\/www.claret.cat\/es\/wp-json\/wp\/v2\/product_cat?post=205432"},{"taxonomy":"product_tag","embeddable":true,"href":"https:\/\/www.claret.cat\/es\/wp-json\/wp\/v2\/product_tag?post=205432"}],"curies":[{"name":"wp","href":"https:\/\/api.w.org\/{rel}","templated":true}]}}