{"id":205441,"date":"2022-10-20T10:23:45","date_gmt":"2022-10-20T08:23:45","guid":{"rendered":"http:\/\/dev.claret.cat\/producte\/laberintos-de-la-noche\/"},"modified":"2023-01-28T20:03:09","modified_gmt":"2023-01-28T19:03:09","slug":"laberintos-de-la-noche-978846666127","status":"publish","type":"product","link":"https:\/\/www.claret.cat\/es\/libro\/laberintos-de-la-noche-978846666127\/","title":{"rendered":"LABERINTOS DE LA NOCHE"},"content":{"rendered":"<p>Los hermanos Rand -Magnus, un m\u00e9dico astuto, y Hamilton, un genio de la qu\u00edmica- buscan obsesivamente una cura para lo que por entonces se conoce como la \u00abenfermedad de la sangre blanca\u00bb.<\/p>\n<p>En un anexo del Hospital de Greenwich, la enfermera Hester Monk est\u00e1 atendiendo al adinerado Bryson Radnor, uno de los pacientes moribundos de los hermanos Rand, cuando topa con tres ni\u00f1os d\u00e9biles y aterrorizados, y se da cuenta con horror de que los dos cient\u00edficos los han comprado para realizar experimentos con ellos. Los Rand est\u00e1n a punto de conseguir una cura milagrosa, y no pueden correr el riesgo de que se conozcan sus experimentos&#8230;<\/p>\n<p>Antes de que Hester pueda revelar el secreto, ella tambi\u00e9n cae prisionera. Mientras el comandante Wiliam Monk y sus fieles buscan a Hester en las oscuras calles londinenses y la bella campi\u00f1a inglesa, el tiempo se agota para la valiente enfermera y los ni\u00f1os a los que intenta proteger.<\/p>\n","protected":false},"excerpt":{"rendered":"<p>PERRY,ANNE<\/p>\n","protected":false},"featured_media":205442,"template":"","meta":{"_acf_changed":false,"om_disable_all_campaigns":false,"rs_blank_template":"","rs_page_bg_color":"","slide_template_v7":"","inline_featured_image":false,"_monsterinsights_skip_tracking":false,"_monsterinsights_sitenote_active":false,"_monsterinsights_sitenote_note":"","_monsterinsights_sitenote_category":0},"product_brand":[],"product_cat":[87],"product_tag":[],"class_list":{"0":"post-205441","1":"product","2":"type-product","3":"status-publish","4":"has-post-thumbnail","6":"product_cat-literatura","8":"first","9":"instock","10":"taxable","11":"shipping-taxable","12":"purchasable","13":"product-type-simple"},"acf":{"autor":"PERRY,ANNE","codart":"846666128","libros-coleccion":"FORA DE COL.LECCI\u00d3","ediciones":"1","encuadernacion":"Carpeta","fecha_de_publicacion":"01\/07\/2017","novedad":"1","paginas":"357","subtitulo":"","orden":"0","portada":"0","idioma":"spa","editorial":[{"ID":6200,"post_author":"3","post_date":"2022-07-28 17:47:00","post_date_gmt":"2022-07-28 15:47:00","post_content":"","post_title":"EDICIONES B","post_excerpt":"","post_status":"publish","comment_status":"closed","ping_status":"closed","post_password":"","post_name":"ediciones-b","to_ping":"","pinged":"","post_modified":"2022-07-28 17:47:00","post_modified_gmt":"2022-07-28 15:47:00","post_content_filtered":"","post_parent":0,"guid":"http:\/\/dev.claret.cat\/editorial\/ediciones-b\/","menu_order":0,"post_type":"editorial","post_mime_type":"","comment_count":"0","filter":"raw"}],"autores-libros":[{"ID":150707,"post_author":"3","post_date":"2022-10-14 14:35:06","post_date_gmt":"2022-10-14 12:35:06","post_content":"","post_title":"ANNE PERRY","post_excerpt":"","post_status":"publish","comment_status":"closed","ping_status":"closed","post_password":"","post_name":"anne-perry","to_ping":"","pinged":"","post_modified":"2022-10-14 14:35:06","post_modified_gmt":"2022-10-14 12:35:06","post_content_filtered":"","post_parent":0,"guid":"http:\/\/dev.claret.cat\/autor\/anne-perry\/","menu_order":0,"post_type":"autor","post_mime_type":"","comment_count":"0","filter":"raw"}]},"aioseo_notices":[],"_links":{"self":[{"href":"https:\/\/www.claret.cat\/es\/wp-json\/wp\/v2\/product\/205441","targetHints":{"allow":["GET"]}}],"collection":[{"href":"https:\/\/www.claret.cat\/es\/wp-json\/wp\/v2\/product"}],"about":[{"href":"https:\/\/www.claret.cat\/es\/wp-json\/wp\/v2\/types\/product"}],"wp:featuredmedia":[{"embeddable":true,"href":"https:\/\/www.claret.cat\/es\/wp-json\/wp\/v2\/media\/205442"}],"wp:attachment":[{"href":"https:\/\/www.claret.cat\/es\/wp-json\/wp\/v2\/media?parent=205441"}],"wp:term":[{"taxonomy":"product_brand","embeddable":true,"href":"https:\/\/www.claret.cat\/es\/wp-json\/wp\/v2\/product_brand?post=205441"},{"taxonomy":"product_cat","embeddable":true,"href":"https:\/\/www.claret.cat\/es\/wp-json\/wp\/v2\/product_cat?post=205441"},{"taxonomy":"product_tag","embeddable":true,"href":"https:\/\/www.claret.cat\/es\/wp-json\/wp\/v2\/product_tag?post=205441"}],"curies":[{"name":"wp","href":"https:\/\/api.w.org\/{rel}","templated":true}]}}