{"id":205474,"date":"2022-10-20T10:24:19","date_gmt":"2022-10-20T08:24:19","guid":{"rendered":"http:\/\/dev.claret.cat\/producte\/dragon-boy-2\/"},"modified":"2024-02-08T13:28:52","modified_gmt":"2024-02-08T12:28:52","slug":"dragon-boy-9788468331393","status":"publish","type":"product","link":"https:\/\/www.claret.cat\/es\/libro\/dragon-boy-9788468331393\/","title":{"rendered":"DRAGON BOY"},"content":{"rendered":"<p>Esta es la historia de Max. De hecho, es mucho m\u00e1s que eso, es el diario de Max. Un diario que te sorprender\u00e1 y har\u00e1 re\u00edr, pero con el que, adem\u00e1s, descubrir\u00e1s realmente qu\u00e9 es el coraje. Uno se puede poner una capa y jugar a tener superpoderes, pero yo s\u00e9 cu\u00e1les son los superpoderes de verdad: la amistad, la inteligencia, la imaginaci\u00f3n, la diversidad. \u00a1T\u00fa eres el superpoder!<\/p>\n","protected":false},"excerpt":{"rendered":"<p>SGARDOLI,GUIDO<\/p>\n","protected":false},"featured_media":205475,"template":"","meta":{"_acf_changed":false,"om_disable_all_campaigns":false,"rs_blank_template":"","rs_page_bg_color":"","slide_template_v7":"","inline_featured_image":false,"_monsterinsights_skip_tracking":false,"_monsterinsights_sitenote_active":false,"_monsterinsights_sitenote_note":"","_monsterinsights_sitenote_category":0},"product_brand":[],"product_cat":[86,352],"product_tag":[],"class_list":{"0":"post-205474","1":"product","2":"type-product","3":"status-publish","4":"has-post-thumbnail","6":"product_cat-infantil","7":"product_cat-infantil-3_infantil-juvenil-spa","9":"first","10":"instock","11":"taxable","12":"shipping-taxable","13":"purchasable","14":"product-type-simple"},"acf":{"autor":"SGARDOLI,GUIDO","codart":"846833139","libros-coleccion":"SUSHI BOOKS","ediciones":"1","encuadernacion":"Carpeta","fecha_de_publicacion":"01\/07\/2017","novedad":"1","paginas":"240","subtitulo":"","orden":"0","portada":"0","idioma":"spa","editorial":[{"ID":6193,"post_author":"3","post_date":"2022-07-28 17:46:53","post_date_gmt":"2022-07-28 15:46:53","post_content":"","post_title":"EDEBE GUADIEL","post_excerpt":"","post_status":"publish","comment_status":"closed","ping_status":"closed","post_password":"","post_name":"edebe-guadiel","to_ping":"","pinged":"","post_modified":"2022-07-28 17:46:53","post_modified_gmt":"2022-07-28 15:46:53","post_content_filtered":"","post_parent":0,"guid":"http:\/\/dev.claret.cat\/editorial\/edebe-guadiel\/","menu_order":0,"post_type":"editorial","post_mime_type":"","comment_count":"0","filter":"raw"}],"autores-libros":[{"ID":157183,"post_author":"3","post_date":"2022-10-14 15:26:47","post_date_gmt":"2022-10-14 13:26:47","post_content":"","post_title":"GUIDO SGARDOLI","post_excerpt":"","post_status":"publish","comment_status":"closed","ping_status":"closed","post_password":"","post_name":"guido-sgardoli","to_ping":"","pinged":"","post_modified":"2022-10-14 15:26:47","post_modified_gmt":"2022-10-14 13:26:47","post_content_filtered":"","post_parent":0,"guid":"http:\/\/dev.claret.cat\/autor\/guido-sgardoli\/","menu_order":0,"post_type":"autor","post_mime_type":"","comment_count":"0","filter":"raw"}]},"aioseo_notices":[],"_links":{"self":[{"href":"https:\/\/www.claret.cat\/es\/wp-json\/wp\/v2\/product\/205474","targetHints":{"allow":["GET"]}}],"collection":[{"href":"https:\/\/www.claret.cat\/es\/wp-json\/wp\/v2\/product"}],"about":[{"href":"https:\/\/www.claret.cat\/es\/wp-json\/wp\/v2\/types\/product"}],"wp:featuredmedia":[{"embeddable":true,"href":"https:\/\/www.claret.cat\/es\/wp-json\/wp\/v2\/media\/205475"}],"wp:attachment":[{"href":"https:\/\/www.claret.cat\/es\/wp-json\/wp\/v2\/media?parent=205474"}],"wp:term":[{"taxonomy":"product_brand","embeddable":true,"href":"https:\/\/www.claret.cat\/es\/wp-json\/wp\/v2\/product_brand?post=205474"},{"taxonomy":"product_cat","embeddable":true,"href":"https:\/\/www.claret.cat\/es\/wp-json\/wp\/v2\/product_cat?post=205474"},{"taxonomy":"product_tag","embeddable":true,"href":"https:\/\/www.claret.cat\/es\/wp-json\/wp\/v2\/product_tag?post=205474"}],"curies":[{"name":"wp","href":"https:\/\/api.w.org\/{rel}","templated":true}]}}