{"id":205582,"date":"2022-10-20T10:26:08","date_gmt":"2022-10-20T08:26:08","guid":{"rendered":"http:\/\/dev.claret.cat\/producte\/en-ruta-por-francia-2\/"},"modified":"2023-01-28T21:42:14","modified_gmt":"2023-01-28T20:42:14","slug":"en-ruta-por-francia-2-9788408165255","status":"publish","type":"product","link":"https:\/\/www.claret.cat\/es\/libro\/en-ruta-por-francia-2-9788408165255\/","title":{"rendered":"EN RUTA POR FRANCIA 2"},"content":{"rendered":"<p>Monumentos ic\u00f3nicos, abad\u00edas en islas, comida fabulosa, vinos excelentes? Abundan las razones para emprender un voyage por Francia. Tanto si se planea visitar las corniches de la Riviera francesa como perderse entre los Alpes nevados o probar los vinos sagrados de Champa\u00f1a, este pa\u00eds est\u00e1 hecho para recorrerlo a trav\u00e9s de rutas inolvidables que se adentran en su alma. Con paisajes impresionantes, autopistas estupendas y una de las redes de carreteras secundarias m\u00e1s completas del mundo solo queda abrocharse el cintur\u00f3n y \u00a1bon voyage!<\/p>\n","protected":false},"excerpt":{"rendered":"<p>CARILLET, JEAN-BERNARD \/ AVERBUCK, ALEXIS \/ ST.LOUIS, REGIS \/ BERRY, OLIVER \/ M<\/p>\n","protected":false},"featured_media":205583,"template":"","meta":{"_acf_changed":false,"om_disable_all_campaigns":false,"rs_blank_template":"","rs_page_bg_color":"","slide_template_v7":"","inline_featured_image":false,"_monsterinsights_skip_tracking":false,"_monsterinsights_sitenote_active":false,"_monsterinsights_sitenote_note":"","_monsterinsights_sitenote_category":0},"product_brand":[],"product_cat":[107],"product_tag":[],"class_list":{"0":"post-205582","1":"product","2":"type-product","3":"status-publish","4":"has-post-thumbnail","6":"product_cat-guies-de-viatge","8":"first","9":"instock","10":"taxable","11":"shipping-taxable","12":"purchasable","13":"product-type-simple"},"acf":{"autor":"CARILLET, JEAN-BERNARD \/ AVERBUCK, ALEXIS \/ ST.LOUIS, REGIS \/ BERRY, OLIVER \/ M","codart":"840816525","libros-coleccion":"FORA DE COL.LECCI\u00d3","ediciones":"1","encuadernacion":"R\u00fastica","fecha_de_publicacion":"01\/07\/2017","novedad":"1","paginas":"440","subtitulo":"38 RUTAS POR CARRETERA","orden":"0","portada":"0","idioma":"spa","editorial":[{"ID":6377,"post_author":"3","post_date":"2022-07-28 17:50:53","post_date_gmt":"2022-07-28 15:50:53","post_content":"","post_title":"Timun Mas CAT","post_excerpt":"","post_status":"publish","comment_status":"closed","ping_status":"closed","post_password":"","post_name":"timun-mas-cat","to_ping":"","pinged":"","post_modified":"2022-07-28 17:50:53","post_modified_gmt":"2022-07-28 15:50:53","post_content_filtered":"","post_parent":0,"guid":"http:\/\/dev.claret.cat\/editorial\/timun-mas-cat\/","menu_order":0,"post_type":"editorial","post_mime_type":"","comment_count":"0","filter":"raw"}],"autores-libros":[{"ID":149724,"post_author":"3","post_date":"2022-10-14 14:27:12","post_date_gmt":"2022-10-14 12:27:12","post_content":"","post_title":"ALEXIS AVERBUCK","post_excerpt":"","post_status":"publish","comment_status":"closed","ping_status":"closed","post_password":"","post_name":"alexis-averbuck","to_ping":"","pinged":"","post_modified":"2022-10-14 14:27:12","post_modified_gmt":"2022-10-14 12:27:12","post_content_filtered":"","post_parent":0,"guid":"http:\/\/dev.claret.cat\/autor\/alexis-averbuck\/","menu_order":0,"post_type":"autor","post_mime_type":"","comment_count":"0","filter":"raw"},{"ID":167939,"post_author":"3","post_date":"2022-10-14 18:15:13","post_date_gmt":"2022-10-14 16:15:13","post_content":"","post_title":"REGIS ST.LOUIS","post_excerpt":"","post_status":"publish","comment_status":"closed","ping_status":"closed","post_password":"","post_name":"regis-st-louis","to_ping":"","pinged":"","post_modified":"2022-10-14 18:15:13","post_modified_gmt":"2022-10-14 16:15:13","post_content_filtered":"","post_parent":0,"guid":"http:\/\/dev.claret.cat\/autor\/regis-st-louis\/","menu_order":0,"post_type":"autor","post_mime_type":"","comment_count":"0","filter":"raw"},{"ID":158875,"post_author":"3","post_date":"2022-10-14 15:40:18","post_date_gmt":"2022-10-14 13:40:18","post_content":"","post_title":"JEAN-BERNARD CARILLET","post_excerpt":"","post_status":"publish","comment_status":"closed","ping_status":"closed","post_password":"","post_name":"jean-bernard-carillet","to_ping":"","pinged":"","post_modified":"2022-10-14 15:40:18","post_modified_gmt":"2022-10-14 13:40:18","post_content_filtered":"","post_parent":0,"guid":"http:\/\/dev.claret.cat\/autor\/jean-bernard-carillet\/","menu_order":0,"post_type":"autor","post_mime_type":"","comment_count":"0","filter":"raw"},{"ID":166168,"post_author":"3","post_date":"2022-10-14 18:00:58","post_date_gmt":"2022-10-14 16:00:58","post_content":"","post_title":"OLIVER BERRY","post_excerpt":"","post_status":"publish","comment_status":"closed","ping_status":"closed","post_password":"","post_name":"oliver-berry","to_ping":"","pinged":"","post_modified":"2022-10-14 18:00:58","post_modified_gmt":"2022-10-14 16:00:58","post_content_filtered":"","post_parent":0,"guid":"http:\/\/dev.claret.cat\/autor\/oliver-berry\/","menu_order":0,"post_type":"autor","post_mime_type":"","comment_count":"0","filter":"raw"},{"ID":162846,"post_author":"3","post_date":"2022-10-14 17:34:16","post_date_gmt":"2022-10-14 15:34:16","post_content":"","post_title":"M","post_excerpt":"","post_status":"publish","comment_status":"closed","ping_status":"closed","post_password":"","post_name":"m","to_ping":"","pinged":"","post_modified":"2022-10-14 17:34:16","post_modified_gmt":"2022-10-14 15:34:16","post_content_filtered":"","post_parent":0,"guid":"http:\/\/dev.claret.cat\/autor\/m\/","menu_order":0,"post_type":"autor","post_mime_type":"","comment_count":"0","filter":"raw"}]},"aioseo_notices":[],"_links":{"self":[{"href":"https:\/\/www.claret.cat\/es\/wp-json\/wp\/v2\/product\/205582","targetHints":{"allow":["GET"]}}],"collection":[{"href":"https:\/\/www.claret.cat\/es\/wp-json\/wp\/v2\/product"}],"about":[{"href":"https:\/\/www.claret.cat\/es\/wp-json\/wp\/v2\/types\/product"}],"wp:featuredmedia":[{"embeddable":true,"href":"https:\/\/www.claret.cat\/es\/wp-json\/wp\/v2\/media\/205583"}],"wp:attachment":[{"href":"https:\/\/www.claret.cat\/es\/wp-json\/wp\/v2\/media?parent=205582"}],"wp:term":[{"taxonomy":"product_brand","embeddable":true,"href":"https:\/\/www.claret.cat\/es\/wp-json\/wp\/v2\/product_brand?post=205582"},{"taxonomy":"product_cat","embeddable":true,"href":"https:\/\/www.claret.cat\/es\/wp-json\/wp\/v2\/product_cat?post=205582"},{"taxonomy":"product_tag","embeddable":true,"href":"https:\/\/www.claret.cat\/es\/wp-json\/wp\/v2\/product_tag?post=205582"}],"curies":[{"name":"wp","href":"https:\/\/api.w.org\/{rel}","templated":true}]}}