{"id":205666,"date":"2022-10-20T10:27:34","date_gmt":"2022-10-20T08:27:34","guid":{"rendered":"http:\/\/dev.claret.cat\/producte\/la-sorra-del-rellotge\/"},"modified":"2023-05-15T13:11:26","modified_gmt":"2023-05-15T11:11:26","slug":"la-sorra-del-rellotge-9788416844401","status":"publish","type":"product","link":"https:\/\/www.claret.cat\/es\/libro\/la-sorra-del-rellotge-9788416844401\/","title":{"rendered":"LA SORRA DEL RELLOTGE"},"content":{"rendered":"<p>El rebedor era ple de caixes, bosses amb roba i objectes que havien decorat la casa. La Patr\u00edcia i la Gal\u00b7la tenien davant seu l\u2019evid\u00e8ncia que havien perdut l\u2019\u00e0via per sempre i que, amb ella, se n\u2019havia anat tot un m\u00f3n. Per\u00f2 el descobriment d\u2019una caixa amb un diari personal far\u00e0 que les dues germanes coneguin de primera m\u00e0 la joventut de la seva \u00e0via i, de retruc, descobreixin un secret ben amagat.<\/p>\n","protected":false},"excerpt":{"rendered":"<p>ENRICH MURT, MARIA<\/p>\n","protected":false},"featured_media":317261,"template":"","meta":{"_acf_changed":false,"om_disable_all_campaigns":false,"rs_blank_template":"","rs_page_bg_color":"","slide_template_v7":"","inline_featured_image":false,"_monsterinsights_skip_tracking":false,"_monsterinsights_sitenote_active":false,"_monsterinsights_sitenote_note":"","_monsterinsights_sitenote_category":0},"product_brand":[],"product_cat":[87,353],"product_tag":[],"class_list":{"0":"post-205666","1":"product","2":"type-product","3":"status-publish","4":"has-post-thumbnail","6":"product_cat-literatura","7":"product_cat-literatura-2_humanidades","9":"first","10":"instock","11":"taxable","12":"shipping-taxable","13":"purchasable","14":"product-type-simple"},"acf":{"autor":"ENRICH MURT, MARIA","codart":"841684440","libros-coleccion":"FORA DE COL.LECCI\u00d3","ediciones":"1","encuadernacion":"R\u00fastica","fecha_de_publicacion":"01\/07\/2017","novedad":"1","paginas":"166","subtitulo":"","orden":"0","portada":"0","idioma":"cat","editorial":[{"ID":6123,"post_author":"3","post_date":"2022-07-28 17:45:23","post_date_gmt":"2022-07-28 15:45:23","post_content":"","post_title":"ANIMALLIBRES","post_excerpt":"","post_status":"publish","comment_status":"closed","ping_status":"closed","post_password":"","post_name":"animallibres","to_ping":"","pinged":"","post_modified":"2022-07-28 17:45:23","post_modified_gmt":"2022-07-28 15:45:23","post_content_filtered":"","post_parent":0,"guid":"http:\/\/dev.claret.cat\/editorial\/animallibres\/","menu_order":0,"post_type":"editorial","post_mime_type":"","comment_count":"0","filter":"raw"}],"autores-libros":[{"ID":317260,"post_author":"3","post_date":"2023-01-02 19:58:39","post_date_gmt":"2023-01-02 18:58:39","post_content":"","post_title":"MARIA ENRICH MURT","post_excerpt":"","post_status":"publish","comment_status":"closed","ping_status":"closed","post_password":"","post_name":"maria-enrich-murt","to_ping":"","pinged":"","post_modified":"2023-01-02 19:58:39","post_modified_gmt":"2023-01-02 18:58:39","post_content_filtered":"","post_parent":0,"guid":"https:\/\/www.claret.cat\/autor\/maria-enrich-murt\/","menu_order":0,"post_type":"autor","post_mime_type":"","comment_count":"0","filter":"raw"}]},"aioseo_notices":[],"_links":{"self":[{"href":"https:\/\/www.claret.cat\/es\/wp-json\/wp\/v2\/product\/205666","targetHints":{"allow":["GET"]}}],"collection":[{"href":"https:\/\/www.claret.cat\/es\/wp-json\/wp\/v2\/product"}],"about":[{"href":"https:\/\/www.claret.cat\/es\/wp-json\/wp\/v2\/types\/product"}],"wp:featuredmedia":[{"embeddable":true,"href":"https:\/\/www.claret.cat\/es\/wp-json\/wp\/v2\/media\/317261"}],"wp:attachment":[{"href":"https:\/\/www.claret.cat\/es\/wp-json\/wp\/v2\/media?parent=205666"}],"wp:term":[{"taxonomy":"product_brand","embeddable":true,"href":"https:\/\/www.claret.cat\/es\/wp-json\/wp\/v2\/product_brand?post=205666"},{"taxonomy":"product_cat","embeddable":true,"href":"https:\/\/www.claret.cat\/es\/wp-json\/wp\/v2\/product_cat?post=205666"},{"taxonomy":"product_tag","embeddable":true,"href":"https:\/\/www.claret.cat\/es\/wp-json\/wp\/v2\/product_tag?post=205666"}],"curies":[{"name":"wp","href":"https:\/\/api.w.org\/{rel}","templated":true}]}}