{"id":205687,"date":"2022-10-20T10:27:58","date_gmt":"2022-10-20T08:27:58","guid":{"rendered":"http:\/\/dev.claret.cat\/producte\/el-desgel\/"},"modified":"2025-01-31T13:52:16","modified_gmt":"2025-01-31T12:52:16","slug":"el-desgel-9788416743537","status":"publish","type":"product","link":"https:\/\/www.claret.cat\/es\/libro\/el-desgel-9788416743537\/","title":{"rendered":"EL DESGEL"},"content":{"rendered":"<p>Sense cap concessi\u00f3 als sentiments i amb un domini impresionant de la narraci\u00f3 i el suspens, Lize Spit ha cridat l\u2019atenci\u00f3 de la cr\u00edtica de tot el m\u00f3n amb una novel\u00b7la pertorbadora i magn\u00e8tica que va deixar en estat de xoc el seu pa\u00eds de naixement, B\u00e8lgica. Ara, per fi, arriba a les nostres llibreries. <br \/>L\u2019Eva, en Pim i en Laurens, els \u00fanics joves de Bovenmeer nascuts l\u2019any 1988, passen el seu catorz\u00e8 estiu sumits en l\u2019estranyesa i l\u2019avorriment. Els seus cossos estan canviant, la seva mirada fa mesos que tamb\u00e9. \u00c9s l\u2019estiu del joc dels instints, d\u2019obrir els ulls al m\u00f3n i haver-los de tancar amb la sang gla\u00e7ada. L\u2019estiu en qu\u00e8 la complicitat adquireix els matisos d\u2019un malson i la fidelitat a una amistat pot donar pas a la tra\u00efci\u00f3 i fins i tot al crim. Per aix\u00f2, quan anys despr\u00e9s, l\u2019Eva agafa el cotxe i torna a la poblaci\u00f3, porta el maleter carregat de gel i la revenja als ulls: ara \u00e9s ella, qui t\u00e9 un pla.<br \/>A les portes de la pubertat, l\u2019estiu de la innoc\u00e8ncia es confon amb l\u2019hivern de l\u2019amoralitat. Un debut rotund i despietat, narrat amb pols ferm i m\u00e0 dura.<\/p>\n","protected":false},"excerpt":{"rendered":"<p>SPIT, LIZE<\/p>\n","protected":false},"featured_media":205688,"template":"","meta":{"_acf_changed":false,"om_disable_all_campaigns":false,"rs_blank_template":"","rs_page_bg_color":"","slide_template_v7":"","inline_featured_image":false,"_monsterinsights_skip_tracking":false,"_monsterinsights_sitenote_active":false,"_monsterinsights_sitenote_note":"","_monsterinsights_sitenote_category":0},"product_brand":[],"product_cat":[87,353],"product_tag":[],"class_list":{"0":"post-205687","1":"product","2":"type-product","3":"status-publish","4":"has-post-thumbnail","6":"product_cat-literatura","7":"product_cat-literatura-2_humanidades","9":"first","10":"instock","11":"taxable","12":"shipping-taxable","13":"purchasable","14":"product-type-simple"},"acf":{"autor":"SPIT, LIZE","codart":"841674353","libros-coleccion":"AMSTERDAM LLIBRES","ediciones":"1","encuadernacion":"R\u00fastica","fecha_de_publicacion":"01\/07\/2017","novedad":"1","paginas":"491","subtitulo":"","orden":"0","portada":"0","idioma":"cat","editorial":[{"ID":147425,"post_author":"3","post_date":"2022-10-14 11:50:28","post_date_gmt":"2022-10-14 09:50:28","post_content":"","post_title":"Amsterdam","post_excerpt":"","post_status":"publish","comment_status":"closed","ping_status":"closed","post_password":"","post_name":"amsterdam","to_ping":"","pinged":"","post_modified":"2022-10-14 11:50:28","post_modified_gmt":"2022-10-14 09:50:28","post_content_filtered":"","post_parent":0,"guid":"http:\/\/dev.claret.cat\/editorial\/amsterdam\/","menu_order":0,"post_type":"editorial","post_mime_type":"","comment_count":"0","filter":"raw"}],"autores-libros":[{"ID":425501,"post_author":"3","post_date":"2023-05-16 08:23:01","post_date_gmt":"2023-05-16 06:23:01","post_content":"","post_title":"LIZE SPIT","post_excerpt":"","post_status":"publish","comment_status":"closed","ping_status":"closed","post_password":"","post_name":"lize-spit","to_ping":"","pinged":"","post_modified":"2023-05-16 08:23:01","post_modified_gmt":"2023-05-16 06:23:01","post_content_filtered":"","post_parent":0,"guid":"https:\/\/www.claret.cat\/autor\/lize-spit\/","menu_order":0,"post_type":"autor","post_mime_type":"","comment_count":"0","filter":"raw"}]},"aioseo_notices":[],"_links":{"self":[{"href":"https:\/\/www.claret.cat\/es\/wp-json\/wp\/v2\/product\/205687","targetHints":{"allow":["GET"]}}],"collection":[{"href":"https:\/\/www.claret.cat\/es\/wp-json\/wp\/v2\/product"}],"about":[{"href":"https:\/\/www.claret.cat\/es\/wp-json\/wp\/v2\/types\/product"}],"wp:featuredmedia":[{"embeddable":true,"href":"https:\/\/www.claret.cat\/es\/wp-json\/wp\/v2\/media\/205688"}],"wp:attachment":[{"href":"https:\/\/www.claret.cat\/es\/wp-json\/wp\/v2\/media?parent=205687"}],"wp:term":[{"taxonomy":"product_brand","embeddable":true,"href":"https:\/\/www.claret.cat\/es\/wp-json\/wp\/v2\/product_brand?post=205687"},{"taxonomy":"product_cat","embeddable":true,"href":"https:\/\/www.claret.cat\/es\/wp-json\/wp\/v2\/product_cat?post=205687"},{"taxonomy":"product_tag","embeddable":true,"href":"https:\/\/www.claret.cat\/es\/wp-json\/wp\/v2\/product_tag?post=205687"}],"curies":[{"name":"wp","href":"https:\/\/api.w.org\/{rel}","templated":true}]}}