{"id":205729,"date":"2022-10-20T10:28:44","date_gmt":"2022-10-20T08:28:44","guid":{"rendered":"http:\/\/dev.claret.cat\/producte\/mandalas-para-experimentar-hooponopono\/"},"modified":"2023-01-28T14:07:07","modified_gmt":"2023-01-28T13:07:07","slug":"mandalas-para-experimentar-hooponopono-9788491112631","status":"publish","type":"product","link":"https:\/\/www.claret.cat\/es\/libro\/mandalas-para-experimentar-hooponopono-9788491112631\/","title":{"rendered":"MANDALAS PARA EXPERIMENTAR HO\u00b4OPONOPONO"},"content":{"rendered":"<p>Cada uno de los libros de esta colecci\u00f3n contiene quince mandalas para colorear adornados con un pensamiento.<br \/>Cada n\u00famero se centra en un tema espec\u00edfico y pretende ser una herramienta de acompa\u00f1amiento para las personas que viven una situaci\u00f3n relacionada con el tema.<br \/>El m\u00e9todo ancestral hawaiano del Ho\u2019oponopono es una herramienta para liberar las memorias o recuerdos que sobrecargan nuestro subconsciente y que, constantemente, crean escenarios repetitivos en nuestras vidas.<br \/>Mediante la aplicaci\u00f3n cuidadosa y consciente del m\u00e9todo, activamos nuestro propio proceso de sanaci\u00f3n y transmutamos nuestras programaciones deficientes en una mayor libertad.<br \/>Cada dibujo mandala est\u00e1 hecho a mano con una clara intenci\u00f3n: la de proporcionar un apoyo que d\u00e9 seguridad a las personas en la b\u00fasqueda de sentido y de paz. Cada dibujo se muestra sobre una estructura dada, dise\u00f1ada por intuici\u00f3n e inspirada en el tema. Cualquier persona que colorea el mandala disfruta de esas formas, y tiene, no obstante, la opci\u00f3n de a\u00f1adir otras, as\u00ed como palabras y nombres o de eliminar l\u00edneas.<\/p>\n","protected":false},"excerpt":{"rendered":"<p>JACQUES, CLAUDETTE<\/p>\n","protected":false},"featured_media":205730,"template":"","meta":{"_acf_changed":false,"om_disable_all_campaigns":false,"rs_blank_template":"","rs_page_bg_color":"","slide_template_v7":"","inline_featured_image":false,"_monsterinsights_skip_tracking":false,"_monsterinsights_sitenote_active":false,"_monsterinsights_sitenote_note":"","_monsterinsights_sitenote_category":0},"product_brand":[],"product_cat":[101],"product_tag":[],"class_list":{"0":"post-205729","1":"product","2":"type-product","3":"status-publish","4":"has-post-thumbnail","6":"product_cat-manualitats","8":"first","9":"instock","10":"taxable","11":"shipping-taxable","12":"purchasable","13":"product-type-simple"},"acf":{"autor":"JACQUES, CLAUDETTE","codart":"849111263","libros-coleccion":"SUSHI BOOKS","ediciones":"1","encuadernacion":"Carpeta","fecha_de_publicacion":"01\/07\/2017","novedad":"1","paginas":"10","subtitulo":"","orden":"0","portada":"0","idioma":"spa","editorial":[{"ID":147839,"post_author":"3","post_date":"2022-10-14 11:53:36","post_date_gmt":"2022-10-14 09:53:36","post_content":"","post_title":"EDICIONES OBELISCO","post_excerpt":"","post_status":"publish","comment_status":"closed","ping_status":"closed","post_password":"","post_name":"ediciones-obelisco","to_ping":"","pinged":"","post_modified":"2022-10-14 11:53:36","post_modified_gmt":"2022-10-14 09:53:36","post_content_filtered":"","post_parent":0,"guid":"http:\/\/dev.claret.cat\/editorial\/ediciones-obelisco\/","menu_order":0,"post_type":"editorial","post_mime_type":"","comment_count":"0","filter":"raw"}]},"aioseo_notices":[],"_links":{"self":[{"href":"https:\/\/www.claret.cat\/es\/wp-json\/wp\/v2\/product\/205729","targetHints":{"allow":["GET"]}}],"collection":[{"href":"https:\/\/www.claret.cat\/es\/wp-json\/wp\/v2\/product"}],"about":[{"href":"https:\/\/www.claret.cat\/es\/wp-json\/wp\/v2\/types\/product"}],"wp:featuredmedia":[{"embeddable":true,"href":"https:\/\/www.claret.cat\/es\/wp-json\/wp\/v2\/media\/205730"}],"wp:attachment":[{"href":"https:\/\/www.claret.cat\/es\/wp-json\/wp\/v2\/media?parent=205729"}],"wp:term":[{"taxonomy":"product_brand","embeddable":true,"href":"https:\/\/www.claret.cat\/es\/wp-json\/wp\/v2\/product_brand?post=205729"},{"taxonomy":"product_cat","embeddable":true,"href":"https:\/\/www.claret.cat\/es\/wp-json\/wp\/v2\/product_cat?post=205729"},{"taxonomy":"product_tag","embeddable":true,"href":"https:\/\/www.claret.cat\/es\/wp-json\/wp\/v2\/product_tag?post=205729"}],"curies":[{"name":"wp","href":"https:\/\/api.w.org\/{rel}","templated":true}]}}