{"id":205780,"date":"2022-10-20T10:29:40","date_gmt":"2022-10-20T08:29:40","guid":{"rendered":"http:\/\/dev.claret.cat\/producte\/poderes-de-la-oscuridadlos\/"},"modified":"2023-01-27T23:51:27","modified_gmt":"2023-01-27T22:51:27","slug":"poderes-de-la-oscuridadlos-9788466662420","status":"publish","type":"product","link":"https:\/\/www.claret.cat\/es\/libro\/poderes-de-la-oscuridadlos-9788466662420\/","title":{"rendered":"PODERES DE LA OSCURIDAD,LOS"},"content":{"rendered":"<p>La versi\u00f3n perdida de Dr\u00e1cula, que Bram Stoker reescribi\u00f3 con el primer traductor de la obra y a la vez editor en Islandia.<br \/>En 1900 el editor y escritor Valdimar \u00c1smundsson se propuso traducir, por primera vez en la historia, la que se convertir\u00eda en la gran obra de la literatura g\u00f3tica: Dr\u00e1cula, de Bram Stoker. Sin embargo, \u00c1smundsson no solo tradujo Dr\u00e1cula sino que, con la ayuda del propio autor, escribi\u00f3 una versi\u00f3n distinta de la historia, con nuevos personajes y una trama totalmente reconstruida. M\u00e1s corta, m\u00e1s oscura y m\u00e1s er\u00f3tica, esta obra escrita a cuatro manos se titul\u00f3 Makt Myrkranna (Los poderes de la oscuridad).<br \/>Makt Myrkranna se public\u00f3 en Islandia en 1901 y cont\u00f3 con un prefacio de Bram Stoker, pero el texto permaneci\u00f3 perdido hasta que, en 2014, fue descubierto por el investigador Hans Corneel de Roos. Por fin ve la luz Los poderes de la oscuridad, la versi\u00f3n de Dr\u00e1cula que reimaginaron Stoker y \u00c1smundsson y se escond\u00eda del mundo en Islandia&#8230; hasta ahora.<br \/>Ampliamente anotada por De Ross, la presente edici\u00f3n proporciona al lector el fascinante contexto hist\u00f3rico, cultural y literario de uno de los cl\u00e1sicos indiscutibles de la literatura universal. Cuenta, adem\u00e1s, con un prefacio de Dacre Stoker, descendiente de Bram Stoker, y con un ep\u00edlogo de John Edgar Browning, especialista internacionalmente reconocido en literatura de terror y vampirismo. El resultado es un incre\u00edble descubrimiento literario.<br \/>Rese\u00f1as:<br \/>\u00abEl descubrimiento m\u00e1s sorprendente sobre Dr\u00e1cula que ha habido en este siglo.\u00bb<br \/>LitHub<br \/>\u00abUna vuelta de tuerca a un cl\u00e1sico que los fans del libro y del g\u00e9nero no querr\u00e1n perderse.\u00bb<br \/>San Francisco Book Review<br \/>\u00abUna agradable y extra\u00f1a curiosidad en forma de libro.\u00bb<br \/>The Guardian<br \/>\u00abUna mirada reveladora sobre el acto de la interpretaci\u00f3n literaria.\u00bb<br \/>Publishers Weekly<br \/>\u00abLos poderes de la oscuridad tendr\u00e1 un efecto duradero en el mundo de los estudios vamp\u00edricos.\u00bb<br \/>New York Times Book Review<br \/>\u00abUn incre\u00edble descubrimiento.\u00bb<br \/>National Post<\/p>\n","protected":false},"excerpt":{"rendered":"<p>STOKER,BRAM\/ASMUNDSSON,VALDIMAR<\/p>\n","protected":false},"featured_media":205781,"template":"","meta":{"_acf_changed":false,"om_disable_all_campaigns":false,"rs_blank_template":"","rs_page_bg_color":"","slide_template_v7":"","inline_featured_image":false,"_monsterinsights_skip_tracking":false,"_monsterinsights_sitenote_active":false,"_monsterinsights_sitenote_note":"","_monsterinsights_sitenote_category":0},"product_brand":[],"product_cat":[87],"product_tag":[],"class_list":{"0":"post-205780","1":"product","2":"type-product","3":"status-publish","4":"has-post-thumbnail","6":"product_cat-literatura","8":"first","9":"instock","10":"taxable","11":"shipping-taxable","12":"purchasable","13":"product-type-simple"},"acf":{"autor":"STOKER,BRAM\/ASMUNDSSON,VALDIMAR","codart":"846666242","libros-coleccion":"FORA DE COL.LECCI\u00d3","ediciones":"1","encuadernacion":"Carton\u00e9","fecha_de_publicacion":"01\/07\/2017","novedad":"1","paginas":"382","subtitulo":"","orden":"0","portada":"0","idioma":"spa","editorial":[{"ID":6200,"post_author":"3","post_date":"2022-07-28 17:47:00","post_date_gmt":"2022-07-28 15:47:00","post_content":"","post_title":"EDICIONES B","post_excerpt":"","post_status":"publish","comment_status":"closed","ping_status":"closed","post_password":"","post_name":"ediciones-b","to_ping":"","pinged":"","post_modified":"2022-07-28 17:47:00","post_modified_gmt":"2022-07-28 15:47:00","post_content_filtered":"","post_parent":0,"guid":"http:\/\/dev.claret.cat\/editorial\/ediciones-b\/","menu_order":0,"post_type":"editorial","post_mime_type":"","comment_count":"0","filter":"raw"}],"autores-libros":[{"ID":151858,"post_author":"3","post_date":"2022-10-14 14:44:11","post_date_gmt":"2022-10-14 12:44:11","post_content":"","post_title":"BRAM STOKER","post_excerpt":"","post_status":"publish","comment_status":"closed","ping_status":"closed","post_password":"","post_name":"bram-stoker","to_ping":"","pinged":"","post_modified":"2022-10-14 14:44:11","post_modified_gmt":"2022-10-14 12:44:11","post_content_filtered":"","post_parent":0,"guid":"http:\/\/dev.claret.cat\/autor\/bram-stoker\/","menu_order":0,"post_type":"autor","post_mime_type":"","comment_count":"0","filter":"raw"}]},"aioseo_notices":[],"_links":{"self":[{"href":"https:\/\/www.claret.cat\/es\/wp-json\/wp\/v2\/product\/205780","targetHints":{"allow":["GET"]}}],"collection":[{"href":"https:\/\/www.claret.cat\/es\/wp-json\/wp\/v2\/product"}],"about":[{"href":"https:\/\/www.claret.cat\/es\/wp-json\/wp\/v2\/types\/product"}],"wp:featuredmedia":[{"embeddable":true,"href":"https:\/\/www.claret.cat\/es\/wp-json\/wp\/v2\/media\/205781"}],"wp:attachment":[{"href":"https:\/\/www.claret.cat\/es\/wp-json\/wp\/v2\/media?parent=205780"}],"wp:term":[{"taxonomy":"product_brand","embeddable":true,"href":"https:\/\/www.claret.cat\/es\/wp-json\/wp\/v2\/product_brand?post=205780"},{"taxonomy":"product_cat","embeddable":true,"href":"https:\/\/www.claret.cat\/es\/wp-json\/wp\/v2\/product_cat?post=205780"},{"taxonomy":"product_tag","embeddable":true,"href":"https:\/\/www.claret.cat\/es\/wp-json\/wp\/v2\/product_tag?post=205780"}],"curies":[{"name":"wp","href":"https:\/\/api.w.org\/{rel}","templated":true}]}}