{"id":205939,"date":"2022-10-20T10:32:39","date_gmt":"2022-10-20T08:32:39","guid":{"rendered":"http:\/\/dev.claret.cat\/producte\/mi-tiempo-en-tus-manos\/"},"modified":"2024-05-02T08:51:22","modified_gmt":"2024-05-02T06:51:22","slug":"mi-tiempo-en-tus-manos-9788428553360","status":"publish","type":"product","link":"https:\/\/www.claret.cat\/es\/libro\/mi-tiempo-en-tus-manos-9788428553360\/","title":{"rendered":"MI TIEMPO EN TUS MANOS"},"content":{"rendered":"<p>\u00ab\u00bfY por qu\u00e9 no descubres un monasterio en tu ciudad?\u00bb, este es el consejo que le dio Alfonso Crespo una buena amistad. El problema es que vivimos en una realidad que nos hace confundir el ahora con lo principal, modificando nuestras prioridades y empobreciendo nuestro interior. Partiendo de ah\u00ed, el autor nos invita a retomar la riqueza de la oraci\u00f3n pautada al ritmo de la Liturgia de las Horas, dentro del desaliento con el que convivimos y la obsesi\u00f3n con el tiempo que no poseemos y deseamos.<\/p>\n","protected":false},"excerpt":{"rendered":"<p>CRESPO HIDALGO, ALFONSO<\/p>\n","protected":false},"featured_media":335643,"template":"","meta":{"_acf_changed":false,"om_disable_all_campaigns":false,"rs_blank_template":"","rs_page_bg_color":"","slide_template_v7":"","inline_featured_image":false,"_monsterinsights_skip_tracking":false,"_monsterinsights_sitenote_active":false,"_monsterinsights_sitenote_note":"","_monsterinsights_sitenote_category":0},"product_brand":[],"product_cat":[345,79,346,80],"product_tag":[],"class_list":{"0":"post-205939","1":"product","2":"type-product","3":"status-publish","4":"has-post-thumbnail","6":"product_cat-espiritualidad","7":"product_cat-espiritualitat","8":"product_cat-libros-liturgia","9":"product_cat-liturgia","11":"first","12":"instock","13":"taxable","14":"shipping-taxable","15":"purchasable","16":"product-type-simple"},"acf":{"autor":"CRESPO HIDALGO, ALFONSO","codart":"842855336","libros-coleccion":"Proa","ediciones":"1","encuadernacion":"R\u00fastica","fecha_de_publicacion":"26\/06\/2017","novedad":"1","paginas":"144","subtitulo":"LA VIDA AL RITMO DE LA LITURGIA DE LAS HORAS","orden":"0","portada":"0","idioma":"spa","editorial":[{"ID":6356,"post_author":"3","post_date":"2022-07-28 17:50:26","post_date_gmt":"2022-07-28 15:50:26","post_content":"","post_title":"SAN PABLO COMUNICACI\u00d3N","post_excerpt":"","post_status":"publish","comment_status":"closed","ping_status":"closed","post_password":"","post_name":"san-pablo-comunicacion","to_ping":"","pinged":"","post_modified":"2022-07-28 17:50:26","post_modified_gmt":"2022-07-28 15:50:26","post_content_filtered":"","post_parent":0,"guid":"http:\/\/dev.claret.cat\/editorial\/san-pablo-comunicacion\/","menu_order":0,"post_type":"editorial","post_mime_type":"","comment_count":"0","filter":"raw"}],"autores-libros":[{"ID":149753,"post_author":"3","post_date":"2022-10-14 14:27:25","post_date_gmt":"2022-10-14 12:27:25","post_content":"","post_title":"ALFONSO CRESPO HIDALGO","post_excerpt":"","post_status":"publish","comment_status":"closed","ping_status":"closed","post_password":"","post_name":"alfonso-crespo-hidalgo","to_ping":"","pinged":"","post_modified":"2022-10-14 14:27:25","post_modified_gmt":"2022-10-14 12:27:25","post_content_filtered":"","post_parent":0,"guid":"http:\/\/dev.claret.cat\/autor\/alfonso-crespo-hidalgo\/","menu_order":0,"post_type":"autor","post_mime_type":"","comment_count":"0","filter":"raw"}]},"aioseo_notices":[],"_links":{"self":[{"href":"https:\/\/www.claret.cat\/es\/wp-json\/wp\/v2\/product\/205939","targetHints":{"allow":["GET"]}}],"collection":[{"href":"https:\/\/www.claret.cat\/es\/wp-json\/wp\/v2\/product"}],"about":[{"href":"https:\/\/www.claret.cat\/es\/wp-json\/wp\/v2\/types\/product"}],"wp:featuredmedia":[{"embeddable":true,"href":"https:\/\/www.claret.cat\/es\/wp-json\/wp\/v2\/media\/335643"}],"wp:attachment":[{"href":"https:\/\/www.claret.cat\/es\/wp-json\/wp\/v2\/media?parent=205939"}],"wp:term":[{"taxonomy":"product_brand","embeddable":true,"href":"https:\/\/www.claret.cat\/es\/wp-json\/wp\/v2\/product_brand?post=205939"},{"taxonomy":"product_cat","embeddable":true,"href":"https:\/\/www.claret.cat\/es\/wp-json\/wp\/v2\/product_cat?post=205939"},{"taxonomy":"product_tag","embeddable":true,"href":"https:\/\/www.claret.cat\/es\/wp-json\/wp\/v2\/product_tag?post=205939"}],"curies":[{"name":"wp","href":"https:\/\/api.w.org\/{rel}","templated":true}]}}