{"id":206032,"date":"2022-10-20T10:35:05","date_gmt":"2022-10-20T08:35:05","guid":{"rendered":"http:\/\/dev.claret.cat\/producte\/cd-corazon-de-folk-rock\/"},"modified":"2023-01-27T23:57:41","modified_gmt":"2023-01-27T22:57:41","slug":"cdcorazon-de-folkrock-9781597098335","status":"publish","type":"product","link":"https:\/\/www.claret.cat\/es\/libro\/cdcorazon-de-folkrock-9781597098335\/","title":{"rendered":"CD-CORAZ\u00d3N DE FOLK-ROCK"},"content":{"rendered":"<p>C\u00c9SAR HIDALGO es un compositor extraordinario proveniente del folk, con a\u00f1os de experiencia grabando discos, interviniendo en programas de televisi\u00f3n, y actuando en los escenarios de toda Espa\u00f1a, con su grupo. C\u00c9SAR HIDALGO, que posee la voz m\u00e1s singular de la m\u00fasica cat\u00f3lica, nos trae sonidos folk rock, y demuestra su valent\u00eda, volviendo a la m\u00fasica en solitario. Cuenta con las colaboraciones de MANU ESCUDERO, LA VOZ DEL DESIERTO y de, AXANA. Presentaciones en directo con su banda en Abril y Mayo, comienzo de una larga gira.<br \/>CD: <br \/>Imaginar.<br \/>Quise Volar<br \/>Afortunados<br \/>Busca Un Rostro<br \/>Busca Un Rostro<br \/>Amable<br \/>En Mi Caminar<br \/>No Est\u00e1s Solo<br \/>Qu\u00e9 Ser\u00e1 La Luz<br \/>L\u00edo<br \/>Para El Que Sabe<br \/>Locura De Amor<br \/>Tener Amigos<br \/>If U Could Read My<br \/>Mind Love<\/p>\n","protected":false},"excerpt":{"rendered":"<p>C\u00c9SAR HIDALGO<\/p>\n","protected":false},"featured_media":206033,"template":"","meta":{"_acf_changed":false,"om_disable_all_campaigns":false,"rs_blank_template":"","rs_page_bg_color":"","slide_template_v7":"","inline_featured_image":false,"_monsterinsights_skip_tracking":false,"_monsterinsights_sitenote_active":false,"_monsterinsights_sitenote_note":"","_monsterinsights_sitenote_category":0},"product_brand":[],"product_cat":[88],"product_tag":[],"class_list":{"0":"post-206032","1":"product","2":"type-product","3":"status-publish","4":"has-post-thumbnail","6":"product_cat-multimedia","8":"first","9":"instock","10":"taxable","11":"shipping-taxable","12":"purchasable","13":"product-type-simple"},"acf":{"autor":"C\u00c9SAR HIDALGO","codart":"159709833","libros-coleccion":"","ediciones":"1","encuadernacion":"R\u00fastica","fecha_de_publicacion":"19\/06\/2017","novedad":"1","paginas":"1","subtitulo":"","orden":"0","portada":"0","idioma":"spa","autores-libros":[{"ID":5343,"post_author":"3","post_date":"2022-07-28 17:21:57","post_date_gmt":"2022-07-28 15:21:57","post_content":"","post_title":"C\u00c9SAR HIDALGO","post_excerpt":"","post_status":"publish","comment_status":"closed","ping_status":"closed","post_password":"","post_name":"cesar-hidalgo","to_ping":"","pinged":"","post_modified":"2022-07-28 17:21:57","post_modified_gmt":"2022-07-28 15:21:57","post_content_filtered":"","post_parent":0,"guid":"http:\/\/dev.claret.cat\/autor\/cesar-hidalgo\/","menu_order":0,"post_type":"autor","post_mime_type":"","comment_count":"0","filter":"raw"}]},"aioseo_notices":[],"_links":{"self":[{"href":"https:\/\/www.claret.cat\/es\/wp-json\/wp\/v2\/product\/206032","targetHints":{"allow":["GET"]}}],"collection":[{"href":"https:\/\/www.claret.cat\/es\/wp-json\/wp\/v2\/product"}],"about":[{"href":"https:\/\/www.claret.cat\/es\/wp-json\/wp\/v2\/types\/product"}],"wp:featuredmedia":[{"embeddable":true,"href":"https:\/\/www.claret.cat\/es\/wp-json\/wp\/v2\/media\/206033"}],"wp:attachment":[{"href":"https:\/\/www.claret.cat\/es\/wp-json\/wp\/v2\/media?parent=206032"}],"wp:term":[{"taxonomy":"product_brand","embeddable":true,"href":"https:\/\/www.claret.cat\/es\/wp-json\/wp\/v2\/product_brand?post=206032"},{"taxonomy":"product_cat","embeddable":true,"href":"https:\/\/www.claret.cat\/es\/wp-json\/wp\/v2\/product_cat?post=206032"},{"taxonomy":"product_tag","embeddable":true,"href":"https:\/\/www.claret.cat\/es\/wp-json\/wp\/v2\/product_tag?post=206032"}],"curies":[{"name":"wp","href":"https:\/\/api.w.org\/{rel}","templated":true}]}}