{"id":206083,"date":"2022-10-20T10:35:56","date_gmt":"2022-10-20T08:35:56","guid":{"rendered":"http:\/\/dev.claret.cat\/producte\/instituciones\/"},"modified":"2024-05-24T05:03:52","modified_gmt":"2024-05-24T03:03:52","slug":"instituciones-9788432148057","status":"publish","type":"product","link":"https:\/\/www.claret.cat\/es\/libro\/instituciones-9788432148057\/","title":{"rendered":"INSTITUCIONES"},"content":{"rendered":"<p>Las Instituta Coenobiorum constituyen el primer libro de Juan Casiano, donde trata acerca de los usos mon\u00e1sticos y las virtudes que han de distinguir la vida de un monje. El autor, hombre de vocaci\u00f3n profunda, intenta introducir en el mundo occidental la doctrina espiritual de los monjes de Egipto. Por la solidez y piedad de sus aportaciones, muchos lo han considerado &#8221;el maestro m\u00e1s perfecto de la perfecci\u00f3n mon\u00e1stica&#8221;.  La obra es muy apropiada para aquellos que se sienten llamados a la vida consagrada, pero tambi\u00e9n para tantos cristianos corrientes, que han de encontrar en su vida ordinaria la paz y la tranquilidad interior que siempre obtienen de la cercan\u00eda con Dios.<\/p>\n","protected":false},"excerpt":{"rendered":"<p>CASIANO, JUAN<\/p>\n","protected":false},"featured_media":343834,"template":"","meta":{"_acf_changed":false,"om_disable_all_campaigns":false,"rs_blank_template":"","rs_page_bg_color":"","slide_template_v7":"","inline_featured_image":false,"_monsterinsights_skip_tracking":false,"_monsterinsights_sitenote_active":false,"_monsterinsights_sitenote_note":"","_monsterinsights_sitenote_category":0},"product_brand":[],"product_cat":[345,79,542,92],"product_tag":[],"class_list":{"0":"post-206083","1":"product","2":"type-product","3":"status-publish","4":"has-post-thumbnail","6":"product_cat-espiritualidad","7":"product_cat-espiritualitat","8":"product_cat-vida-religiosa-1_espiritualidad-spa","9":"product_cat-vida-religiosa","11":"first","12":"instock","13":"taxable","14":"shipping-taxable","15":"purchasable","16":"product-type-simple"},"acf":{"autor":"CASIANO, JUAN","codart":"843214805","libros-coleccion":"Nebl\u00ed","ediciones":"1","encuadernacion":"R\u00fastica","fecha_de_publicacion":"14\/06\/2017","novedad":"1","paginas":"404","subtitulo":"","orden":"0","portada":"0","idioma":"spa","editorial":[{"ID":6348,"post_author":"3","post_date":"2022-07-28 17:50:16","post_date_gmt":"2022-07-28 15:50:16","post_content":"","post_title":"Rialp","post_excerpt":"","post_status":"publish","comment_status":"closed","ping_status":"closed","post_password":"","post_name":"rialp","to_ping":"","pinged":"","post_modified":"2022-07-28 17:50:16","post_modified_gmt":"2022-07-28 15:50:16","post_content_filtered":"","post_parent":0,"guid":"http:\/\/dev.claret.cat\/editorial\/rialp\/","menu_order":0,"post_type":"editorial","post_mime_type":"","comment_count":"0","filter":"raw"}],"autores-libros":[{"ID":161007,"post_author":"3","post_date":"2022-10-14 15:57:39","post_date_gmt":"2022-10-14 13:57:39","post_content":"","post_title":"JUAN CASIANO","post_excerpt":"","post_status":"publish","comment_status":"closed","ping_status":"closed","post_password":"","post_name":"juan-casiano","to_ping":"","pinged":"","post_modified":"2022-10-14 15:57:39","post_modified_gmt":"2022-10-14 13:57:39","post_content_filtered":"","post_parent":0,"guid":"http:\/\/dev.claret.cat\/autor\/juan-casiano\/","menu_order":0,"post_type":"autor","post_mime_type":"","comment_count":"0","filter":"raw"}]},"aioseo_notices":[],"_links":{"self":[{"href":"https:\/\/www.claret.cat\/es\/wp-json\/wp\/v2\/product\/206083","targetHints":{"allow":["GET"]}}],"collection":[{"href":"https:\/\/www.claret.cat\/es\/wp-json\/wp\/v2\/product"}],"about":[{"href":"https:\/\/www.claret.cat\/es\/wp-json\/wp\/v2\/types\/product"}],"wp:featuredmedia":[{"embeddable":true,"href":"https:\/\/www.claret.cat\/es\/wp-json\/wp\/v2\/media\/343834"}],"wp:attachment":[{"href":"https:\/\/www.claret.cat\/es\/wp-json\/wp\/v2\/media?parent=206083"}],"wp:term":[{"taxonomy":"product_brand","embeddable":true,"href":"https:\/\/www.claret.cat\/es\/wp-json\/wp\/v2\/product_brand?post=206083"},{"taxonomy":"product_cat","embeddable":true,"href":"https:\/\/www.claret.cat\/es\/wp-json\/wp\/v2\/product_cat?post=206083"},{"taxonomy":"product_tag","embeddable":true,"href":"https:\/\/www.claret.cat\/es\/wp-json\/wp\/v2\/product_tag?post=206083"}],"curies":[{"name":"wp","href":"https:\/\/api.w.org\/{rel}","templated":true}]}}