{"id":206119,"date":"2022-10-20T10:36:30","date_gmt":"2022-10-20T08:36:30","guid":{"rendered":"http:\/\/dev.claret.cat\/producte\/los-consejos-evangelicos\/"},"modified":"2025-09-09T13:21:04","modified_gmt":"2025-09-09T11:21:04","slug":"los-consejos-evangelicos-9788430119677","status":"publish","type":"product","link":"https:\/\/www.claret.cat\/es\/libro\/los-consejos-evangelicos-9788430119677\/","title":{"rendered":"LOS CONSEJOS EVANG\u00c9LICOS"},"content":{"rendered":"<p>En la sociedad actual, los consejos evang\u00e9licos suelen observarse como una limitaci\u00f3n para el libre desarrollo del ser humano.<br \/>Sin embargo, cuando se ven desde la categor\u00eda de la identidad propia, cada uno de ellos resplandece con luz renovada. M\u00e1s a\u00fan, en la escasez, en la castidad y en la obediencia se hace real y concreta la aut\u00e9ntica vocaci\u00f3n, que se comprende como \u00abdon de uno mismo\u00bb.<br \/>Aproximarse hoy a los votos de la vida religiosa y entenderlos interactuando entre s\u00ed e incluso interfiri\u00e9ndose mutuamente ayuda a comprender mejor la castidad como pobreza, o la obediencia como castidad, o la pobreza como obediencia, o en una circularidad que muestra tanto la necesaria unidad de los tres como su ingobernable pluralidad.<br \/>Porque, a fin de cuentas, en esto consiste la belleza de la persona: en ese conglomerado de notas distintivas y a menudo dispersas que aspiran a la armon\u00eda sin cesar.<\/p>\n","protected":false},"excerpt":{"rendered":"<p>GUARINELLI, STEFANO<\/p>\n","protected":false},"featured_media":342142,"template":"","meta":{"_acf_changed":false,"om_disable_all_campaigns":false,"rs_blank_template":"","rs_page_bg_color":"","slide_template_v7":"","inline_featured_image":false,"_monsterinsights_skip_tracking":false,"_monsterinsights_sitenote_active":false,"_monsterinsights_sitenote_note":"","_monsterinsights_sitenote_category":0},"product_brand":[],"product_cat":[345,79,92,542],"product_tag":[],"class_list":{"0":"post-206119","1":"product","2":"type-product","3":"status-publish","4":"has-post-thumbnail","6":"product_cat-espiritualidad","7":"product_cat-espiritualitat","8":"product_cat-vida-religiosa","9":"product_cat-vida-religiosa-1_espiritualidad-spa","11":"first","12":"instock","13":"taxable","14":"shipping-taxable","15":"purchasable","16":"product-type-simple"},"acf":{"autor":"GUARINELLI, STEFANO","codart":"843011967","libros-coleccion":"Nueva Alianza","ediciones":"1","encuadernacion":"R\u00fastica","fecha_de_publicacion":"07\/06\/2017","novedad":"1","paginas":"160","subtitulo":"NOTAS PSICOL\u00d3GICAS Y ESPIRITUALES DE UN CANTO A TRES VOCES","orden":"0","portada":"0","idioma":"spa","editorial":[{"ID":6364,"post_author":"3","post_date":"2022-07-28 17:50:36","post_date_gmt":"2022-07-28 15:50:36","post_content":"","post_title":"S\u00edgueme","post_excerpt":"","post_status":"publish","comment_status":"closed","ping_status":"closed","post_password":"","post_name":"sigueme","to_ping":"","pinged":"","post_modified":"2022-07-28 17:50:36","post_modified_gmt":"2022-07-28 15:50:36","post_content_filtered":"","post_parent":0,"guid":"http:\/\/dev.claret.cat\/editorial\/sigueme\/","menu_order":0,"post_type":"editorial","post_mime_type":"","comment_count":"0","filter":"raw"}],"autores-libros":[{"ID":293051,"post_author":"3","post_date":"2022-12-11 02:24:04","post_date_gmt":"2022-12-11 01:24:04","post_content":"","post_title":"STEFANO GUARINELLI","post_excerpt":"","post_status":"publish","comment_status":"closed","ping_status":"closed","post_password":"","post_name":"stefano-guarinelli","to_ping":"","pinged":"","post_modified":"2022-12-11 02:24:04","post_modified_gmt":"2022-12-11 01:24:04","post_content_filtered":"","post_parent":0,"guid":"http:\/\/dev.claret.cat\/autor\/stefano-guarinelli\/","menu_order":0,"post_type":"autor","post_mime_type":"","comment_count":"0","filter":"raw"}],"booktrailer":"","resenas":""},"aioseo_notices":[],"_links":{"self":[{"href":"https:\/\/www.claret.cat\/es\/wp-json\/wp\/v2\/product\/206119","targetHints":{"allow":["GET"]}}],"collection":[{"href":"https:\/\/www.claret.cat\/es\/wp-json\/wp\/v2\/product"}],"about":[{"href":"https:\/\/www.claret.cat\/es\/wp-json\/wp\/v2\/types\/product"}],"wp:featuredmedia":[{"embeddable":true,"href":"https:\/\/www.claret.cat\/es\/wp-json\/wp\/v2\/media\/342142"}],"wp:attachment":[{"href":"https:\/\/www.claret.cat\/es\/wp-json\/wp\/v2\/media?parent=206119"}],"wp:term":[{"taxonomy":"product_brand","embeddable":true,"href":"https:\/\/www.claret.cat\/es\/wp-json\/wp\/v2\/product_brand?post=206119"},{"taxonomy":"product_cat","embeddable":true,"href":"https:\/\/www.claret.cat\/es\/wp-json\/wp\/v2\/product_cat?post=206119"},{"taxonomy":"product_tag","embeddable":true,"href":"https:\/\/www.claret.cat\/es\/wp-json\/wp\/v2\/product_tag?post=206119"}],"curies":[{"name":"wp","href":"https:\/\/api.w.org\/{rel}","templated":true}]}}