{"id":206155,"date":"2022-10-20T10:37:05","date_gmt":"2022-10-20T08:37:05","guid":{"rendered":"http:\/\/dev.claret.cat\/producte\/la-construccion-de-jesus\/"},"modified":"2026-04-01T09:53:27","modified_gmt":"2026-04-01T07:53:27","slug":"la-construccion-de-jesus-9788429326550","status":"publish","type":"product","link":"https:\/\/www.claret.cat\/es\/libro\/la-construccion-de-jesus-9788429326550\/","title":{"rendered":"LA CONSTRUCCI\u00d3N DE JES\u00daS"},"content":{"rendered":"<p>Al abrir el Evangelio de Lucas y trasladarte al pasaje de la pecadora que hace todo lo puede para tocar a Jesucristo (Lc 7, 36-50), descubrir\u00e1s una manera totalmente novedosa de observar a Jes\u00fas. Un pasaje misterioso que encierra un retrato de un Jes\u00fas mucho m\u00e1s aut\u00e9ntico, que te abrir\u00e1 a una existencia repleta de emoci\u00f3n, imaginaci\u00f3n, afecto, amor y fe.<\/p>\n","protected":false},"excerpt":{"rendered":"<p>Al abrir el Evangelio de Lucas y trasladarte al pasaje de la pecadora que hace todo lo puede para tocar a Jesucristo (Lc 7, 36-50), descubrir\u00e1s una manera totalmente novedosa de observar a Jes\u00fas. Un pasaje misterioso que encierra un retrato de un Jes\u00fas mucho m\u00e1s aut\u00e9ntico, que te abrir\u00e1 a una existencia repleta de [&hellip;]<\/p>\n","protected":false},"featured_media":1079750,"template":"","meta":{"_acf_changed":false,"om_disable_all_campaigns":false,"rs_blank_template":"","rs_page_bg_color":"","slide_template_v7":"","inline_featured_image":false,"_monsterinsights_skip_tracking":false,"_monsterinsights_sitenote_active":false,"_monsterinsights_sitenote_note":"","_monsterinsights_sitenote_category":0},"product_brand":[],"product_cat":[541,91,345,79],"product_tag":[],"class_list":{"0":"post-206155","1":"product","2":"type-product","3":"status-publish","4":"has-post-thumbnail","6":"product_cat-cristologia-1_espiritualidad-spa","7":"product_cat-cristologia","8":"product_cat-espiritualidad","9":"product_cat-espiritualitat","11":"first","12":"instock","13":"taxable","14":"shipping-taxable","15":"purchasable","16":"product-type-simple"},"acf":{"autor":"TOLENTINO MENDON\u00c7A, JOS\u00c9","codart":"842932655","libros-coleccion":"PRESENCIA TEOL\u00d3GICA","ediciones":"1","encuadernacion":"R\u00fastica","fecha_de_publicacion":"06\/06\/2017","novedad":"1","paginas":"216","subtitulo":"LA SORPRESA DE UN RETRATO","orden":"2","portada":"0","idioma":"spa","editorial":[{"ID":6351,"post_author":"3","post_date":"2022-07-28 17:50:19","post_date_gmt":"2022-07-28 15:50:19","post_content":"","post_title":"Sal Terrae","post_excerpt":"","post_status":"publish","comment_status":"closed","ping_status":"closed","post_password":"","post_name":"sal-terrae","to_ping":"","pinged":"","post_modified":"2022-07-28 17:50:19","post_modified_gmt":"2022-07-28 15:50:19","post_content_filtered":"","post_parent":0,"guid":"http:\/\/dev.claret.cat\/editorial\/sal-terrae\/","menu_order":0,"post_type":"editorial","post_mime_type":"","comment_count":"0","filter":"raw"}],"autores-libros":[{"ID":5651,"post_author":"3","post_date":"2022-07-28 17:28:33","post_date_gmt":"2022-07-28 15:28:33","post_content":"","post_title":"JOS\u00c9 TOLENTINO MENDON\u00c7A","post_excerpt":"","post_status":"publish","comment_status":"closed","ping_status":"closed","post_password":"","post_name":"jose-tolentino-mendonca","to_ping":"","pinged":"","post_modified":"2022-07-28 17:28:33","post_modified_gmt":"2022-07-28 15:28:33","post_content_filtered":"","post_parent":0,"guid":"http:\/\/dev.claret.cat\/autor\/jose-tolentino-mendonca\/","menu_order":0,"post_type":"autor","post_mime_type":"","comment_count":"0","filter":"raw"}],"booktrailer":"","resenas":""},"aioseo_notices":[],"_links":{"self":[{"href":"https:\/\/www.claret.cat\/es\/wp-json\/wp\/v2\/product\/206155","targetHints":{"allow":["GET"]}}],"collection":[{"href":"https:\/\/www.claret.cat\/es\/wp-json\/wp\/v2\/product"}],"about":[{"href":"https:\/\/www.claret.cat\/es\/wp-json\/wp\/v2\/types\/product"}],"wp:featuredmedia":[{"embeddable":true,"href":"https:\/\/www.claret.cat\/es\/wp-json\/wp\/v2\/media\/1079750"}],"wp:attachment":[{"href":"https:\/\/www.claret.cat\/es\/wp-json\/wp\/v2\/media?parent=206155"}],"wp:term":[{"taxonomy":"product_brand","embeddable":true,"href":"https:\/\/www.claret.cat\/es\/wp-json\/wp\/v2\/product_brand?post=206155"},{"taxonomy":"product_cat","embeddable":true,"href":"https:\/\/www.claret.cat\/es\/wp-json\/wp\/v2\/product_cat?post=206155"},{"taxonomy":"product_tag","embeddable":true,"href":"https:\/\/www.claret.cat\/es\/wp-json\/wp\/v2\/product_tag?post=206155"}],"curies":[{"name":"wp","href":"https:\/\/api.w.org\/{rel}","templated":true}]}}