{"id":206218,"date":"2022-10-20T10:38:05","date_gmt":"2022-10-20T08:38:05","guid":{"rendered":"http:\/\/dev.claret.cat\/producte\/juegos-cooperativos-con-trompos-peonzas-y-perinolas\/"},"modified":"2025-05-23T12:42:46","modified_gmt":"2025-05-23T10:42:46","slug":"juegos-cooperativos-con-trompos-peonzas-y-perinolas-9788490234471","status":"publish","type":"product","link":"https:\/\/www.claret.cat\/es\/libro\/juegos-cooperativos-con-trompos-peonzas-y-perinolas-9788490234471\/","title":{"rendered":"JUEGOS COOPERATIVOS CON TROMPOS, PEONZAS Y PERINOLAS"},"content":{"rendered":"<p>\u00bfUn libro de trompos, peonzas y perinolas? \u00bfEn pleno siglo XXI, en la era de la rob\u00f3tica, de los videojuegos en 3D y de la realidad virtual&#8230;? A priori parece parad\u00f3jico, pero si nos adentramos en sus p\u00e1ginas descubriremos que se trata de algo m\u00e1s que un simple entretenimiento infantil. Los autores nos ofrecen un recorrido por las curiosidades de este universal juguete, los variopintos modelos que existen, c\u00f3mo y con qu\u00e9 fabricarlos y tambi\u00e9n numerosas propuestas de c\u00f3mo jugar; c\u00f3mo hacer cuentos y cuentas con peonzas, c\u00f3mo realizar poes\u00edas con perinolas, c\u00f3mo pintar con trompos, y hasta c\u00f3mo cantar y bailar con ellos&#8230; En definitiva, un amplio abanico de juegos orientados a fomentar la cooperaci\u00f3n, para practicar con diferentes grupos de edad e incluso con grupos de caracter\u00edsticas especiales, personas mayores o ni\u00f1os con alguna discapacidad.  Est\u00e1 dirigido a educadores, animadores, monitores de tiempo libre y a todos aquellos que por razones profesionales, por afici\u00f3n personal o por el sencillo y puro placer de jugar, est\u00e9n interesados en los juegos populares en general y en la peonza en particular.<\/p>\n","protected":false},"excerpt":{"rendered":"<p>JURADO SOTO, JUAN JOS\u00c9 \/ RAMAS RAM\u00cdREZ, LUIS MIGUEL<\/p>\n","protected":false},"featured_media":1023378,"template":"","meta":{"_acf_changed":false,"om_disable_all_campaigns":false,"rs_blank_template":"","rs_page_bg_color":"","slide_template_v7":"","inline_featured_image":false,"_monsterinsights_skip_tracking":false,"_monsterinsights_sitenote_active":false,"_monsterinsights_sitenote_note":"","_monsterinsights_sitenote_category":0},"product_brand":[],"product_cat":[82,348],"product_tag":[],"class_list":{"0":"post-206218","1":"product","2":"type-product","3":"status-publish","4":"has-post-thumbnail","6":"product_cat-pedagogia","7":"product_cat-pedagogia-2_humanidades","9":"first","10":"outofstock","11":"taxable","12":"shipping-taxable","13":"purchasable","14":"product-type-simple"},"acf":{"autor":"JURADO SOTO, JUAN JOS\u00c9 \/ RAMAS RAM\u00cdREZ, LUIS MIGUEL","codart":"849023447","libros-coleccion":"Juegos","ediciones":"1","encuadernacion":"R\u00fastica","fecha_de_publicacion":"01\/06\/2017","novedad":"1","paginas":"205","subtitulo":"Y OTRAS ACTIVIDADES CON EL JUGUETE QUE GIRA","orden":"0","portada":"0","idioma":"spa","editorial":[{"ID":147611,"post_author":"3","post_date":"2022-10-14 11:51:54","post_date_gmt":"2022-10-14 09:51:54","post_content":"","post_title":"CCS EDITORIAL","post_excerpt":"","post_status":"publish","comment_status":"closed","ping_status":"closed","post_password":"","post_name":"ccs-editorial","to_ping":"","pinged":"","post_modified":"2022-10-14 11:51:54","post_modified_gmt":"2022-10-14 09:51:54","post_content_filtered":"","post_parent":0,"guid":"http:\/\/dev.claret.cat\/editorial\/ccs-editorial\/","menu_order":0,"post_type":"editorial","post_mime_type":"","comment_count":"0","filter":"raw"}],"autores-libros":[{"ID":359317,"post_author":"3","post_date":"2023-01-15 04:56:37","post_date_gmt":"2023-01-15 03:56:37","post_content":"","post_title":"LUIS MIGUEL RAMAS RAM\u00cdREZ","post_excerpt":"","post_status":"publish","comment_status":"closed","ping_status":"closed","post_password":"","post_name":"luis-miguel-ramas-ramirez","to_ping":"","pinged":"","post_modified":"2023-01-15 04:56:37","post_modified_gmt":"2023-01-15 03:56:37","post_content_filtered":"","post_parent":0,"guid":"https:\/\/www.claret.cat\/autor\/luis-miguel-ramas-ramirez\/","menu_order":0,"post_type":"autor","post_mime_type":"","comment_count":"0","filter":"raw"},{"ID":302453,"post_author":"3","post_date":"2022-12-16 03:36:04","post_date_gmt":"2022-12-16 02:36:04","post_content":"","post_title":"JUAN JOS\u00c9 JURADO SOTO","post_excerpt":"","post_status":"publish","comment_status":"closed","ping_status":"closed","post_password":"","post_name":"juan-jose-jurado-soto","to_ping":"","pinged":"","post_modified":"2022-12-16 03:36:04","post_modified_gmt":"2022-12-16 02:36:04","post_content_filtered":"","post_parent":0,"guid":"http:\/\/dev.claret.cat\/autor\/juan-jose-jurado-soto\/","menu_order":0,"post_type":"autor","post_mime_type":"","comment_count":"0","filter":"raw"}],"booktrailer":"","resenas":""},"aioseo_notices":[],"_links":{"self":[{"href":"https:\/\/www.claret.cat\/es\/wp-json\/wp\/v2\/product\/206218","targetHints":{"allow":["GET"]}}],"collection":[{"href":"https:\/\/www.claret.cat\/es\/wp-json\/wp\/v2\/product"}],"about":[{"href":"https:\/\/www.claret.cat\/es\/wp-json\/wp\/v2\/types\/product"}],"wp:featuredmedia":[{"embeddable":true,"href":"https:\/\/www.claret.cat\/es\/wp-json\/wp\/v2\/media\/1023378"}],"wp:attachment":[{"href":"https:\/\/www.claret.cat\/es\/wp-json\/wp\/v2\/media?parent=206218"}],"wp:term":[{"taxonomy":"product_brand","embeddable":true,"href":"https:\/\/www.claret.cat\/es\/wp-json\/wp\/v2\/product_brand?post=206218"},{"taxonomy":"product_cat","embeddable":true,"href":"https:\/\/www.claret.cat\/es\/wp-json\/wp\/v2\/product_cat?post=206218"},{"taxonomy":"product_tag","embeddable":true,"href":"https:\/\/www.claret.cat\/es\/wp-json\/wp\/v2\/product_tag?post=206218"}],"curies":[{"name":"wp","href":"https:\/\/api.w.org\/{rel}","templated":true}]}}