{"id":206227,"date":"2022-10-20T10:38:13","date_gmt":"2022-10-20T08:38:13","guid":{"rendered":"http:\/\/dev.claret.cat\/producte\/pokemon-n-16-esmeralda-n-02\/"},"modified":"2026-04-17T19:51:44","modified_gmt":"2026-04-17T17:51:44","slug":"pokemon-n-16-esmeralda-n-02-9788467925159","status":"publish","type":"product","link":"https:\/\/www.claret.cat\/es\/libro\/pokemon-n-16-esmeralda-n-02-9788467925159\/","title":{"rendered":"POKEMON N 16 ESMERALDA N 02"},"content":{"rendered":"<p>\u00daLTIMO VOLUMEN DE LA SAGA: \u00a1\u00a1LA BATALLA FINAL  EST\u00c1 A PUNTO DE EMPEZAR!!  \u00a1LOS POSEEDORES DE LA POK\u00c9DEX DE LA REGI\u00d3N DE HOENN, RUB\u00cd Y ZAFIRO, LLEGAN AL FRENTE DE BATALLA!<br \/>\u00a1Esmeralda cuenta con su inestimable apoyo, pero la situaci\u00f3n da un cambio repentino! \u00a1El hombre de la armadura vuelve a aparecer y trata de capturar a Jirachi! \u00a1El escenario final es la Torre Batalla! \u00a1\u00bfQu\u00e9 deseo har\u00e1 realidad Jirachi en el fragor de la contienda&#8230;?!<\/p>\n","protected":false},"excerpt":{"rendered":"<p>KUSAKA \/ YAMAMOTO<\/p>\n","protected":false},"featured_media":1097520,"template":"","meta":{"_acf_changed":false,"om_disable_all_campaigns":false,"rs_blank_template":"","rs_page_bg_color":"","slide_template_v7":"","inline_featured_image":false,"_monsterinsights_skip_tracking":false,"_monsterinsights_sitenote_active":false,"_monsterinsights_sitenote_note":"","_monsterinsights_sitenote_category":0},"product_brand":[],"product_cat":[108,558],"product_tag":[],"class_list":{"0":"post-206227","1":"product","2":"type-product","3":"status-publish","4":"has-post-thumbnail","6":"product_cat-comic","7":"product_cat-comic-3_infantil-juvenil-spa-spa","9":"first","10":"outofstock","11":"taxable","12":"shipping-taxable","13":"purchasable","14":"product-type-simple"},"acf":{"autor":"KUSAKA \/ YAMAMOTO","codart":"846792515","libros-coleccion":"Pokemon","ediciones":"1","encuadernacion":"R\u00fastica","fecha_de_publicacion":"01\/06\/2017","novedad":"0","paginas":"330","subtitulo":"","orden":"0","portada":"0","idioma":"spa","editorial":[{"ID":6315,"post_author":"3","post_date":"2022-07-28 17:49:33","post_date_gmt":"2022-07-28 15:49:33","post_content":"","post_title":"NORMA EDITORIAL S.A","post_excerpt":"","post_status":"publish","comment_status":"closed","ping_status":"closed","post_password":"","post_name":"norma-editorial-s-a","to_ping":"","pinged":"","post_modified":"2022-07-28 17:49:33","post_modified_gmt":"2022-07-28 15:49:33","post_content_filtered":"","post_parent":0,"guid":"http:\/\/dev.claret.cat\/editorial\/norma-editorial-s-a\/","menu_order":0,"post_type":"editorial","post_mime_type":"","comment_count":"0","filter":"raw"}],"booktrailer":"","resenas":"","autores-libros":[{"ID":425219,"post_author":"3","post_date":"2023-05-16 08:17:08","post_date_gmt":"2023-05-16 06:17:08","post_content":"","post_title":"KUSAKA","post_excerpt":"","post_status":"publish","comment_status":"closed","ping_status":"closed","post_password":"","post_name":"kusaka","to_ping":"","pinged":"","post_modified":"2023-05-16 08:17:08","post_modified_gmt":"2023-05-16 06:17:08","post_content_filtered":"","post_parent":0,"guid":"https:\/\/www.claret.cat\/autor\/kusaka\/","menu_order":0,"post_type":"autor","post_mime_type":"","comment_count":"0","filter":"raw"},{"ID":429554,"post_author":"3","post_date":"2023-05-16 09:50:49","post_date_gmt":"2023-05-16 07:50:49","post_content":"","post_title":"YAMAMOTO","post_excerpt":"","post_status":"publish","comment_status":"closed","ping_status":"closed","post_password":"","post_name":"yamamoto","to_ping":"","pinged":"","post_modified":"2023-05-16 09:50:49","post_modified_gmt":"2023-05-16 07:50:49","post_content_filtered":"","post_parent":0,"guid":"https:\/\/www.claret.cat\/autor\/yamamoto\/","menu_order":0,"post_type":"autor","post_mime_type":"","comment_count":"0","filter":"raw"}]},"aioseo_notices":[],"_links":{"self":[{"href":"https:\/\/www.claret.cat\/es\/wp-json\/wp\/v2\/product\/206227","targetHints":{"allow":["GET"]}}],"collection":[{"href":"https:\/\/www.claret.cat\/es\/wp-json\/wp\/v2\/product"}],"about":[{"href":"https:\/\/www.claret.cat\/es\/wp-json\/wp\/v2\/types\/product"}],"wp:featuredmedia":[{"embeddable":true,"href":"https:\/\/www.claret.cat\/es\/wp-json\/wp\/v2\/media\/1097520"}],"wp:attachment":[{"href":"https:\/\/www.claret.cat\/es\/wp-json\/wp\/v2\/media?parent=206227"}],"wp:term":[{"taxonomy":"product_brand","embeddable":true,"href":"https:\/\/www.claret.cat\/es\/wp-json\/wp\/v2\/product_brand?post=206227"},{"taxonomy":"product_cat","embeddable":true,"href":"https:\/\/www.claret.cat\/es\/wp-json\/wp\/v2\/product_cat?post=206227"},{"taxonomy":"product_tag","embeddable":true,"href":"https:\/\/www.claret.cat\/es\/wp-json\/wp\/v2\/product_tag?post=206227"}],"curies":[{"name":"wp","href":"https:\/\/api.w.org\/{rel}","templated":true}]}}