{"id":206401,"date":"2022-10-20T10:41:16","date_gmt":"2022-10-20T08:41:16","guid":{"rendered":"http:\/\/dev.claret.cat\/producte\/la-moda-a-traves-de-los-tiempos\/"},"modified":"2024-06-06T12:20:20","modified_gmt":"2024-06-06T10:20:20","slug":"la-moda-a-traves-de-los-tiempos-9781474934633","status":"publish","type":"product","link":"https:\/\/www.claret.cat\/es\/libro\/la-moda-a-traves-de-los-tiempos-9781474934633\/","title":{"rendered":"LA MODA A TRAVES DE LOS TIEMPOS"},"content":{"rendered":"<p>Un recorrido ilustrado a trav\u00e9s de m\u00e1s de 5000 a\u00f1os de moda que fascinar\u00e1 por igual a los aficionados al estilo y a la historia.<\/p>\n","protected":false},"excerpt":{"rendered":"<p>COWAN LAURA<\/p>\n","protected":false},"featured_media":969276,"template":"","meta":{"_acf_changed":false,"om_disable_all_campaigns":false,"rs_blank_template":"","rs_page_bg_color":"","slide_template_v7":"","inline_featured_image":false,"_monsterinsights_skip_tracking":false,"_monsterinsights_sitenote_active":false,"_monsterinsights_sitenote_note":"","_monsterinsights_sitenote_category":0},"product_brand":[],"product_cat":[90,551,101,540,105,555],"product_tag":[],"class_list":{"0":"post-206401","1":"product","2":"type-product","3":"status-publish","4":"has-post-thumbnail","6":"product_cat-altres","7":"product_cat-manualidades","8":"product_cat-manualitats","9":"product_cat-otros","10":"product_cat-regal","11":"product_cat-regalo","13":"first","14":"outofstock","15":"taxable","16":"shipping-taxable","17":"purchasable","18":"product-type-simple"},"acf":{"autor":"COWAN LAURA","codart":"147493463","libros-coleccion":"USBORNE","ediciones":"1","encuadernacion":"Carpeta","fecha_de_publicacion":"01\/06\/2017","novedad":"0","paginas":"111","subtitulo":"","orden":"0","portada":"0","idioma":"spa","editorial":[{"ID":6385,"post_author":"3","post_date":"2022-07-28 17:51:04","post_date_gmt":"2022-07-28 15:51:04","post_content":"","post_title":"USBORNE ED.","post_excerpt":"","post_status":"publish","comment_status":"closed","ping_status":"closed","post_password":"","post_name":"usborne-ed","to_ping":"","pinged":"","post_modified":"2022-07-28 17:51:04","post_modified_gmt":"2022-07-28 15:51:04","post_content_filtered":"","post_parent":0,"guid":"http:\/\/dev.claret.cat\/editorial\/usborne-ed\/","menu_order":0,"post_type":"editorial","post_mime_type":"","comment_count":"0","filter":"raw"}],"autores-libros":[{"ID":153273,"post_author":"3","post_date":"2022-10-14 14:55:27","post_date_gmt":"2022-10-14 12:55:27","post_content":"","post_title":"COWAN LAURA","post_excerpt":"","post_status":"publish","comment_status":"closed","ping_status":"closed","post_password":"","post_name":"cowan-laura","to_ping":"","pinged":"","post_modified":"2022-10-14 14:55:27","post_modified_gmt":"2022-10-14 12:55:27","post_content_filtered":"","post_parent":0,"guid":"http:\/\/dev.claret.cat\/autor\/cowan-laura\/","menu_order":0,"post_type":"autor","post_mime_type":"","comment_count":"0","filter":"raw"}]},"aioseo_notices":[],"_links":{"self":[{"href":"https:\/\/www.claret.cat\/es\/wp-json\/wp\/v2\/product\/206401","targetHints":{"allow":["GET"]}}],"collection":[{"href":"https:\/\/www.claret.cat\/es\/wp-json\/wp\/v2\/product"}],"about":[{"href":"https:\/\/www.claret.cat\/es\/wp-json\/wp\/v2\/types\/product"}],"wp:featuredmedia":[{"embeddable":true,"href":"https:\/\/www.claret.cat\/es\/wp-json\/wp\/v2\/media\/969276"}],"wp:attachment":[{"href":"https:\/\/www.claret.cat\/es\/wp-json\/wp\/v2\/media?parent=206401"}],"wp:term":[{"taxonomy":"product_brand","embeddable":true,"href":"https:\/\/www.claret.cat\/es\/wp-json\/wp\/v2\/product_brand?post=206401"},{"taxonomy":"product_cat","embeddable":true,"href":"https:\/\/www.claret.cat\/es\/wp-json\/wp\/v2\/product_cat?post=206401"},{"taxonomy":"product_tag","embeddable":true,"href":"https:\/\/www.claret.cat\/es\/wp-json\/wp\/v2\/product_tag?post=206401"}],"curies":[{"name":"wp","href":"https:\/\/api.w.org\/{rel}","templated":true}]}}