{"id":206527,"date":"2022-10-20T10:43:24","date_gmt":"2022-10-20T08:43:24","guid":{"rendered":"http:\/\/dev.claret.cat\/producte\/entrena-tu-mente-ejercicios-para-potenciar-la-memoria-y-la-concentracion\/"},"modified":"2023-06-01T10:54:52","modified_gmt":"2023-06-01T08:54:52","slug":"entrena-tu-mente-ejercicios-para-potenciar-la-memoria-y-la-concentracion-9788403517646","status":"publish","type":"product","link":"https:\/\/www.claret.cat\/es\/libro\/entrena-tu-mente-ejercicios-para-potenciar-la-memoria-y-la-concentracion-9788403517646\/","title":{"rendered":"ENTRENA TU MENTE. EJERCICIOS PARA POTENCIAR LA MEMORIA Y LA CONCENTRACI\u00d3N"},"content":{"rendered":"<p>Escritura, lectura, concentraci\u00f3n, atenci\u00f3n y lenguaje. Con los cuadernos Rubio Entrena tu mente ejercitar\u00e1s y fortalecer\u00e1s tu cerebro para mantenerlo siempre en forma. \u00bfTienes una mente inquieta y quieres mantener tu memoria siempre joven? Con el cuaderno Rubio Entrena tu mente. Ejercicios para potenciar la memoria y la concentraci\u00f3n sigue practicando escritura, lectura, concentraci\u00f3n, atenci\u00f3n y lenguaje con los nuevos 100  ejercicios de este cuaderno. Con un poco de entrenamiento mantendr\u00e1s tus habilidades mentales en forma de una manera sencilla y divertida.Y sigue entrenando tu mente con m\u00e1s ejercicios para practicar c\u00e1lculo, l\u00f3gica, coordinaci\u00f3n visual y percepci\u00f3n, as\u00ed como escritura, lectura, concentraci\u00f3n, atenci\u00f3n y lenguaje con los Cuadernos Rubio Entrena tu mente:- Ejercicios y juegos para fortalecer la memoria y la concentraci\u00f3n<br \/>&#8211; Ejercicios y juegos de l\u00f3gica para mantener tu memoria en forma<br \/>&#8211; Ejercicios pr\u00e1cticos para mantener tu memoria en forma<br \/>&#8211;  Juegos de l\u00f3gica para mantener tu memoria en forma<br \/>&#8211; Juegos de c\u00e1lculo y l\u00f3gica para ejercitar la inteligencia<\/p>\n","protected":false},"excerpt":{"rendered":"<p>CUADERNOS RUBIO<\/p>\n","protected":false},"featured_media":273951,"template":"","meta":{"_acf_changed":false,"om_disable_all_campaigns":false,"rs_blank_template":"","rs_page_bg_color":"","slide_template_v7":"","inline_featured_image":false,"_monsterinsights_skip_tracking":false,"_monsterinsights_sitenote_active":false,"_monsterinsights_sitenote_note":"","_monsterinsights_sitenote_category":0},"product_brand":[],"product_cat":[90,540],"product_tag":[],"class_list":{"0":"post-206527","1":"product","2":"type-product","3":"status-publish","4":"has-post-thumbnail","6":"product_cat-altres","7":"product_cat-otros","9":"first","10":"instock","11":"taxable","12":"shipping-taxable","13":"purchasable","14":"product-type-simple"},"acf":{"autor":"CUADERNOS RUBIO","codart":"840351764","libros-coleccion":"OCIO Y TIEMPO LIBRE","ediciones":"1","encuadernacion":"R\u00fastica","fecha_de_publicacion":"01\/06\/2017","novedad":"1","paginas":"127","subtitulo":"","orden":"0","portada":"0","idioma":"spa","editorial":[{"ID":6294,"post_author":"3","post_date":"2022-07-28 17:49:06","post_date_gmt":"2022-07-28 15:49:06","post_content":"","post_title":"LOSADA","post_excerpt":"","post_status":"publish","comment_status":"closed","ping_status":"closed","post_password":"","post_name":"losada","to_ping":"","pinged":"","post_modified":"2022-07-28 17:49:06","post_modified_gmt":"2022-07-28 15:49:06","post_content_filtered":"","post_parent":0,"guid":"http:\/\/dev.claret.cat\/editorial\/losada\/","menu_order":0,"post_type":"editorial","post_mime_type":"","comment_count":"0","filter":"raw"}],"autores-libros":[{"ID":153427,"post_author":"3","post_date":"2022-10-14 14:56:41","post_date_gmt":"2022-10-14 12:56:41","post_content":"","post_title":"CUADERNOS RUBIO","post_excerpt":"","post_status":"publish","comment_status":"closed","ping_status":"closed","post_password":"","post_name":"cuadernos-rubio","to_ping":"","pinged":"","post_modified":"2022-10-14 14:56:41","post_modified_gmt":"2022-10-14 12:56:41","post_content_filtered":"","post_parent":0,"guid":"http:\/\/dev.claret.cat\/autor\/cuadernos-rubio\/","menu_order":0,"post_type":"autor","post_mime_type":"","comment_count":"0","filter":"raw"}]},"aioseo_notices":[],"_links":{"self":[{"href":"https:\/\/www.claret.cat\/es\/wp-json\/wp\/v2\/product\/206527","targetHints":{"allow":["GET"]}}],"collection":[{"href":"https:\/\/www.claret.cat\/es\/wp-json\/wp\/v2\/product"}],"about":[{"href":"https:\/\/www.claret.cat\/es\/wp-json\/wp\/v2\/types\/product"}],"wp:featuredmedia":[{"embeddable":true,"href":"https:\/\/www.claret.cat\/es\/wp-json\/wp\/v2\/media\/273951"}],"wp:attachment":[{"href":"https:\/\/www.claret.cat\/es\/wp-json\/wp\/v2\/media?parent=206527"}],"wp:term":[{"taxonomy":"product_brand","embeddable":true,"href":"https:\/\/www.claret.cat\/es\/wp-json\/wp\/v2\/product_brand?post=206527"},{"taxonomy":"product_cat","embeddable":true,"href":"https:\/\/www.claret.cat\/es\/wp-json\/wp\/v2\/product_cat?post=206527"},{"taxonomy":"product_tag","embeddable":true,"href":"https:\/\/www.claret.cat\/es\/wp-json\/wp\/v2\/product_tag?post=206527"}],"curies":[{"name":"wp","href":"https:\/\/api.w.org\/{rel}","templated":true}]}}