{"id":206671,"date":"2022-10-20T10:45:56","date_gmt":"2022-10-20T08:45:56","guid":{"rendered":"http:\/\/dev.claret.cat\/producte\/pack-mi-dieta-cojea-planificador-dieta-semanal\/"},"modified":"2023-01-28T13:42:50","modified_gmt":"2023-01-28T12:42:50","slug":"pack-mi-dieta-cojea-planificador-dieta-semanal-9788449333637","status":"publish","type":"product","link":"https:\/\/www.claret.cat\/es\/libro\/pack-mi-dieta-cojea-planificador-dieta-semanal-9788449333637\/","title":{"rendered":"PACK MI DIETA COJEA + PLANIFICADOR DIETA SEMANAL"},"content":{"rendered":"<p>Presentaci\u00f3n del libro Mi dieta cojea. Autor Aitor S\u00e1nchez Garc\u00eda en nuestra librer\u00eda de Sevilla, C.C Viapol el 26 de enero a las 19:00 h. Aitor Garc\u00eda, el especialista en nutrici\u00f3n y dieta con m\u00e1s seguidores en la red, nos presenta un libro para desterrar mitos en relaci\u00f3n a los alimentos que consumimos todos los d\u00edas<br \/>En Mi dieta cojea, el autor desmiente ciertas creencias en el campo de la nutrici\u00f3n que todos hemos o\u00eddo y que suelen provenir de la falta de informaci\u00f3n rigurosa y de la manipulaci\u00f3n del mensaje publicitario por parte de la industria alimentaria, como por ejemplo: \u00abEs obligatorio desayunar para tener una dieta saludable\u00bb o \u00abDebemos realizar 5 comidas al d\u00eda\u00bb.<\/p>\n","protected":false},"excerpt":{"rendered":"<p>S\u00c1NCHEZ GARC\u00cdA, AITOR<\/p>\n","protected":false},"featured_media":206672,"template":"","meta":{"_acf_changed":false,"om_disable_all_campaigns":false,"rs_blank_template":"","rs_page_bg_color":"","slide_template_v7":"","inline_featured_image":false,"_monsterinsights_skip_tracking":false,"_monsterinsights_sitenote_active":false,"_monsterinsights_sitenote_note":"","_monsterinsights_sitenote_category":0},"product_brand":[],"product_cat":[97],"product_tag":[],"class_list":{"0":"post-206671","1":"product","2":"type-product","3":"status-publish","4":"has-post-thumbnail","6":"product_cat-salut","8":"first","9":"instock","10":"taxable","11":"shipping-taxable","12":"purchasable","13":"product-type-simple"},"acf":{"autor":"S\u00c1NCHEZ GARC\u00cdA, AITOR","codart":"844933363","libros-coleccion":"Divulgaci\u00f3n-Autoayuda","ediciones":"1","encuadernacion":"R\u00fastica","fecha_de_publicacion":"01\/06\/2017","novedad":"1","paginas":"240","subtitulo":"","orden":"0","portada":"0","idioma":"spa","editorial":[{"ID":6206,"post_author":"3","post_date":"2022-07-28 17:47:08","post_date_gmt":"2022-07-28 15:47:08","post_content":"","post_title":"Ediciones Paid\u00f3s","post_excerpt":"","post_status":"publish","comment_status":"closed","ping_status":"closed","post_password":"","post_name":"ediciones-paidos","to_ping":"","pinged":"","post_modified":"2022-07-28 17:47:08","post_modified_gmt":"2022-07-28 15:47:08","post_content_filtered":"","post_parent":0,"guid":"http:\/\/dev.claret.cat\/editorial\/ediciones-paidos\/","menu_order":0,"post_type":"editorial","post_mime_type":"","comment_count":"0","filter":"raw"}],"autores-libros":[{"ID":149307,"post_author":"3","post_date":"2022-10-14 14:23:49","post_date_gmt":"2022-10-14 12:23:49","post_content":"","post_title":"AITOR S\u00c1NCHEZ GARC\u00cdA","post_excerpt":"","post_status":"publish","comment_status":"closed","ping_status":"closed","post_password":"","post_name":"aitor-sanchez-garcia","to_ping":"","pinged":"","post_modified":"2022-10-14 14:23:49","post_modified_gmt":"2022-10-14 12:23:49","post_content_filtered":"","post_parent":0,"guid":"http:\/\/dev.claret.cat\/autor\/aitor-sanchez-garcia\/","menu_order":0,"post_type":"autor","post_mime_type":"","comment_count":"0","filter":"raw"}]},"aioseo_notices":[],"_links":{"self":[{"href":"https:\/\/www.claret.cat\/es\/wp-json\/wp\/v2\/product\/206671","targetHints":{"allow":["GET"]}}],"collection":[{"href":"https:\/\/www.claret.cat\/es\/wp-json\/wp\/v2\/product"}],"about":[{"href":"https:\/\/www.claret.cat\/es\/wp-json\/wp\/v2\/types\/product"}],"wp:featuredmedia":[{"embeddable":true,"href":"https:\/\/www.claret.cat\/es\/wp-json\/wp\/v2\/media\/206672"}],"wp:attachment":[{"href":"https:\/\/www.claret.cat\/es\/wp-json\/wp\/v2\/media?parent=206671"}],"wp:term":[{"taxonomy":"product_brand","embeddable":true,"href":"https:\/\/www.claret.cat\/es\/wp-json\/wp\/v2\/product_brand?post=206671"},{"taxonomy":"product_cat","embeddable":true,"href":"https:\/\/www.claret.cat\/es\/wp-json\/wp\/v2\/product_cat?post=206671"},{"taxonomy":"product_tag","embeddable":true,"href":"https:\/\/www.claret.cat\/es\/wp-json\/wp\/v2\/product_tag?post=206671"}],"curies":[{"name":"wp","href":"https:\/\/api.w.org\/{rel}","templated":true}]}}