{"id":206863,"date":"2022-10-20T10:49:23","date_gmt":"2022-10-20T08:49:23","guid":{"rendered":"http:\/\/dev.claret.cat\/producte\/entrena-tu-mente-juegos-de-calculo-y-logica-para-ejercitar-la-inteligencia\/"},"modified":"2023-06-01T10:54:45","modified_gmt":"2023-06-01T08:54:45","slug":"entrena-tu-mente-juegos-de-calculo-y-logica-para-ejercitar-la-inteligencia-9788403517639","status":"publish","type":"product","link":"https:\/\/www.claret.cat\/es\/libro\/entrena-tu-mente-juegos-de-calculo-y-logica-para-ejercitar-la-inteligencia-9788403517639\/","title":{"rendered":"ENTRENA TU MENTE. JUEGOS DE C\u00c1LCULO Y L\u00d3GICA PARA EJERCITAR LA INTELIGENCIA"},"content":{"rendered":"<p>C\u00e1lculo, l\u00f3gica, coordinaci\u00f3n visual y percepci\u00f3n. Con los cuadernos Rubio Entrena tu menteejercitar\u00e1s y fortalecer\u00e1s tu cerebro para mantenerlo siempre en forma. \u00bfEres una mente inquieta y quieres mantener tu memoria siempre joven? En el cuaderno Rubio Entrena tu mente. Juegos de c\u00e1lculo y l\u00f3gica para ejercitar la inteligencia encontrar\u00e1s m\u00e1s de 100 ejercicios  con los que poder practicar escritura, lectura, concentraci\u00f3n, atenci\u00f3n y lenguaje. Con un poco de entrenamiento mantendr\u00e1s tus habilidades mentales en forma de manera sencilla y divertida.Y sigue entrenando tu mente con m\u00e1s ejercicios para practicar c\u00e1lculo, l\u00f3gica, coordinaci\u00f3n visual y percepci\u00f3n, as\u00ed como escritura, lectura, concentraci\u00f3n, atenci\u00f3n y lenguaje con los Cuadernos Rubio Entrena tu mente:- Ejercicios y juegos para fortalecer la memoria y la concentraci\u00f3n<br \/>&#8211; Ejercicios y juegos de l\u00f3gica para mantener tu memoria en forma<br \/>&#8211; Ejercicios pr\u00e1cticos para mantener tu memoria en forma<br \/>&#8211;  Juegos de l\u00f3gica para mantener tu memoria en forma<br \/>&#8211; Ejercicios para potenciar la memoria y la concentraci\u00f3n<\/p>\n","protected":false},"excerpt":{"rendered":"<p>CUADERNOS RUBIO<\/p>\n","protected":false},"featured_media":206864,"template":"","meta":{"_acf_changed":false,"om_disable_all_campaigns":false,"rs_blank_template":"","rs_page_bg_color":"","slide_template_v7":"","inline_featured_image":false,"_monsterinsights_skip_tracking":false,"_monsterinsights_sitenote_active":false,"_monsterinsights_sitenote_note":"","_monsterinsights_sitenote_category":0},"product_brand":[],"product_cat":[551,101],"product_tag":[],"class_list":{"0":"post-206863","1":"product","2":"type-product","3":"status-publish","4":"has-post-thumbnail","6":"product_cat-manualidades","7":"product_cat-manualitats","9":"first","10":"instock","11":"taxable","12":"shipping-taxable","13":"purchasable","14":"product-type-simple"},"acf":{"autor":"CUADERNOS RUBIO","codart":"840351763","libros-coleccion":"OCIO Y TIEMPO LIBRE","ediciones":"1","encuadernacion":"R\u00fastica","fecha_de_publicacion":"01\/06\/2017","novedad":"1","paginas":"126","subtitulo":"","orden":"0","portada":"0","idioma":"spa","editorial":[{"ID":6294,"post_author":"3","post_date":"2022-07-28 17:49:06","post_date_gmt":"2022-07-28 15:49:06","post_content":"","post_title":"LOSADA","post_excerpt":"","post_status":"publish","comment_status":"closed","ping_status":"closed","post_password":"","post_name":"losada","to_ping":"","pinged":"","post_modified":"2022-07-28 17:49:06","post_modified_gmt":"2022-07-28 15:49:06","post_content_filtered":"","post_parent":0,"guid":"http:\/\/dev.claret.cat\/editorial\/losada\/","menu_order":0,"post_type":"editorial","post_mime_type":"","comment_count":"0","filter":"raw"}],"autores-libros":[{"ID":153427,"post_author":"3","post_date":"2022-10-14 14:56:41","post_date_gmt":"2022-10-14 12:56:41","post_content":"","post_title":"CUADERNOS RUBIO","post_excerpt":"","post_status":"publish","comment_status":"closed","ping_status":"closed","post_password":"","post_name":"cuadernos-rubio","to_ping":"","pinged":"","post_modified":"2022-10-14 14:56:41","post_modified_gmt":"2022-10-14 12:56:41","post_content_filtered":"","post_parent":0,"guid":"http:\/\/dev.claret.cat\/autor\/cuadernos-rubio\/","menu_order":0,"post_type":"autor","post_mime_type":"","comment_count":"0","filter":"raw"}]},"aioseo_notices":[],"_links":{"self":[{"href":"https:\/\/www.claret.cat\/es\/wp-json\/wp\/v2\/product\/206863","targetHints":{"allow":["GET"]}}],"collection":[{"href":"https:\/\/www.claret.cat\/es\/wp-json\/wp\/v2\/product"}],"about":[{"href":"https:\/\/www.claret.cat\/es\/wp-json\/wp\/v2\/types\/product"}],"wp:featuredmedia":[{"embeddable":true,"href":"https:\/\/www.claret.cat\/es\/wp-json\/wp\/v2\/media\/206864"}],"wp:attachment":[{"href":"https:\/\/www.claret.cat\/es\/wp-json\/wp\/v2\/media?parent=206863"}],"wp:term":[{"taxonomy":"product_brand","embeddable":true,"href":"https:\/\/www.claret.cat\/es\/wp-json\/wp\/v2\/product_brand?post=206863"},{"taxonomy":"product_cat","embeddable":true,"href":"https:\/\/www.claret.cat\/es\/wp-json\/wp\/v2\/product_cat?post=206863"},{"taxonomy":"product_tag","embeddable":true,"href":"https:\/\/www.claret.cat\/es\/wp-json\/wp\/v2\/product_tag?post=206863"}],"curies":[{"name":"wp","href":"https:\/\/api.w.org\/{rel}","templated":true}]}}