{"id":207034,"date":"2022-10-20T10:52:33","date_gmt":"2022-10-20T08:52:33","guid":{"rendered":"http:\/\/dev.claret.cat\/producte\/timbuktu\/"},"modified":"2024-05-08T13:42:23","modified_gmt":"2024-05-08T11:42:23","slug":"timbuktu-9788417031121","status":"publish","type":"product","link":"https:\/\/www.claret.cat\/es\/libro\/timbuktu-9788417031121\/","title":{"rendered":"TIMBUKT\u00da"},"content":{"rendered":"<p>Willy i el seu gos emprenen la seva \u00faltima sortida en direcci\u00f3 a Baltimore amb l&#8217;esperan\u00e7a de trobar Bea Swanson, exprofessora i gran mentora de Willy, i poder-li confiar tots els seus escrits. Paul Auster se serveix l\u00facidament de l&#8217;atenta mirada de Mr. Bones per despullar la nostra humanitat i bastir una de les faules m\u00e9s originals de la literarua amerciana recent.<\/p>\n","protected":false},"excerpt":{"rendered":"<p>AUSTER, PAUL<\/p>\n","protected":false},"featured_media":964056,"template":"","meta":{"_acf_changed":false,"om_disable_all_campaigns":false,"rs_blank_template":"","rs_page_bg_color":"","slide_template_v7":"","inline_featured_image":false,"_monsterinsights_skip_tracking":false,"_monsterinsights_sitenote_active":false,"_monsterinsights_sitenote_note":"","_monsterinsights_sitenote_category":0},"product_brand":[],"product_cat":[87,353,127,357],"product_tag":[],"class_list":{"0":"post-207034","1":"product","2":"type-product","3":"status-publish","4":"has-post-thumbnail","6":"product_cat-literatura","7":"product_cat-literatura-2_humanidades","8":"product_cat-novella-contemporania","9":"product_cat-novela-contemporanea","11":"first","12":"instock","13":"taxable","14":"shipping-taxable","15":"purchasable","16":"product-type-simple"},"acf":{"autor":"AUSTER, PAUL","codart":"841703112","libros-coleccion":"FORA DE COL.LECCI\u00d3","ediciones":"1","encuadernacion":"R\u00fastica","fecha_de_publicacion":"01\/06\/2017","novedad":"1","paginas":"188","subtitulo":"","orden":"0","portada":"0","idioma":"spa","editorial":[{"ID":6281,"post_author":"3","post_date":"2022-07-28 17:48:50","post_date_gmt":"2022-07-28 15:48:50","post_content":"","post_title":"LABUTXACA","post_excerpt":"","post_status":"publish","comment_status":"closed","ping_status":"closed","post_password":"","post_name":"labutxaca","to_ping":"","pinged":"","post_modified":"2022-07-28 17:48:50","post_modified_gmt":"2022-07-28 15:48:50","post_content_filtered":"","post_parent":0,"guid":"http:\/\/dev.claret.cat\/editorial\/labutxaca\/","menu_order":0,"post_type":"editorial","post_mime_type":"","comment_count":"0","filter":"raw"}],"autores-libros":[{"ID":166714,"post_author":"3","post_date":"2022-10-14 18:05:27","post_date_gmt":"2022-10-14 16:05:27","post_content":"","post_title":"PAUL AUSTER","post_excerpt":"","post_status":"publish","comment_status":"closed","ping_status":"closed","post_password":"","post_name":"paul-auster","to_ping":"","pinged":"","post_modified":"2022-10-14 18:05:27","post_modified_gmt":"2022-10-14 16:05:27","post_content_filtered":"","post_parent":0,"guid":"http:\/\/dev.claret.cat\/autor\/paul-auster\/","menu_order":0,"post_type":"autor","post_mime_type":"","comment_count":"0","filter":"raw"}]},"aioseo_notices":[],"_links":{"self":[{"href":"https:\/\/www.claret.cat\/es\/wp-json\/wp\/v2\/product\/207034","targetHints":{"allow":["GET"]}}],"collection":[{"href":"https:\/\/www.claret.cat\/es\/wp-json\/wp\/v2\/product"}],"about":[{"href":"https:\/\/www.claret.cat\/es\/wp-json\/wp\/v2\/types\/product"}],"wp:featuredmedia":[{"embeddable":true,"href":"https:\/\/www.claret.cat\/es\/wp-json\/wp\/v2\/media\/964056"}],"wp:attachment":[{"href":"https:\/\/www.claret.cat\/es\/wp-json\/wp\/v2\/media?parent=207034"}],"wp:term":[{"taxonomy":"product_brand","embeddable":true,"href":"https:\/\/www.claret.cat\/es\/wp-json\/wp\/v2\/product_brand?post=207034"},{"taxonomy":"product_cat","embeddable":true,"href":"https:\/\/www.claret.cat\/es\/wp-json\/wp\/v2\/product_cat?post=207034"},{"taxonomy":"product_tag","embeddable":true,"href":"https:\/\/www.claret.cat\/es\/wp-json\/wp\/v2\/product_tag?post=207034"}],"curies":[{"name":"wp","href":"https:\/\/api.w.org\/{rel}","templated":true}]}}