{"id":207064,"date":"2022-10-20T10:53:06","date_gmt":"2022-10-20T08:53:06","guid":{"rendered":"http:\/\/dev.claret.cat\/producte\/los-alimentos-contra-el-cancer-n-ed\/"},"modified":"2026-03-02T12:25:23","modified_gmt":"2026-03-02T11:25:23","slug":"los-alimentos-contra-el-cancer-n-ed-9788491180845","status":"publish","type":"product","link":"https:\/\/www.claret.cat\/es\/libro\/los-alimentos-contra-el-cancer-n-ed-9788491180845\/","title":{"rendered":"LOS ALIMENTOS CONTRA EL CANCER (N. ED)"},"content":{"rendered":"<p>A d\u00eda de hoy, la investigaci\u00f3n de nuevos tratamientos contra el c\u00e1ncer sigue centrando los esfuerzos de cient\u00edficos de todo el mundo. Aun as\u00ed, si algo ha quedado demostrado a lo largo de los a\u00f1os es que la estrategia m\u00e1s radical en la lucha contra esta terrible enfermedad pasa por la prevenci\u00f3n mediante cambios en el estilo de vida y, muy especialmente, en la dieta. En Los alimentos contra el c\u00e1ncer, los doctores Richard B\u00e9liveau y Denis Gingras nos ofrecen una completa gu\u00eda sobre c\u00f3mo prevenir el c\u00e1ncer e incluso c\u00f3mo impedir su avance gracias a unos sencillos cambios en nuestros h\u00e1bitos alimenticios.<\/p>\n","protected":false},"excerpt":{"rendered":"<p>BELIVEAU , RICHARD \/ GINGRAS , DENIS<\/p>\n","protected":false},"featured_media":1087072,"template":"","meta":{"_acf_changed":false,"om_disable_all_campaigns":false,"rs_blank_template":"","rs_page_bg_color":"","slide_template_v7":"","inline_featured_image":false,"_monsterinsights_skip_tracking":false,"_monsterinsights_sitenote_active":false,"_monsterinsights_sitenote_note":"","_monsterinsights_sitenote_category":0},"product_brand":[],"product_cat":[547,97],"product_tag":[],"class_list":{"0":"post-207064","1":"product","2":"type-product","3":"status-publish","4":"has-post-thumbnail","6":"product_cat-salud","7":"product_cat-salut","9":"first","10":"outofstock","11":"taxable","12":"shipping-taxable","13":"purchasable","14":"product-type-simple"},"acf":{"autor":"BELIVEAU , RICHARD \/ GINGRAS , DENIS","codart":"849118084","libros-coleccion":"SUSHI BOOKS","ediciones":"1","encuadernacion":"R\u00fastica","fecha_de_publicacion":"01\/06\/2017","novedad":"0","paginas":"265","subtitulo":"","orden":"0","portada":"0","idioma":"spa","editorial":[{"ID":148735,"post_author":"3","post_date":"2022-10-14 12:00:34","post_date_gmt":"2022-10-14 10:00:34","post_content":"","post_title":"RBA Integral","post_excerpt":"","post_status":"publish","comment_status":"closed","ping_status":"closed","post_password":"","post_name":"rba-integral","to_ping":"","pinged":"","post_modified":"2022-10-14 12:00:34","post_modified_gmt":"2022-10-14 10:00:34","post_content_filtered":"","post_parent":0,"guid":"http:\/\/dev.claret.cat\/editorial\/rba-integral\/","menu_order":0,"post_type":"editorial","post_mime_type":"","comment_count":"0","filter":"raw"}],"autores-libros":[{"ID":421835,"post_author":"3","post_date":"2023-05-16 07:06:32","post_date_gmt":"2023-05-16 05:06:32","post_content":"","post_title":"DENIS GINGRAS","post_excerpt":"","post_status":"publish","comment_status":"closed","ping_status":"closed","post_password":"","post_name":"denis-gingras","to_ping":"","pinged":"","post_modified":"2023-05-16 07:06:32","post_modified_gmt":"2023-05-16 05:06:32","post_content_filtered":"","post_parent":0,"guid":"https:\/\/www.claret.cat\/autor\/denis-gingras\/","menu_order":0,"post_type":"autor","post_mime_type":"","comment_count":"0","filter":"raw"},{"ID":428057,"post_author":"3","post_date":"2023-05-16 09:19:01","post_date_gmt":"2023-05-16 07:19:01","post_content":"","post_title":"RICHARD BELIVEAU","post_excerpt":"","post_status":"publish","comment_status":"closed","ping_status":"closed","post_password":"","post_name":"richard-beliveau","to_ping":"","pinged":"","post_modified":"2023-05-16 09:19:01","post_modified_gmt":"2023-05-16 07:19:01","post_content_filtered":"","post_parent":0,"guid":"https:\/\/www.claret.cat\/autor\/richard-beliveau\/","menu_order":0,"post_type":"autor","post_mime_type":"","comment_count":"0","filter":"raw"}],"booktrailer":"","resenas":""},"aioseo_notices":[],"_links":{"self":[{"href":"https:\/\/www.claret.cat\/es\/wp-json\/wp\/v2\/product\/207064","targetHints":{"allow":["GET"]}}],"collection":[{"href":"https:\/\/www.claret.cat\/es\/wp-json\/wp\/v2\/product"}],"about":[{"href":"https:\/\/www.claret.cat\/es\/wp-json\/wp\/v2\/types\/product"}],"wp:featuredmedia":[{"embeddable":true,"href":"https:\/\/www.claret.cat\/es\/wp-json\/wp\/v2\/media\/1087072"}],"wp:attachment":[{"href":"https:\/\/www.claret.cat\/es\/wp-json\/wp\/v2\/media?parent=207064"}],"wp:term":[{"taxonomy":"product_brand","embeddable":true,"href":"https:\/\/www.claret.cat\/es\/wp-json\/wp\/v2\/product_brand?post=207064"},{"taxonomy":"product_cat","embeddable":true,"href":"https:\/\/www.claret.cat\/es\/wp-json\/wp\/v2\/product_cat?post=207064"},{"taxonomy":"product_tag","embeddable":true,"href":"https:\/\/www.claret.cat\/es\/wp-json\/wp\/v2\/product_tag?post=207064"}],"curies":[{"name":"wp","href":"https:\/\/api.w.org\/{rel}","templated":true}]}}