{"id":207223,"date":"2022-10-20T10:55:58","date_gmt":"2022-10-20T08:55:58","guid":{"rendered":"http:\/\/dev.claret.cat\/producte\/cuaderno-de-ejercicios-de-comunicacion-no-verbal\/"},"modified":"2026-01-29T14:11:39","modified_gmt":"2026-01-29T13:11:39","slug":"cuaderno-de-ejercicios-de-comunicacion-no-verbal-9788416972098","status":"publish","type":"product","link":"https:\/\/www.claret.cat\/es\/libro\/cuaderno-de-ejercicios-de-comunicacion-no-verbal-9788416972098\/","title":{"rendered":"CUADERNO DE EJERCICIOS DE COMUNICACI\u00d3N NO VERBAL"},"content":{"rendered":"<p>Lo esencial de la comunicaci\u00f3n es no verbal: las palabras son s\u00f3lo la espuma de los mensajes, la parte visible del iceberg.<br \/> El lenguaje corporal se compone de gestos, expresiones faciales, cambios imperceptibles en la entonaci\u00f3n, las actitudes, todo un conjunto de par\u00e1metros que la mayor\u00eda de nosotros no domina, pero que dicen mucho m\u00e1s que las palabras habladas.<br \/> \u00bfTienes una idea de todos los tipos de comunicaci\u00f3n no verbal que enviamos o recibimos? \u00bfSabes los mensajes que emites?<br \/> Aprende en este peque\u00f1o cuaderno a decodificar estos mensajes y usarlos con prudencia.<br \/> Una mina de oro para decodificar todo lo que no te es contado.<br \/> &#8216;Hablo con mi cuerpo, y sin saberlo. Por eso siempre digo m\u00e1s de lo que s\u00e9. &#8216;,  Jacques Lacan.<\/p>\n","protected":false},"excerpt":{"rendered":"<p>RAS, PATRICE \/ AUGAGNEUR, JEAN<\/p>\n","protected":false},"featured_media":1079693,"template":"","meta":{"_acf_changed":false,"om_disable_all_campaigns":false,"rs_blank_template":"","rs_page_bg_color":"","slide_template_v7":"","inline_featured_image":false,"_monsterinsights_skip_tracking":false,"_monsterinsights_sitenote_active":false,"_monsterinsights_sitenote_note":"","_monsterinsights_sitenote_category":0},"product_brand":[],"product_cat":[81,347],"product_tag":[],"class_list":{"0":"post-207223","1":"product","2":"type-product","3":"status-publish","4":"has-post-thumbnail","6":"product_cat-psicologia","7":"product_cat-psicologia-2_humanidades","9":"first","10":"outofstock","11":"taxable","12":"shipping-taxable","13":"purchasable","14":"product-type-simple"},"acf":{"autor":"RAS, PATRICE \/ AUGAGNEUR, JEAN","codart":"841697209","libros-coleccion":"SUSHI BOOKS","ediciones":"1","encuadernacion":"R\u00fastica","fecha_de_publicacion":"01\/06\/2017","novedad":"0","paginas":"64","subtitulo":"","orden":"0","portada":"0","idioma":"spa","editorial":[{"ID":148867,"post_author":"3","post_date":"2022-10-14 12:01:36","post_date_gmt":"2022-10-14 10:01:36","post_content":"","post_title":"Terapias Verdes","post_excerpt":"","post_status":"publish","comment_status":"closed","ping_status":"closed","post_password":"","post_name":"terapias-verdes","to_ping":"","pinged":"","post_modified":"2022-10-14 12:01:36","post_modified_gmt":"2022-10-14 10:01:36","post_content_filtered":"","post_parent":0,"guid":"http:\/\/dev.claret.cat\/editorial\/terapias-verdes\/","menu_order":0,"post_type":"editorial","post_mime_type":"","comment_count":"0","filter":"raw"}],"autores-libros":[{"ID":166607,"post_author":"3","post_date":"2022-10-14 18:04:37","post_date_gmt":"2022-10-14 16:04:37","post_content":"","post_title":"PATRICE RAS","post_excerpt":"","post_status":"publish","comment_status":"closed","ping_status":"closed","post_password":"","post_name":"patrice-ras","to_ping":"","pinged":"","post_modified":"2022-10-14 18:04:37","post_modified_gmt":"2022-10-14 16:04:37","post_content_filtered":"","post_parent":0,"guid":"http:\/\/dev.claret.cat\/autor\/patrice-ras\/","menu_order":0,"post_type":"autor","post_mime_type":"","comment_count":"0","filter":"raw"},{"ID":158821,"post_author":"3","post_date":"2022-10-14 15:39:52","post_date_gmt":"2022-10-14 13:39:52","post_content":"","post_title":"JEAN AUGAGNEUR","post_excerpt":"","post_status":"publish","comment_status":"closed","ping_status":"closed","post_password":"","post_name":"jean-augagneur","to_ping":"","pinged":"","post_modified":"2022-10-14 15:39:52","post_modified_gmt":"2022-10-14 13:39:52","post_content_filtered":"","post_parent":0,"guid":"http:\/\/dev.claret.cat\/autor\/jean-augagneur\/","menu_order":0,"post_type":"autor","post_mime_type":"","comment_count":"0","filter":"raw"}],"booktrailer":"","resenas":""},"aioseo_notices":[],"_links":{"self":[{"href":"https:\/\/www.claret.cat\/es\/wp-json\/wp\/v2\/product\/207223","targetHints":{"allow":["GET"]}}],"collection":[{"href":"https:\/\/www.claret.cat\/es\/wp-json\/wp\/v2\/product"}],"about":[{"href":"https:\/\/www.claret.cat\/es\/wp-json\/wp\/v2\/types\/product"}],"wp:featuredmedia":[{"embeddable":true,"href":"https:\/\/www.claret.cat\/es\/wp-json\/wp\/v2\/media\/1079693"}],"wp:attachment":[{"href":"https:\/\/www.claret.cat\/es\/wp-json\/wp\/v2\/media?parent=207223"}],"wp:term":[{"taxonomy":"product_brand","embeddable":true,"href":"https:\/\/www.claret.cat\/es\/wp-json\/wp\/v2\/product_brand?post=207223"},{"taxonomy":"product_cat","embeddable":true,"href":"https:\/\/www.claret.cat\/es\/wp-json\/wp\/v2\/product_cat?post=207223"},{"taxonomy":"product_tag","embeddable":true,"href":"https:\/\/www.claret.cat\/es\/wp-json\/wp\/v2\/product_tag?post=207223"}],"curies":[{"name":"wp","href":"https:\/\/api.w.org\/{rel}","templated":true}]}}