{"id":207244,"date":"2022-10-20T10:56:20","date_gmt":"2022-10-20T08:56:20","guid":{"rendered":"http:\/\/dev.claret.cat\/producte\/menorca-5\/"},"modified":"2023-01-28T18:14:54","modified_gmt":"2023-01-28T17:14:54","slug":"menorca-9788484787754","status":"publish","type":"product","link":"https:\/\/www.claret.cat\/es\/libro\/menorca-9788484787754\/","title":{"rendered":"MENORCA"},"content":{"rendered":"<p>Todo el litoral menorqu\u00edn a trav\u00e9s de un exhaustivo recorrido en fotos a\u00e9reas. Excursiones e itinerarios en coche acompa\u00f1ados de una detallada cartograf\u00eda. Gu\u00eda pr\u00e1ctica de playas, arquitectura rural, historia, museos, arqueolog\u00eda, fiestas, restaurantes y alojamientos.<\/p>\n","protected":false},"excerpt":{"rendered":"<p>VVAA<\/p>\n","protected":false},"featured_media":207245,"template":"","meta":{"_acf_changed":false,"om_disable_all_campaigns":false,"rs_blank_template":"","rs_page_bg_color":"","slide_template_v7":"","inline_featured_image":false,"_monsterinsights_skip_tracking":false,"_monsterinsights_sitenote_active":false,"_monsterinsights_sitenote_note":"","_monsterinsights_sitenote_category":0},"product_brand":[],"product_cat":[107],"product_tag":[],"class_list":{"0":"post-207244","1":"product","2":"type-product","3":"status-publish","4":"has-post-thumbnail","6":"product_cat-guies-de-viatge","8":"first","9":"instock","10":"taxable","11":"shipping-taxable","12":"purchasable","13":"product-type-simple"},"acf":{"autor":"VVAA","codart":"848478775","libros-coleccion":"FORA DE COL.LECCI\u00d3","ediciones":"1","encuadernacion":"R\u00fastica","fecha_de_publicacion":"01\/06\/2017","novedad":"1","paginas":"160","subtitulo":"UN PASEO POR LA ISLA","orden":"0","portada":"0","idioma":"spa","editorial":[{"ID":148898,"post_author":"3","post_date":"2022-10-14 12:01:51","post_date_gmt":"2022-10-14 10:01:51","post_content":"","post_title":"TRIANGLE POSTALS","post_excerpt":"","post_status":"publish","comment_status":"closed","ping_status":"closed","post_password":"","post_name":"triangle-postals","to_ping":"","pinged":"","post_modified":"2022-10-14 12:01:51","post_modified_gmt":"2022-10-14 10:01:51","post_content_filtered":"","post_parent":0,"guid":"http:\/\/dev.claret.cat\/editorial\/triangle-postals\/","menu_order":0,"post_type":"editorial","post_mime_type":"","comment_count":"0","filter":"raw"}],"autores-libros":[{"ID":171204,"post_author":"3","post_date":"2022-10-14 22:41:30","post_date_gmt":"2022-10-14 20:41:30","post_content":"","post_title":"VVAA","post_excerpt":"","post_status":"publish","comment_status":"closed","ping_status":"closed","post_password":"","post_name":"vvaa","to_ping":"","pinged":"","post_modified":"2022-10-14 22:41:30","post_modified_gmt":"2022-10-14 20:41:30","post_content_filtered":"","post_parent":0,"guid":"http:\/\/dev.claret.cat\/autor\/vvaa\/","menu_order":0,"post_type":"autor","post_mime_type":"","comment_count":"0","filter":"raw"}]},"aioseo_notices":[],"_links":{"self":[{"href":"https:\/\/www.claret.cat\/es\/wp-json\/wp\/v2\/product\/207244","targetHints":{"allow":["GET"]}}],"collection":[{"href":"https:\/\/www.claret.cat\/es\/wp-json\/wp\/v2\/product"}],"about":[{"href":"https:\/\/www.claret.cat\/es\/wp-json\/wp\/v2\/types\/product"}],"wp:featuredmedia":[{"embeddable":true,"href":"https:\/\/www.claret.cat\/es\/wp-json\/wp\/v2\/media\/207245"}],"wp:attachment":[{"href":"https:\/\/www.claret.cat\/es\/wp-json\/wp\/v2\/media?parent=207244"}],"wp:term":[{"taxonomy":"product_brand","embeddable":true,"href":"https:\/\/www.claret.cat\/es\/wp-json\/wp\/v2\/product_brand?post=207244"},{"taxonomy":"product_cat","embeddable":true,"href":"https:\/\/www.claret.cat\/es\/wp-json\/wp\/v2\/product_cat?post=207244"},{"taxonomy":"product_tag","embeddable":true,"href":"https:\/\/www.claret.cat\/es\/wp-json\/wp\/v2\/product_tag?post=207244"}],"curies":[{"name":"wp","href":"https:\/\/api.w.org\/{rel}","templated":true}]}}