{"id":207343,"date":"2022-10-20T10:58:00","date_gmt":"2022-10-20T08:58:00","guid":{"rendered":"http:\/\/dev.claret.cat\/producte\/si-no-te-ries-es-mucho-peor-el-gran-libro-de-los-chistes\/"},"modified":"2023-01-28T10:37:20","modified_gmt":"2023-01-28T09:37:20","slug":"si-no-te-ries-es-mucho-peor-el-gran-libro-de-los-chistes-9788420486307","status":"publish","type":"product","link":"https:\/\/www.claret.cat\/es\/libro\/si-no-te-ries-es-mucho-peor-el-gran-libro-de-los-chistes-9788420486307\/","title":{"rendered":"SI NO TE R\u00cdES, ES MUCHO PEOR. EL GRAN LIBRO DE LOS CHISTES"},"content":{"rendered":"<p>Si no te r\u00edes, es mucho peor es la segunda parte de El gran libro de chistes, un volumen desternillante que contiene bromas,  juegos de palabras, trabalenguas y chistes, muchos chistes, que  interesar\u00e1n y proporcionar\u00e1n horas de diversi\u00f3n incluso a ni\u00f1os que nunca leen.-Sara, \u00bfme prestas tu champ\u00fa?<br \/>-Pero si t\u00fa tienes uno&#8230;<br \/>-Es que este dice \u00abpara cabello seco\u00bb, pero ya me lo he mojado.Si te has re\u00eddo, este libro debe ser tuyo, y si no, tambi\u00e9n. Lee hasta  que se te salten las l\u00e1grimas porque en el interior encontrar\u00e1s cientos  de chistes y seguro que muchos hacen que te partas de risa. \u00a1Convi\u00e9rtete  en la alegr\u00eda de la huerta con el libro de chistes que ha conquistado a los lectores del mundo entero!-\u00a1Toc, toc!<br \/>-\u00bfQui\u00e9n es?<br \/>-Talanda<br \/>-\u00bfQu\u00e9 Talanda?<br \/>-Bien, \u00bfy usted?<\/p>\n","protected":false},"excerpt":{"rendered":"<p>ROB ELLIOT<\/p>\n","protected":false},"featured_media":207344,"template":"","meta":{"_acf_changed":false,"om_disable_all_campaigns":false,"rs_blank_template":"","rs_page_bg_color":"","slide_template_v7":"","inline_featured_image":false,"_monsterinsights_skip_tracking":false,"_monsterinsights_sitenote_active":false,"_monsterinsights_sitenote_note":"","_monsterinsights_sitenote_category":0},"product_brand":[],"product_cat":[86],"product_tag":[],"class_list":{"0":"post-207343","1":"product","2":"type-product","3":"status-publish","4":"has-post-thumbnail","6":"product_cat-infantil","8":"first","9":"instock","10":"taxable","11":"shipping-taxable","12":"purchasable","13":"product-type-simple"},"acf":{"autor":"ROB ELLIOT","codart":"842048630","libros-coleccion":"NO FICCI\u00d3N JUVENIL","ediciones":"1","encuadernacion":"R\u00fastica","fecha_de_publicacion":"01\/06\/2017","novedad":"1","paginas":"125","subtitulo":"","orden":"0","portada":"0","idioma":"spa","editorial":[{"ID":6118,"post_author":"3","post_date":"2022-07-28 17:45:17","post_date_gmt":"2022-07-28 15:45:17","post_content":"","post_title":"ALFAGUARA","post_excerpt":"","post_status":"publish","comment_status":"closed","ping_status":"closed","post_password":"","post_name":"alfaguara","to_ping":"","pinged":"","post_modified":"2022-07-28 17:45:17","post_modified_gmt":"2022-07-28 15:45:17","post_content_filtered":"","post_parent":0,"guid":"http:\/\/dev.claret.cat\/editorial\/alfaguara\/","menu_order":0,"post_type":"editorial","post_mime_type":"","comment_count":"0","filter":"raw"}]},"aioseo_notices":[],"_links":{"self":[{"href":"https:\/\/www.claret.cat\/es\/wp-json\/wp\/v2\/product\/207343","targetHints":{"allow":["GET"]}}],"collection":[{"href":"https:\/\/www.claret.cat\/es\/wp-json\/wp\/v2\/product"}],"about":[{"href":"https:\/\/www.claret.cat\/es\/wp-json\/wp\/v2\/types\/product"}],"wp:featuredmedia":[{"embeddable":true,"href":"https:\/\/www.claret.cat\/es\/wp-json\/wp\/v2\/media\/207344"}],"wp:attachment":[{"href":"https:\/\/www.claret.cat\/es\/wp-json\/wp\/v2\/media?parent=207343"}],"wp:term":[{"taxonomy":"product_brand","embeddable":true,"href":"https:\/\/www.claret.cat\/es\/wp-json\/wp\/v2\/product_brand?post=207343"},{"taxonomy":"product_cat","embeddable":true,"href":"https:\/\/www.claret.cat\/es\/wp-json\/wp\/v2\/product_cat?post=207343"},{"taxonomy":"product_tag","embeddable":true,"href":"https:\/\/www.claret.cat\/es\/wp-json\/wp\/v2\/product_tag?post=207343"}],"curies":[{"name":"wp","href":"https:\/\/api.w.org\/{rel}","templated":true}]}}